{"id":1053,"date":"2025-09-23T15:07:03","date_gmt":"2025-09-23T07:07:03","guid":{"rendered":"https:\/\/dreammate.shop\/?page_id=1053"},"modified":"2025-09-23T15:07:03","modified_gmt":"2025-09-23T07:07:03","slug":"vergleichen","status":"publish","type":"page","link":"https:\/\/dreammate.shop\/de\/vergleichen\/","title":{"rendered":"Vergleichen"},"content":{"rendered":"<p class=\"wd-empty-compare wd-empty-page\">\n\t\t\tDie Vergleichsliste ist leer.\t\t<\/p>\n\t\t\t\t\t<div class=\"wd-empty-page-text\">\n\t\t\t\tEs wurden noch keine Produkte zur Vergleichsliste hinzugef\u00fcgt. Sie m\u00fcssen Produkte hinzuf\u00fcgen, um sie zu vergleichen. Auf unserer Shop-Seite finden Sie viele interessante Produkte.\t\t\t<\/div>\n\t\t\t\t<p class=\"return-to-shop\">\n\t\t\t<a class=\"button\" href=\"https:\/\/dreammate.shop\/de\/geschaft\/\">\n\t\t\t\tZur\u00fcck zum Shop\t\t\t<\/a>\n\t\t<\/p>","protected":false},"excerpt":{"rendered":"","protected":false},"author":1,"featured_media":0,"parent":0,"menu_order":0,"comment_status":"closed","ping_status":"closed","template":"","meta":{"_seopress_robots_primary_cat":"","_seopress_titles_title":"","_seopress_titles_desc":"","_seopress_robots_index":"","footnotes":""},"class_list":["post-1053","page","type-page","status-publish"],"_links":{"self":[{"href":"https:\/\/dreammate.shop\/de\/wp-json\/wp\/v2\/pages\/1053","targetHints":{"allow":["GET"]}}],"collection":[{"href":"https:\/\/dreammate.shop\/de\/wp-json\/wp\/v2\/pages"}],"about":[{"href":"https:\/\/dreammate.shop\/de\/wp-json\/wp\/v2\/types\/page"}],"author":[{"embeddable":true,"href":"https:\/\/dreammate.shop\/de\/wp-json\/wp\/v2\/users\/1"}],"replies":[{"embeddable":true,"href":"https:\/\/dreammate.shop\/de\/wp-json\/wp\/v2\/comments?post=1053"}],"version-history":[{"count":1,"href":"https:\/\/dreammate.shop\/de\/wp-json\/wp\/v2\/pages\/1053\/revisions"}],"predecessor-version":[{"id":1054,"href":"https:\/\/dreammate.shop\/de\/wp-json\/wp\/v2\/pages\/1053\/revisions\/1054"}],"wp:attachment":[{"href":"https:\/\/dreammate.shop\/de\/wp-json\/wp\/v2\/media?parent=1053"}],"curies":[{"name":"wp","href":"https:\/\/api.w.org\/{rel}","templated":true}]}}