{"id":1358,"date":"2025-09-25T20:11:01","date_gmt":"2025-09-25T12:11:01","guid":{"rendered":"https:\/\/dreammate.shop\/?page_id=1358"},"modified":"2025-09-27T09:58:00","modified_gmt":"2025-09-27T01:58:00","slug":"dreammate-wartungsanleitung","status":"publish","type":"page","link":"https:\/\/dreammate.shop\/de\/dreammate-wartungsanleitung\/","title":{"rendered":"DreamMate Produktwartungshandbuch"},"content":{"rendered":"<h2>Pflegehinweise f\u00fcr Puppen<\/h2>\n<ol>\n<li>Der Puppenk\u00f6rper ist mit verschiedenen Gelenken ausgestattet, sodass die Puppe innerhalb eines gewissen Rahmens in unterschiedlichen Positionen gebracht werden kann. Da die Puppe jedoch von Natur aus aufrecht steht, sollte sie nicht \u00fcber l\u00e4ngere Zeit in einer aufrechten oder stark gebogenen Position gehalten werden, um Verformungen oder Besch\u00e4digungen zu vermeiden.<\/li>\n<li>Wenn die Puppe staubig oder schmutzig ist, reinigen Sie sie mit einem handels\u00fcblichen Reinigungsmittel (z. B. Waschmittel oder Duschgel). Vermeiden Sie Kratzer auf der Oberfl\u00e4che der Puppe. Lassen Sie sie nach der Reinigung an der Luft trocknen. Tragen Sie das beiliegende Schutzpuder gleichm\u00e4\u00dfig auf die Oberfl\u00e4che der Puppe auf, um sie glatt und zart zu halten.<\/li>\n<li>Die Puppe sollte alle 10\u201320 Tage gebadet werden. Nach dem Baden Schutzpuder auftragen, um \u00d6laustritt und Risse zu vermeiden. L\u00e4ngeres Dr\u00fccken auf eine Seite kann Dellen hinterlassen. Legen Sie die Puppe mit der gedr\u00fcckten Seite nach oben. Die Dellen verschwinden nach einigen Tagen von selbst.<\/li>\n<li>Setzen Sie Ihre Puppe nicht \u00fcber l\u00e4ngere Zeit direktem Sonnenlicht aus. Bewahren Sie sie am besten an einem trockenen, k\u00fchlen und sauberen Ort bei einer Temperatur zwischen 5 \u00b0C und 35 \u00b0C auf. Vermeiden Sie extreme Temperaturen. Bei zu niedrigen Temperaturen k\u00f6nnen Sie die Puppe in eine Heizdecke wickeln, da das Material hitzebest\u00e4ndig ist. Achten Sie jedoch auf die Temperatur und die Dauer der W\u00e4rmeanwendung. Legen Sie keine schweren Gegenst\u00e4nde auf die Puppe. Lagern Sie die Puppe flach und au\u00dferhalb der Reichweite von Kindern.<\/li>\n<\/ol>\n<p>&nbsp;<\/p>\n<h2><strong>Puppenreinigungsmethode<\/strong><\/h2>\n<ol>\n<li>Erste Reinigung: Mit klarem Wasser absp\u00fclen, um oberfl\u00e4chlichen Schmutz zu entfernen. Hinweis: Verwenden Sie nur kaltes Wasser oder Wasser mit einer Temperatur \u00fcber 38 \u00b0C (104 \u00b0F), um die Lebensdauer und Elastizit\u00e4t des Produkts nicht zu beeintr\u00e4chtigen.<\/li>\n<li>Tiefenreinigung: Nach dem Absp\u00fclen mit klarem Wasser Duschgel oder Handseife auf die Oberfl\u00e4che der Puppe auftragen, gleichm\u00e4\u00dfig einreiben und anschlie\u00dfend gr\u00fcndlich absp\u00fclen.<\/li>\n<li>Abwischen und Trocknen: Verwenden Sie ein trockenes Tuch, um eventuelle Wasserflecken auf der Oberfl\u00e4che der Puppe zu entfernen und sie anschlie\u00dfend gr\u00fcndlich abzutrocknen.<\/li>\n<li>Talkumpuder auftragen: Nach dem Reinigen und Trocknen der Puppe diese rundum mit Talkumpuder einpudern.<\/li>\n<\/ol>\n<p>&nbsp;<\/p>\n<h2><strong>Vorsichtsma\u00dfnahmen<\/strong><\/h2>\n<ol>\n<li>Langes Anwinkeln der Gliedma\u00dfen vermeiden, aufrecht sitzen und alle anderen als die werkseitig voreingestellten Positionen einnehmen. Stehger\u00e4te d\u00fcrfen nicht im Stehen verwendet werden. Falls Sie ein Stehger\u00e4t ben\u00f6tigen, kontaktieren Sie bitte unseren Kundenservice f\u00fcr eine individuelle Anpassung. Alle Modelle sind standardm\u00e4\u00dfig f\u00fcr den station\u00e4ren Gebrauch ausgelegt.<\/li>\n<li>Die Beine d\u00fcrfen nicht um 180 Grad gespreizt sein, und die Arme d\u00fcrfen nicht nach oben gestreckt werden. Bei Produkten, die nicht stehen k\u00f6nnen, kann das Beinskelett durch die Haut dr\u00fccken und sichtbar werden. Nach Gebrauch sollte die Puppe daher schnellstm\u00f6glich in eine geeignete Position gebracht werden. (Aufgrund der speziellen Formgebung der Produkte ist f\u00fcr die manuelle Messung der Puppengr\u00f6\u00dfe eine Messung von Beinspitze zu Beinspitze bei gestreckten Beinen erforderlich. Bitte beachten Sie die Messanleitung des Gesch\u00e4fts.)<\/li>\n<li>Aufgrund der Materialbeschaffenheit f\u00e4rbt es leicht ab, daher sollten Sie keine dunkle Kleidung tragen. Das F\u00e4rbemittel kann helle Verf\u00e4rbungen beheben, gro\u00dffl\u00e4chige Verf\u00e4rbungen lassen sich jedoch nur schwer vollst\u00e4ndig entfernen.<\/li>\n<li>Sp\u00fclen Sie die Vagina nicht unter flie\u00dfendem Wasser ab. Reinigen Sie keine gro\u00dfen Hautpartien. Falls sich Schmutz im Gesicht befindet, wischen Sie ihn mit einem Wattest\u00e4bchen ab. Entfernen Sie Make-up-\u00d6l vorsichtig.<\/li>\n<li>Da die f\u00fcr verschiedene H\u00f6hen verwendeten Formen unterschiedlich sind, k\u00f6nnen die Formteile nach au\u00dfen gerichtete Formtrennlinien aufweisen, was ein normales Ph\u00e4nomen ist. Daher kann es bei der Fertigung einzelner Teile zu Abweichungen kommen. Ma\u00dfgeblich ist das tats\u00e4chliche Produkt.<\/li>\n<li>Da die Fu\u00dfsohlen von Vollk\u00f6rperpuppen relativ speziell sind, haben zur Vermeidung von Besch\u00e4digungen an den Zehen der Puppe nur die gro\u00dfen Zehen der aktuellen Vollk\u00f6rperpuppen Zehenn\u00e4gel.<\/li>\n<li>Ber\u00fchren Sie die Haut nicht mit Messern oder anderen scharfen Gegenst\u00e4nden, um Schnittverletzungen zu vermeiden. Nicht ins Feuer werfen. Von Feuerquellen fernhalten. Dieses Material ist entz\u00fcndlich.<\/li>\n<li>Verwenden Sie zur Desinfektion und Reinigung keine Desinfektionsmittel, Alkohol oder andere stark reizende Fl\u00fcssigkeiten. Personen mit empfindlicher Haut sollten vor der Anwendung Materialtests mit diesem Produkt und verschiedenen anderen Materialien durchf\u00fchren.<\/li>\n<li>Zum Aufbewahren aufrecht hinstellen. Falls die Augen unterschiedlich gro\u00df erscheinen, k\u00f6nnen Sie die Aug\u00e4pfel manuell anpassen (etwas hineindr\u00fccken, um sie zu verkleinern, etwas herausziehen, um sie zu vergr\u00f6\u00dfern). Beim Kauf einer einzelnen Per\u00fccke empfehlen wir, wei\u00dfe Unterziehnetze mitzubestellen. Geschenk \u2013 Per\u00fccken sind nur in begrenzter St\u00fcckzahl erh\u00e4ltlich. Wird die Mindestbestellmenge erreicht, k\u00f6nnen Per\u00fccken als personalisierte Geschenke verschenkt werden. Die Lieferzeit kann nach der Personalisierung variieren.<\/li>\n<\/ol>\n<p>&nbsp;<\/p>\n<h2><strong>Reparaturmethoden f\u00fcr Sch\u00e4den<\/strong><\/h2>\n<p>Bei kleinen Besch\u00e4digungen an der Oberfl\u00e4che Ihrer Puppe k\u00f6nnen Sie den mitgelieferten Kleber verwenden. Reinigen Sie zun\u00e4chst die besch\u00e4digte Stelle, bringen Sie den Kleber an der besch\u00e4digten Stelle wieder an seinen urspr\u00fcnglichen Platz und tragen Sie dann gleichm\u00e4\u00dfig eine Schicht Kleber auf. Dieser trocknet in etwa einer halben Stunde. Falls Sie nicht wissen, wie Sie die Reparatur durchf\u00fchren, oder weitere Fragen haben, beantragen Sie bitte keine R\u00fcckerstattung. Kontaktieren Sie uns stattdessen mit einem aussagekr\u00e4ftigen Video. Wir werden Ihnen dann eine individuelle L\u00f6sung f\u00fcr Ihre Puppe anbieten.<\/p>\n<p>&nbsp;<\/p>\n<h2><strong>Puppenreinigung<\/strong><\/h2>\n<p>Die Temperatur sollte unter 40 Grad Celsius liegen. Duschgel, Seife und Waschmittel eignen sich zur Reinigung. Wischen Sie den Kopf w\u00e4hrend der Reinigung am besten mit einem feuchten Tuch ab. Das Halsgelenk darf nicht nass werden, da es sonst leicht rosten kann, was die Funktion und das Aussehen beeintr\u00e4chtigt. Der Bereich unterhalb des Halses kann direkt in der Badewanne gereinigt werden. Vaginal- und Analbereich k\u00f6nnen wiederholt mit dem mitgelieferten Reiniger gereinigt werden. Es ist verboten, die Vagina direkt mit flie\u00dfendem Wasser auszusp\u00fclen. Tief in der Vagina befindet sich eine wasserdichte Kugel, die mit Klebstoff an einer Schraube befestigt ist. Zu h\u00e4ufiges Sp\u00fclen kann dazu f\u00fchren, dass sie sich l\u00f6st. Sollte sie sich l\u00f6sen, trocknen Sie die Vagina und befestigen Sie die Kugel wieder.<\/p>\n<p>&nbsp;<\/p>","protected":false},"excerpt":{"rendered":"<p>Doll care instructions The doll&#8217;s body is equipped with various joints, allowing it to be posed in a variety of<\/p>","protected":false},"author":1,"featured_media":0,"parent":0,"menu_order":0,"comment_status":"closed","ping_status":"closed","template":"","meta":{"_seopress_robots_primary_cat":"","_seopress_titles_title":"","_seopress_titles_desc":"","_seopress_robots_index":"","footnotes":""},"class_list":["post-1358","page","type-page","status-publish"],"_links":{"self":[{"href":"https:\/\/dreammate.shop\/de\/wp-json\/wp\/v2\/pages\/1358","targetHints":{"allow":["GET"]}}],"collection":[{"href":"https:\/\/dreammate.shop\/de\/wp-json\/wp\/v2\/pages"}],"about":[{"href":"https:\/\/dreammate.shop\/de\/wp-json\/wp\/v2\/types\/page"}],"author":[{"embeddable":true,"href":"https:\/\/dreammate.shop\/de\/wp-json\/wp\/v2\/users\/1"}],"replies":[{"embeddable":true,"href":"https:\/\/dreammate.shop\/de\/wp-json\/wp\/v2\/comments?post=1358"}],"version-history":[{"count":4,"href":"https:\/\/dreammate.shop\/de\/wp-json\/wp\/v2\/pages\/1358\/revisions"}],"predecessor-version":[{"id":1516,"href":"https:\/\/dreammate.shop\/de\/wp-json\/wp\/v2\/pages\/1358\/revisions\/1516"}],"wp:attachment":[{"href":"https:\/\/dreammate.shop\/de\/wp-json\/wp\/v2\/media?parent=1358"}],"curies":[{"name":"wp","href":"https:\/\/api.w.org\/{rel}","templated":true}]}}