{"id":14,"date":"2025-09-11T09:30:39","date_gmt":"2025-09-11T09:30:39","guid":{"rendered":"https:\/\/dreammate.shop\/about-us\/"},"modified":"2025-10-10T17:32:01","modified_gmt":"2025-10-10T09:32:01","slug":"uber-uns","status":"publish","type":"page","link":"https:\/\/dreammate.shop\/de\/uber-uns\/","title":{"rendered":"\u00dcber uns"},"content":{"rendered":"<div data-elementor-type=\"wp-page\" data-elementor-id=\"14\" class=\"elementor elementor-14\">\n\t\t\t\t<div class=\"wd-negative-gap elementor-element elementor-element-83b8669 e-flex e-con-boxed e-con e-parent\" data-id=\"83b8669\" data-element_type=\"container\" data-e-type=\"container\">\n\t\t\t\t\t<div class=\"e-con-inner\">\n\t\t\t\t<div class=\"elementor-element elementor-element-e959b59 elementor-widget elementor-widget-wd_image_or_svg\" data-id=\"e959b59\" data-element_type=\"widget\" data-e-type=\"widget\" data-widget_type=\"wd_image_or_svg.default\">\n\t\t\t\t<div class=\"elementor-widget-container\">\n\t\t\t\t\t\n\t\t<div class=\"wd-image text-left\">\n\t\t\t\t\t\t\t\t<img fetchpriority=\"high\" decoding=\"async\" width=\"1920\" height=\"1440\" src=\"https:\/\/dreammate.shop\/wp-content\/uploads\/2025\/10\/about3.jpg\" class=\"attachment-full size-full\" alt=\"\u00dcber uns\" srcset=\"https:\/\/dreammate.shop\/wp-content\/uploads\/2025\/10\/about3.jpg 1920w, https:\/\/dreammate.shop\/wp-content\/uploads\/2025\/10\/about3-300x225.jpg 300w, https:\/\/dreammate.shop\/wp-content\/uploads\/2025\/10\/about3-1024x768.jpg 1024w, https:\/\/dreammate.shop\/wp-content\/uploads\/2025\/10\/about3-768x576.jpg 768w, https:\/\/dreammate.shop\/wp-content\/uploads\/2025\/10\/about3-1536x1152.jpg 1536w, https:\/\/dreammate.shop\/wp-content\/uploads\/2025\/10\/about3-16x12.jpg 16w, https:\/\/dreammate.shop\/wp-content\/uploads\/2025\/10\/about3-600x450.jpg 600w, https:\/\/dreammate.shop\/wp-content\/uploads\/2025\/10\/about3-100x75.jpg 100w\" sizes=\"(max-width: 1920px) 100vw, 1920px\" \/>\t\t\t\t\t<\/div>\n\n\t\t\t\t\t\t<\/div>\n\t\t\t\t<\/div>\n\t\t\t\t\t<\/div>\n\t\t\t\t<\/div>\n\t\t<div class=\"wd-negative-gap elementor-element elementor-element-26e926f e-flex e-con-boxed e-con e-parent\" data-id=\"26e926f\" data-element_type=\"container\" data-e-type=\"container\">\n\t\t\t\t\t<div class=\"e-con-inner\">\n\t\t\t\t<div class=\"elementor-element elementor-element-ef2f0a0 elementor-widget elementor-widget-heading\" data-id=\"ef2f0a0\" data-element_type=\"widget\" data-e-type=\"widget\" data-widget_type=\"heading.default\">\n\t\t\t\t\t<h2 class=\"elementor-heading-title elementor-size-default\">Willkommen bei DreamMate<\/h2>\t\t\t\t<\/div>\n\t\t\t\t<div class=\"elementor-element elementor-element-f5e978f elementor-widget elementor-widget-wd_text_block\" data-id=\"f5e978f\" data-element_type=\"widget\" data-e-type=\"widget\" data-widget_type=\"wd_text_block.default\">\n\t\t\t\t<div class=\"elementor-widget-container\">\n\t\t\t\t\t\t\t<div class=\"wd-text-block reset-last-child text-center\">\n\t\t\t\n\t\t\t<p style=\"text-align: left;\">Willkommen bei DreamMate, einem f\u00fchrenden Hersteller und globalen Anbieter hochwertiger, individuell gefertigter Silikonpuppen. Wir haben uns auf die Herstellung \u00e4u\u00dferst realistischer, kunstvoll gestalteter Begleiter f\u00fcr erwachsene Sammler und Liebhaber weltweit spezialisiert.<\/p><p style=\"text-align: left;\">Im Mittelpunkt unserer Mission steht das Bekenntnis zu au\u00dfergew\u00f6hnlicher Handwerkskunst, Innovation und tiefem Respekt f\u00fcr die individuellen W\u00fcnsche unserer Kunden. Wir gew\u00e4hrleisten ein naturgetreues Gef\u00fchl, dauerhafte Haltbarkeit und ein sicheres, hypoallergenes Erlebnis.<\/p><p style=\"text-align: left;\">Was uns wirklich auszeichnet, ist unsere Leidenschaft f\u00fcr Personalisierung. Wir wissen, dass jede Verbindung einzigartig ist. Deshalb bieten wir Ihnen einen umfassenden Individualisierungsprozess, mit dem Sie Ihren perfekten Begleiter gestalten k\u00f6nnen. Von Gesichtsz\u00fcgen, Augenfarbe und Hautton bis hin zu K\u00f6rpertyp, Make-up und unz\u00e4hligen weiteren Details \u2013 Sie entscheiden, wie Sie Ihre Vision verwirklichen.<\/p>\n\t\t\t\t\t<\/div>\n\t\t\t\t\t\t<\/div>\n\t\t\t\t<\/div>\n\t\t\t\t\t<\/div>\n\t\t\t\t<\/div>\n\t\t<div class=\"wd-negative-gap elementor-element elementor-element-5e15cb6 e-flex e-con-boxed e-con e-parent\" data-id=\"5e15cb6\" data-element_type=\"container\" data-e-type=\"container\">\n\t\t\t\t\t<div class=\"e-con-inner\">\n\t\t<div class=\"elementor-element elementor-element-a65f4cd e-con-full e-flex e-con e-child\" data-id=\"a65f4cd\" data-element_type=\"container\" data-e-type=\"container\">\n\t\t\t\t<div class=\"elementor-element elementor-element-a8a4e55 elementor-widget elementor-widget-wd_image_or_svg\" data-id=\"a8a4e55\" data-element_type=\"widget\" data-e-type=\"widget\" data-widget_type=\"wd_image_or_svg.default\">\n\t\t\t\t<div class=\"elementor-widget-container\">\n\t\t\t\t\t\n\t\t<div class=\"wd-image text-left\">\n\t\t\t\t\t\t\t\t<img decoding=\"async\" width=\"800\" height=\"533\" src=\"https:\/\/dreammate.shop\/wp-content\/uploads\/2025\/09\/About-us-1.jpg\" class=\"attachment-full size-full\" alt=\"\u00dcber Dreammate\" srcset=\"https:\/\/dreammate.shop\/wp-content\/uploads\/2025\/09\/About-us-1.jpg 800w, https:\/\/dreammate.shop\/wp-content\/uploads\/2025\/09\/About-us-1-100x67.jpg 100w, https:\/\/dreammate.shop\/wp-content\/uploads\/2025\/09\/About-us-1-600x400.jpg 600w, https:\/\/dreammate.shop\/wp-content\/uploads\/2025\/09\/About-us-1-300x200.jpg 300w, https:\/\/dreammate.shop\/wp-content\/uploads\/2025\/09\/About-us-1-768x512.jpg 768w\" sizes=\"(max-width: 800px) 100vw, 800px\" \/>\t\t\t\t\t<\/div>\n\n\t\t\t\t\t\t<\/div>\n\t\t\t\t<\/div>\n\t\t\t\t<\/div>\n\t\t<div class=\"elementor-element elementor-element-0bcc09e e-con-full e-flex e-con e-child\" data-id=\"0bcc09e\" data-element_type=\"container\" data-e-type=\"container\">\n\t\t\t\t<div class=\"elementor-element elementor-element-8d9c66b elementor-widget elementor-widget-heading\" data-id=\"8d9c66b\" data-element_type=\"widget\" data-e-type=\"widget\" data-widget_type=\"heading.default\">\n\t\t\t\t\t<h2 class=\"elementor-heading-title elementor-size-default\">\u00dcberragende Handwerkskunst und Realismus<\/h2>\t\t\t\t<\/div>\n\t\t\t\t<div class=\"elementor-element elementor-element-8be194e elementor-widget elementor-widget-wd_text_block\" data-id=\"8be194e\" data-element_type=\"widget\" data-e-type=\"widget\" data-widget_type=\"wd_text_block.default\">\n\t\t\t\t<div class=\"elementor-widget-container\">\n\t\t\t\t\t\t\t<div class=\"wd-text-block reset-last-child text-left\">\n\t\t\t\n\t\t\t<p>Im Mittelpunkt jeder DreamMate-Kreation steht unser unersch\u00fctterliches Engagement f\u00fcr unvergleichlichen Realismus und h\u00f6chste Qualit\u00e4t. Jede Puppe wird von erfahrenen K\u00fcnstlern in sorgf\u00e4ltiger Handarbeit modelliert und aus hochwertigem, medizinischem Platinsilikon gefertigt. Dieses Material garantiert eine unglaublich lebensechte Hautstruktur, au\u00dfergew\u00f6hnliche Haltbarkeit und ein sicheres, hypoallergenes Tragegef\u00fchl. Unsere Liebe zum Detail erstreckt sich auf jeden Aspekt: von der filigranen Darstellung von Adern und Sommersprossen bis hin zur komplexen Beweglichkeit des voll beweglichen Metallskeletts, das nat\u00fcrliche und dynamische Posen erm\u00f6glicht.<\/p>\n\t\t\t\t\t<\/div>\n\t\t\t\t\t\t<\/div>\n\t\t\t\t<\/div>\n\t\t\t\t<\/div>\n\t\t\t\t\t<\/div>\n\t\t\t\t<\/div>\n\t\t<div class=\"wd-negative-gap elementor-element elementor-element-7d1484b e-flex e-con-boxed e-con e-parent\" data-id=\"7d1484b\" data-element_type=\"container\" data-e-type=\"container\">\n\t\t\t\t\t<div class=\"e-con-inner\">\n\t\t<div class=\"elementor-element elementor-element-3fe3169 e-con-full e-flex e-con e-child\" data-id=\"3fe3169\" data-element_type=\"container\" data-e-type=\"container\">\n\t\t\t\t<div class=\"elementor-element elementor-element-e425754 elementor-widget elementor-widget-wd_image_or_svg\" data-id=\"e425754\" data-element_type=\"widget\" data-e-type=\"widget\" data-widget_type=\"wd_image_or_svg.default\">\n\t\t\t\t<div class=\"elementor-widget-container\">\n\t\t\t\t\t\n\t\t<div class=\"wd-image text-left\">\n\t\t\t\t\t\t\t\t<img decoding=\"async\" width=\"800\" height=\"533\" src=\"https:\/\/dreammate.shop\/wp-content\/uploads\/2025\/09\/Workshop-3.jpg\" class=\"attachment-full size-full\" alt=\"\" srcset=\"https:\/\/dreammate.shop\/wp-content\/uploads\/2025\/09\/Workshop-3.jpg 800w, https:\/\/dreammate.shop\/wp-content\/uploads\/2025\/09\/Workshop-3-100x67.jpg 100w, https:\/\/dreammate.shop\/wp-content\/uploads\/2025\/09\/Workshop-3-600x400.jpg 600w, https:\/\/dreammate.shop\/wp-content\/uploads\/2025\/09\/Workshop-3-300x200.jpg 300w, https:\/\/dreammate.shop\/wp-content\/uploads\/2025\/09\/Workshop-3-768x512.jpg 768w\" sizes=\"(max-width: 800px) 100vw, 800px\" \/>\t\t\t\t\t<\/div>\n\n\t\t\t\t\t\t<\/div>\n\t\t\t\t<\/div>\n\t\t\t\t<\/div>\n\t\t<div class=\"elementor-element elementor-element-a5f27cf e-con-full e-flex e-con e-child\" data-id=\"a5f27cf\" data-element_type=\"container\" data-e-type=\"container\">\n\t\t\t\t<div class=\"elementor-element elementor-element-23758ec elementor-widget elementor-widget-heading\" data-id=\"23758ec\" data-element_type=\"widget\" data-e-type=\"widget\" data-widget_type=\"heading.default\">\n\t\t\t\t\t<h2 class=\"elementor-heading-title elementor-size-default\">Technologie &amp; Innovation<\/h2>\t\t\t\t<\/div>\n\t\t\t\t<div class=\"elementor-element elementor-element-3416896 elementor-widget elementor-widget-wd_text_block\" data-id=\"3416896\" data-element_type=\"widget\" data-e-type=\"widget\" data-widget_type=\"wd_text_block.default\">\n\t\t\t\t<div class=\"elementor-widget-container\">\n\t\t\t\t\t\t\t<div class=\"wd-text-block reset-last-child text-left\">\n\t\t\t\n\t\t\t<p>DreamMate setzt auf Spitzentechnologie, um seine Produkte kontinuierlich zu verbessern. Mithilfe fortschrittlicher 3D-Modellierung und -Scanning erreichen wir eine beispiellose anatomische Genauigkeit. Unser Forschungs- und Entwicklungsteam erforscht st\u00e4ndig neue Materialien und technische L\u00f6sungen, um Gewichtsverteilung, Haptik und Funktionalit\u00e4t zu optimieren und sicherzustellen, dass jede DreamMate-Puppe branchenf\u00fchrend ist.<\/p>\n\t\t\t\t\t<\/div>\n\t\t\t\t\t\t<\/div>\n\t\t\t\t<\/div>\n\t\t\t\t<\/div>\n\t\t\t\t\t<\/div>\n\t\t\t\t<\/div>\n\t\t<div class=\"wd-negative-gap elementor-element elementor-element-3539047 e-flex e-con-boxed e-con e-parent\" data-id=\"3539047\" data-element_type=\"container\" data-e-type=\"container\">\n\t\t\t\t\t<div class=\"e-con-inner\">\n\t\t<div class=\"elementor-element elementor-element-6aa72e1 e-con-full e-flex e-con e-child\" data-id=\"6aa72e1\" data-element_type=\"container\" data-e-type=\"container\">\n\t\t\t\t<div class=\"elementor-element elementor-element-e522a77 elementor-widget elementor-widget-wd_image_or_svg\" data-id=\"e522a77\" data-element_type=\"widget\" data-e-type=\"widget\" data-widget_type=\"wd_image_or_svg.default\">\n\t\t\t\t<div class=\"elementor-widget-container\">\n\t\t\t\t\t\n\t\t<div class=\"wd-image text-left\">\n\t\t\t\t\t\t\t\t<img loading=\"lazy\" decoding=\"async\" width=\"800\" height=\"533\" src=\"https:\/\/dreammate.shop\/wp-content\/uploads\/2025\/09\/About-us-2.jpg\" class=\"attachment-full size-full\" alt=\"\u00dcber Dreammate\" srcset=\"https:\/\/dreammate.shop\/wp-content\/uploads\/2025\/09\/About-us-2.jpg 800w, https:\/\/dreammate.shop\/wp-content\/uploads\/2025\/09\/About-us-2-100x67.jpg 100w, https:\/\/dreammate.shop\/wp-content\/uploads\/2025\/09\/About-us-2-600x400.jpg 600w, https:\/\/dreammate.shop\/wp-content\/uploads\/2025\/09\/About-us-2-300x200.jpg 300w, https:\/\/dreammate.shop\/wp-content\/uploads\/2025\/09\/About-us-2-768x512.jpg 768w\" sizes=\"(max-width: 800px) 100vw, 800px\" \/>\t\t\t\t\t<\/div>\n\n\t\t\t\t\t\t<\/div>\n\t\t\t\t<\/div>\n\t\t\t\t<\/div>\n\t\t<div class=\"elementor-element elementor-element-394bcb6 e-con-full e-flex e-con e-child\" data-id=\"394bcb6\" data-element_type=\"container\" data-e-type=\"container\">\n\t\t\t\t<div class=\"elementor-element elementor-element-a77994f elementor-widget elementor-widget-heading\" data-id=\"a77994f\" data-element_type=\"widget\" data-e-type=\"widget\" data-widget_type=\"heading.default\">\n\t\t\t\t\t<h2 class=\"elementor-heading-title elementor-size-default\">Personalisierungsdienst<\/h2>\t\t\t\t<\/div>\n\t\t\t\t<div class=\"elementor-element elementor-element-7f889bc elementor-widget elementor-widget-wd_text_block\" data-id=\"7f889bc\" data-element_type=\"widget\" data-e-type=\"widget\" data-widget_type=\"wd_text_block.default\">\n\t\t\t\t<div class=\"elementor-widget-container\">\n\t\t\t\t\t\t\t<div class=\"wd-text-block reset-last-child text-left\">\n\t\t\t\n\t\t\t<p>Qualit\u00e4t und Kundensicherheit haben f\u00fcr uns h\u00f6chste Priorit\u00e4t. Unser Produktionsprozess umfasst mehrere Qualit\u00e4tskontrollpunkte, von der Rohmaterialpr\u00fcfung bis zur Endverpackung, um sicherzustellen, dass jede gelieferte Puppe makellos und langlebig ist.<\/p>\n\t\t\t\t\t<\/div>\n\t\t\t\t\t\t<\/div>\n\t\t\t\t<\/div>\n\t\t\t\t<\/div>\n\t\t\t\t\t<\/div>\n\t\t\t\t<\/div>\n\t\t<div class=\"wd-negative-gap elementor-element elementor-element-39e400f e-flex e-con-boxed e-con e-parent\" data-id=\"39e400f\" data-element_type=\"container\" data-e-type=\"container\">\n\t\t\t\t\t<div class=\"e-con-inner\">\n\t\t<div class=\"elementor-element elementor-element-0032dd6 e-con-full e-flex e-con e-child\" data-id=\"0032dd6\" data-element_type=\"container\" data-e-type=\"container\">\n\t\t\t\t<div class=\"elementor-element elementor-element-f816158 elementor-widget elementor-widget-wd_image_or_svg\" data-id=\"f816158\" data-element_type=\"widget\" data-e-type=\"widget\" data-widget_type=\"wd_image_or_svg.default\">\n\t\t\t\t<div class=\"elementor-widget-container\">\n\t\t\t\t\t\n\t\t<div class=\"wd-image text-left\">\n\t\t\t\t\t\t\t\t<img loading=\"lazy\" decoding=\"async\" width=\"800\" height=\"533\" src=\"https:\/\/dreammate.shop\/wp-content\/uploads\/2025\/09\/Workshop-7.jpg\" class=\"attachment-full size-full\" alt=\"\" srcset=\"https:\/\/dreammate.shop\/wp-content\/uploads\/2025\/09\/Workshop-7.jpg 800w, https:\/\/dreammate.shop\/wp-content\/uploads\/2025\/09\/Workshop-7-100x67.jpg 100w, https:\/\/dreammate.shop\/wp-content\/uploads\/2025\/09\/Workshop-7-600x400.jpg 600w, https:\/\/dreammate.shop\/wp-content\/uploads\/2025\/09\/Workshop-7-300x200.jpg 300w, https:\/\/dreammate.shop\/wp-content\/uploads\/2025\/09\/Workshop-7-768x512.jpg 768w\" sizes=\"(max-width: 800px) 100vw, 800px\" \/>\t\t\t\t\t<\/div>\n\n\t\t\t\t\t\t<\/div>\n\t\t\t\t<\/div>\n\t\t\t\t<\/div>\n\t\t<div class=\"elementor-element elementor-element-d43dd85 e-con-full e-flex e-con e-child\" data-id=\"d43dd85\" data-element_type=\"container\" data-e-type=\"container\">\n\t\t\t\t<div class=\"elementor-element elementor-element-084e264 elementor-widget elementor-widget-heading\" data-id=\"084e264\" data-element_type=\"widget\" data-e-type=\"widget\" data-widget_type=\"heading.default\">\n\t\t\t\t\t<h2 class=\"elementor-heading-title elementor-size-default\">Qualit\u00e4ts- und Sicherheitsverpflichtung<\/h2>\t\t\t\t<\/div>\n\t\t\t\t<div class=\"elementor-element elementor-element-5a4a8f0 elementor-widget elementor-widget-wd_text_block\" data-id=\"5a4a8f0\" data-element_type=\"widget\" data-e-type=\"widget\" data-widget_type=\"wd_text_block.default\">\n\t\t\t\t<div class=\"elementor-widget-container\">\n\t\t\t\t\t\t\t<div class=\"wd-text-block reset-last-child text-left\">\n\t\t\t\n\t\t\t<p>Qualit\u00e4t und Kundensicherheit haben f\u00fcr uns h\u00f6chste Priorit\u00e4t. Unser Produktionsprozess umfasst mehrere Qualit\u00e4tskontrollpunkte, von der Rohmaterialpr\u00fcfung bis zur Endverpackung, um sicherzustellen, dass jede gelieferte Puppe makellos und langlebig ist.<\/p>\n\t\t\t\t\t<\/div>\n\t\t\t\t\t\t<\/div>\n\t\t\t\t<\/div>\n\t\t\t\t<\/div>\n\t\t\t\t\t<\/div>\n\t\t\t\t<\/div>\n\t\t<div class=\"wd-negative-gap elementor-element elementor-element-1fee13b e-flex e-con-boxed e-con e-parent\" data-id=\"1fee13b\" data-element_type=\"container\" data-e-type=\"container\">\n\t\t\t\t\t<div class=\"e-con-inner\">\n\t\t<div class=\"elementor-element elementor-element-302ef95 e-con-full e-flex e-con e-child\" data-id=\"302ef95\" data-element_type=\"container\" data-e-type=\"container\">\n\t\t\t\t<div class=\"elementor-element elementor-element-57848cf elementor-widget elementor-widget-wd_image_or_svg\" data-id=\"57848cf\" data-element_type=\"widget\" data-e-type=\"widget\" data-widget_type=\"wd_image_or_svg.default\">\n\t\t\t\t<div class=\"elementor-widget-container\">\n\t\t\t\t\t\n\t\t<div class=\"wd-image text-left\">\n\t\t\t\t\t\t\t\t<img loading=\"lazy\" decoding=\"async\" width=\"800\" height=\"533\" src=\"https:\/\/dreammate.shop\/wp-content\/uploads\/2025\/09\/About-us-4.jpg\" class=\"attachment-full size-full\" alt=\"\u00dcber Dreammate\" srcset=\"https:\/\/dreammate.shop\/wp-content\/uploads\/2025\/09\/About-us-4.jpg 800w, https:\/\/dreammate.shop\/wp-content\/uploads\/2025\/09\/About-us-4-100x67.jpg 100w, https:\/\/dreammate.shop\/wp-content\/uploads\/2025\/09\/About-us-4-600x400.jpg 600w, https:\/\/dreammate.shop\/wp-content\/uploads\/2025\/09\/About-us-4-300x200.jpg 300w, https:\/\/dreammate.shop\/wp-content\/uploads\/2025\/09\/About-us-4-768x512.jpg 768w\" sizes=\"(max-width: 800px) 100vw, 800px\" \/>\t\t\t\t\t<\/div>\n\n\t\t\t\t\t\t<\/div>\n\t\t\t\t<\/div>\n\t\t\t\t<\/div>\n\t\t<div class=\"elementor-element elementor-element-e081330 e-con-full e-flex e-con e-child\" data-id=\"e081330\" data-element_type=\"container\" data-e-type=\"container\">\n\t\t\t\t<div class=\"elementor-element elementor-element-6d4d57b elementor-widget elementor-widget-heading\" data-id=\"6d4d57b\" data-element_type=\"widget\" data-e-type=\"widget\" data-widget_type=\"heading.default\">\n\t\t\t\t\t<h2 class=\"elementor-heading-title elementor-size-default\">Globaler Kundenstamm &amp; Diskretion<\/h2>\t\t\t\t<\/div>\n\t\t\t\t<div class=\"elementor-element elementor-element-696c5fc elementor-widget elementor-widget-wd_text_block\" data-id=\"696c5fc\" data-element_type=\"widget\" data-e-type=\"widget\" data-widget_type=\"wd_text_block.default\">\n\t\t\t\t<div class=\"elementor-widget-container\">\n\t\t\t\t\t\t\t<div class=\"wd-text-block reset-last-child text-left\">\n\t\t\t\n\t\t\t<p>Als international anerkannte Marke bedient DreamMate mit Stolz einen vielf\u00e4ltigen Kundenstamm weltweit. Wir respektieren die Privatsph\u00e4re unserer Kunden mit gr\u00f6\u00dfter Sorgfalt. Alle Transaktionen und Sendungen werden mit absoluter Diskretion abgewickelt. Die Ware wird in neutraler, sicherer Verpackung versendet, um vollst\u00e4ndige Vertraulichkeit und ein respektvolles Einkaufserlebnis zu gew\u00e4hrleisten.<\/p>\n\t\t\t\t\t<\/div>\n\t\t\t\t\t\t<\/div>\n\t\t\t\t<\/div>\n\t\t\t\t<\/div>\n\t\t\t\t\t<\/div>\n\t\t\t\t<\/div>\n\t\t<div class=\"wd-negative-gap elementor-element elementor-element-a6db0e4 e-flex e-con-boxed e-con e-parent\" data-id=\"a6db0e4\" data-element_type=\"container\" data-e-type=\"container\">\n\t\t\t\t\t<div class=\"e-con-inner\">\n\t\t<div class=\"elementor-element elementor-element-40dcd76 e-con-full e-flex e-con e-child\" data-id=\"40dcd76\" data-element_type=\"container\" data-e-type=\"container\">\n\t\t\t\t<div class=\"elementor-element elementor-element-4fab4b5 elementor-widget elementor-widget-wd_image_or_svg\" data-id=\"4fab4b5\" data-element_type=\"widget\" data-e-type=\"widget\" data-widget_type=\"wd_image_or_svg.default\">\n\t\t\t\t<div class=\"elementor-widget-container\">\n\t\t\t\t\t\n\t\t<div class=\"wd-image text-left\">\n\t\t\t\t\t\t\t\t<img loading=\"lazy\" decoding=\"async\" width=\"800\" height=\"533\" src=\"https:\/\/dreammate.shop\/wp-content\/uploads\/2025\/09\/About-us-3.jpg\" class=\"attachment-800x600 size-800x600\" alt=\"\u00dcber Dreammate\" srcset=\"https:\/\/dreammate.shop\/wp-content\/uploads\/2025\/09\/About-us-3.jpg 800w, https:\/\/dreammate.shop\/wp-content\/uploads\/2025\/09\/About-us-3-100x67.jpg 100w, https:\/\/dreammate.shop\/wp-content\/uploads\/2025\/09\/About-us-3-600x400.jpg 600w, https:\/\/dreammate.shop\/wp-content\/uploads\/2025\/09\/About-us-3-300x200.jpg 300w, https:\/\/dreammate.shop\/wp-content\/uploads\/2025\/09\/About-us-3-768x512.jpg 768w\" sizes=\"(max-width: 800px) 100vw, 800px\" \/>\t\t\t\t\t<\/div>\n\n\t\t\t\t\t\t<\/div>\n\t\t\t\t<\/div>\n\t\t\t\t<\/div>\n\t\t<div class=\"elementor-element elementor-element-f8118fe e-con-full e-flex e-con e-child\" data-id=\"f8118fe\" data-element_type=\"container\" data-e-type=\"container\">\n\t\t\t\t<div class=\"elementor-element elementor-element-b627cc0 elementor-widget elementor-widget-heading\" data-id=\"b627cc0\" data-element_type=\"widget\" data-e-type=\"widget\" data-widget_type=\"heading.default\">\n\t\t\t\t\t<h2 class=\"elementor-heading-title elementor-size-default\">Markenphilosophie &amp; Werte<\/h2>\t\t\t\t<\/div>\n\t\t\t\t<div class=\"elementor-element elementor-element-1b45eca elementor-widget elementor-widget-wd_text_block\" data-id=\"1b45eca\" data-element_type=\"widget\" data-e-type=\"widget\" data-widget_type=\"wd_text_block.default\">\n\t\t\t\t<div class=\"elementor-widget-container\">\n\t\t\t\t\t\t\t<div class=\"wd-text-block reset-last-child text-left\">\n\t\t\t\n\t\t\t<p>DreamMate basiert auf einer Kernphilosophie von Empathie, Respekt und k\u00fcnstlerischem Anspruch. Wir glauben an die positive Wirkung unserer Produkte, die Gesellschaft leisten, Einsamkeit lindern und als Sammlerst\u00fccke dienen k\u00f6nnen. Wir setzen uns f\u00fcr eine Kultur der Inklusion, des Verst\u00e4ndnisses und ethischer Produktionspraktiken in der Branche ein.<\/p>\n\t\t\t\t\t<\/div>\n\t\t\t\t\t\t<\/div>\n\t\t\t\t<\/div>\n\t\t\t\t<\/div>\n\t\t\t\t\t<\/div>\n\t\t\t\t<\/div>\n\t\t<div class=\"wd-negative-gap elementor-element elementor-element-f842233 wd-section-stretch-content e-flex e-con-boxed e-con e-parent\" data-id=\"f842233\" data-element_type=\"container\" data-e-type=\"container\" data-settings=\"{&quot;background_background&quot;:&quot;classic&quot;}\">\n\t\t\t\t\t<div class=\"e-con-inner\">\n\t\t<div class=\"elementor-element elementor-element-38f2432 e-con-full e-flex e-con e-child\" data-id=\"38f2432\" data-element_type=\"container\" data-e-type=\"container\">\n\t\t\t\t<div class=\"elementor-element elementor-element-d3fa456 elementor-widget elementor-widget-heading\" data-id=\"d3fa456\" data-element_type=\"widget\" data-e-type=\"widget\" data-widget_type=\"heading.default\">\n\t\t\t\t\t<h2 class=\"elementor-heading-title elementor-size-default\">Wir sind stolz auf<\/h2>\t\t\t\t<\/div>\n\t\t\t\t<div class=\"elementor-element elementor-element-543c3c3 elementor-widget__width-initial elementor-widget elementor-widget-wd_text_block\" data-id=\"543c3c3\" data-element_type=\"widget\" data-e-type=\"widget\" data-widget_type=\"wd_text_block.default\">\n\t\t\t\t<div class=\"elementor-widget-container\">\n\t\t\t\t\t\t\t<div class=\"wd-text-block reset-last-child text-center\">\n\t\t\t\n\t\t\t<p>DreamMate ist mehr als nur eine Marke; es ist Ihr ultimativer Begleiter bei der Gestaltung Ihres einzigartigen und idealen Partners.<\/p><p>DreamMate stellt kein Spielzeug her. Es bietet ein Gegenmittel gegen Einsamkeit.<\/p>\n\t\t\t\t\t<\/div>\n\t\t\t\t\t\t<\/div>\n\t\t\t\t<\/div>\n\t\t\t\t<div class=\"elementor-element elementor-element-92f0143 elementor-widget elementor-widget-wd_text_block\" data-id=\"92f0143\" data-element_type=\"widget\" data-e-type=\"widget\" data-widget_type=\"wd_text_block.default\">\n\t\t\t\t<div class=\"elementor-widget-container\">\n\t\t\t\t\t\t\t<div class=\"wd-text-block reset-last-child text-center\">\n\t\t\t\n\t\t\t<p>DreamMate \u2013 Wo Ihre Vision Wirklichkeit wird.<\/p>\n\t\t\t\t\t<\/div>\n\t\t\t\t\t\t<\/div>\n\t\t\t\t<\/div>\n\t\t\t\t<\/div>\n\t\t\t\t\t<\/div>\n\t\t\t\t<\/div>\n\t\t\t\t<\/div>","protected":false},"excerpt":{"rendered":"<p>Welcome to DreamMate Welcome to DreamMate, a leading manufacturer and global provider of premium, custom-crafted silicone dolls. We specialize in<\/p>","protected":false},"author":1,"featured_media":0,"parent":0,"menu_order":0,"comment_status":"closed","ping_status":"closed","template":"","meta":{"_seopress_robots_primary_cat":"","_seopress_titles_title":"","_seopress_titles_desc":"","_seopress_robots_index":"","footnotes":""},"class_list":["post-14","page","type-page","status-publish"],"_links":{"self":[{"href":"https:\/\/dreammate.shop\/de\/wp-json\/wp\/v2\/pages\/14","targetHints":{"allow":["GET"]}}],"collection":[{"href":"https:\/\/dreammate.shop\/de\/wp-json\/wp\/v2\/pages"}],"about":[{"href":"https:\/\/dreammate.shop\/de\/wp-json\/wp\/v2\/types\/page"}],"author":[{"embeddable":true,"href":"https:\/\/dreammate.shop\/de\/wp-json\/wp\/v2\/users\/1"}],"replies":[{"embeddable":true,"href":"https:\/\/dreammate.shop\/de\/wp-json\/wp\/v2\/comments?post=14"}],"version-history":[{"count":69,"href":"https:\/\/dreammate.shop\/de\/wp-json\/wp\/v2\/pages\/14\/revisions"}],"predecessor-version":[{"id":6148,"href":"https:\/\/dreammate.shop\/de\/wp-json\/wp\/v2\/pages\/14\/revisions\/6148"}],"wp:attachment":[{"href":"https:\/\/dreammate.shop\/de\/wp-json\/wp\/v2\/media?parent=14"}],"curies":[{"name":"wp","href":"https:\/\/api.w.org\/{rel}","templated":true}]}}