{"id":3,"date":"2025-09-11T09:15:04","date_gmt":"2025-09-11T09:15:04","guid":{"rendered":"https:\/\/dreammate.shop\/?page_id=3"},"modified":"2025-09-27T10:41:29","modified_gmt":"2025-09-27T02:41:29","slug":"datenschutzrichtlinie","status":"publish","type":"page","link":"https:\/\/dreammate.shop\/de\/datenschutzrichtlinie\/","title":{"rendered":"Datenschutzrichtlinie"},"content":{"rendered":"<p>Bei DreamMate nehmen wir Ihre Privatsph\u00e4re sehr ernst.<\/p>\n<p>Diese Datenschutzrichtlinie legt fest, wie https:\/\/dreammate.shop\/ alle Informationen verwendet und sch\u00fctzt, die Sie DreamMate bei der Nutzung dieser Website zur Verf\u00fcgung stellen.<\/p>\n<p><strong>\u00a0<\/strong><\/p>\n<h2><strong>Informationen, die wir sammeln<\/strong><\/h2>\n<p>Wenn Sie unsere Website besuchen, erfassen wir automatisch bestimmte Informationen \u00fcber Ihr Ger\u00e4t, darunter Ihren Webbrowser, Ihre IP-Adresse, Ihre Zeitzone und alle auf Ihrem Ger\u00e4t installierten Cookies. Dar\u00fcber hinaus erfassen wir w\u00e4hrend Ihres Besuchs auf unserer Website m\u00f6glicherweise Informationen \u00fcber die von Ihnen aufgerufenen einzelnen Webseiten oder Produkte, die Website oder die Suchbegriffe, die Sie auf unsere Website gef\u00fchrt haben, sowie Ihre Interaktionen mit der Website. Diese automatisch erfassten Informationen bezeichnen wir als \u201eGer\u00e4teinformationen\u201c.<\/p>\n<p>&nbsp;<\/p>\n<ul>\n<li>Pers\u00f6nliche Daten: Wenn Sie einen Kauf t\u00e4tigen oder ein Konto erstellen, erfassen wir Informationen wie Ihren Namen, Ihre Lieferadresse, Ihre E-Mail-Adresse und Ihre Telefonnummer.<\/li>\n<li>Zahlungsinformationen: Wir nutzen externe Zahlungsdienstleister (z. B. PayPal, Bankkarten usw.). Ihre Kreditkartendaten werden nicht auf unseren Servern gespeichert.<\/li>\n<li>Technische Daten: Wir erfassen automatisch Informationen wie Ihre IP-Adresse, Ihren Browsertyp und Ihr Surfverhalten auf unserer Website mithilfe von Cookies und \u00e4hnlichen Technologien.<\/li>\n<\/ul>\n<p>&nbsp;<\/p>\n<p>Wenn Sie \u00fcber unsere Website einen Kauf t\u00e4tigen oder dies versuchen, erfassen wir bestimmte Informationen von Ihnen, darunter Ihren Namen, Ihre Rechnungs- und Lieferadresse, Zahlungsinformationen (einschlie\u00dflich Kredit- oder Debitkartennummer, PayPal-Konto, BitPay-Adresse usw.), Ihre E-Mail-Adresse und Ihre Telefonnummer. Diese Informationen bezeichnen wir als \u201eBestellinformationen\u201c. Wir geben diese Informationen nicht an Dritte weiter.<\/p>\n<p>&nbsp;<\/p>\n<h2><strong>Wie wir Ihre Daten verwenden<\/strong><\/h2>\n<p>Wir verwenden die von uns gesammelten Informationen f\u00fcr folgende Zwecke:<\/p>\n<ul>\n<li>Wir bearbeiten und erf\u00fcllen Ihre Bestellungen, inklusive Versand und Kundenservice.<\/li>\n<li>Wir werden mit Ihnen \u00fcber Ihre Bestellungen, Ihr Konto oder unsere Werbeaktionen kommunizieren.<\/li>\n<li>Betrug verhindern und die Sicherheit unserer Website gew\u00e4hrleisten.<\/li>\n<\/ul>\n<p>&nbsp;<\/p>\n<h2><strong>Ihre Informationen teilen<\/strong><\/h2>\n<p>Wir respektieren Ihre Privatsph\u00e4re. Wir verkaufen oder vermieten Ihre personenbezogenen Daten nicht an Dritte. Wir geben Ihre Daten nur unter folgenden Umst\u00e4nden an vertrauensw\u00fcrdige Dritte weiter:<\/p>\n<p>Dienstleister: Unternehmen, mit denen wir zusammenarbeiten, um unsere Gesch\u00e4ftst\u00e4tigkeit zu unterst\u00fctzen, wie z. B. Versanddienstleister (z. B. FedEx, DHL) und Zahlungsabwickler. Diese Partner sind zur Wahrung der Vertraulichkeit Ihrer Daten verpflichtet.<\/p>\n<p>&nbsp;<\/p>\n<h2><strong>Datenaufbewahrung<\/strong><\/h2>\n<p>Wir speichern Ihre personenbezogenen Daten nur so lange, wie es zur Erf\u00fcllung der in dieser Datenschutzerkl\u00e4rung dargelegten Zwecke erforderlich ist, es sei denn, eine l\u00e4ngere Speicherdauer ist gesetzlich vorgeschrieben oder zul\u00e4ssig.<\/p>\n<p>&nbsp;<\/p>\n<h2><strong>Ihre Rechte<\/strong><\/h2>\n<p>Je nach Ihrem Standort haben Sie m\u00f6glicherweise folgende Rechte in Bezug auf Ihre personenbezogenen Daten:<\/p>\n<p>&nbsp;<\/p>\n<ul>\n<li>Zugang und Berichtigung: Das Recht auf Zugang und Aktualisierung Ihrer pers\u00f6nlichen Daten.<\/li>\n<li>L\u00f6schung: Das Recht, die L\u00f6schung Ihrer personenbezogenen Daten zu verlangen.<\/li>\n<li>Abmeldung vom Marketing: Sie k\u00f6nnen sich jederzeit von unseren Marketing-E-Mails abmelden, indem Sie auf den Link \u201eAbmelden\u201c in der E-Mail klicken.<\/li>\n<\/ul>\n<p>Um diese Rechte auszu\u00fcben, kontaktieren Sie uns bitte unter [Ihre Support-E-Mail-Adresse].<\/p>\n<p>&nbsp;<\/p>\n<h2><strong>Datenschutz f\u00fcr Kinder<\/strong><\/h2>\n<p>Unsere Dienste sind nicht f\u00fcr Personen unter 18 Jahren bestimmt. Wir erfassen wissentlich keine personenbezogenen Daten von Kindern. Sollten Sie als Elternteil oder Erziehungsberechtigter der Ansicht sein, dass Ihr Kind uns personenbezogene Daten \u00fcbermittelt hat, kontaktieren Sie uns bitte.<\/p>\n<p>&nbsp;<\/p>\n<h2><strong>Kontaktieren Sie uns<\/strong><\/h2>\n<p>Bei Fragen zu diesen Nutzungsbedingungen oder der Datenschutzrichtlinie kontaktieren Sie uns bitte unter:<\/p>\n<p><strong>WhatsApp: <a href=\"https:\/\/wa.me\/85266156070\" target=\"_blank\" rel=\"noopener\">+852 6615 6070<\/a><\/strong><\/p>\n<p><strong>E-Mail:<\/strong> <a href=\"mailto:dreammate1688@gmail.com\"><strong>dreammate1688@gmail.com<\/strong><\/a><\/p>","protected":false},"excerpt":{"rendered":"<p>At DreamMate, we take your privacy very seriously. This Privacy Policy sets out how https:\/\/dreammate.shop\/\u00a0 uses and protects any information<\/p>","protected":false},"author":1,"featured_media":0,"parent":0,"menu_order":0,"comment_status":"closed","ping_status":"open","template":"","meta":{"_seopress_robots_primary_cat":"","_seopress_titles_title":"","_seopress_titles_desc":"","_seopress_robots_index":"","footnotes":""},"class_list":["post-3","page","type-page","status-publish"],"_links":{"self":[{"href":"https:\/\/dreammate.shop\/de\/wp-json\/wp\/v2\/pages\/3","targetHints":{"allow":["GET"]}}],"collection":[{"href":"https:\/\/dreammate.shop\/de\/wp-json\/wp\/v2\/pages"}],"about":[{"href":"https:\/\/dreammate.shop\/de\/wp-json\/wp\/v2\/types\/page"}],"author":[{"embeddable":true,"href":"https:\/\/dreammate.shop\/de\/wp-json\/wp\/v2\/users\/1"}],"replies":[{"embeddable":true,"href":"https:\/\/dreammate.shop\/de\/wp-json\/wp\/v2\/comments?post=3"}],"version-history":[{"count":4,"href":"https:\/\/dreammate.shop\/de\/wp-json\/wp\/v2\/pages\/3\/revisions"}],"predecessor-version":[{"id":1533,"href":"https:\/\/dreammate.shop\/de\/wp-json\/wp\/v2\/pages\/3\/revisions\/1533"}],"wp:attachment":[{"href":"https:\/\/dreammate.shop\/de\/wp-json\/wp\/v2\/media?parent=3"}],"curies":[{"name":"wp","href":"https:\/\/api.w.org\/{rel}","templated":true}]}}