{"id":912,"date":"2025-09-23T10:17:48","date_gmt":"2025-09-23T02:17:48","guid":{"rendered":"https:\/\/dreammate.shop\/?page_id=912"},"modified":"2025-10-08T21:36:47","modified_gmt":"2025-10-08T13:36:47","slug":"versand-und-lieferung","status":"publish","type":"page","link":"https:\/\/dreammate.shop\/de\/versand-und-lieferung\/","title":{"rendered":"Versand und Lieferung"},"content":{"rendered":"<h3>Zollabfertigung, Z\u00f6lle und Lieferzeiten<\/h3>\n<h3>F\u00fcr die USA, die EU und asiatische L\u00e4nder fallen keine versteckten Geb\u00fchren oder Zusatzkosten an.<\/h3>\n<h3>Kostenloser Versand in alle L\u00e4nder\/Regionen, in denen Sexpuppen legal sind.<\/h3>\n<p>&nbsp;<\/p>\n<h2>\u00a0\u00a0\u00a0Bez\u00fcglich der Zollabfertigung:<\/h2>\n<p>Wir \u00fcbernehmen die Zollabfertigung f\u00fcr die USA (7\u201312 Tage), Gro\u00dfbritannien und die EU (12\u201315 Tage, Expressversand) sowie asiatische L\u00e4nder (5\u201312 Tage). F\u00fcr andere L\u00e4nder ist der Ablauf in der Regel unkompliziert, und wir unterst\u00fctzen Sie bestm\u00f6glich. Probleme sind selten, sollten jedoch welche auftreten, bitten wir Sie, umgehend zu reagieren, damit Sie Ihre Puppe erhalten.<\/p>\n<p>Bez\u00fcglich Z\u00f6llen\/Abgaben:<\/p>\n<p>F\u00fcr Sexpuppen in voller Gr\u00f6\u00dfe und Sexpuppen mit Roboterfunktionen bieten wir Kunden mit Wohnsitz in den USA, Gro\u00dfbritannien und der EU standardm\u00e4\u00dfig einen Service zur Vorauszahlung der Einfuhrz\u00f6lle an.<\/p>\n<p>Kunden in anderen L\u00e4ndern m\u00fcssen gegebenenfalls Einfuhrz\u00f6lle gem\u00e4\u00df den jeweiligen Landesgesetzen entrichten. Bitte kontaktieren Sie unseren Kundenservice f\u00fcr spezifische Informationen zum jeweiligen Puppenmodell. Wir \u00fcbernehmen die gesamte Kommunikation mit dem Zoll, sodass Sie sich um nichts k\u00fcmmern m\u00fcssen.<\/p>\n<p>Weitere Informationen:<\/p>\n<p>Aufgrund deutlich h\u00f6herer Versandkosten nach Neuseeland berechnen wir eine zus\u00e4tzliche Versandgeb\u00fchr von $100 bis $300, abh\u00e4ngig von Gewicht und Abmessungen des Pakets. F\u00fcr weitere Informationen wenden Sie sich bitte an unseren Kundenservice.<\/p>\n<p>Unser Ziel ist es, Ihnen qualitativ hochwertige Puppen und besten Service zu bieten, um eine dauerhafte Beziehung zu Ihnen aufzubauen!<\/p>\n<p>&nbsp;<\/p>\n<h2>Vor dem Versand<\/h2>\n<p>Unsere Qualit\u00e4tspr\u00fcfer kontrollieren jedes Detail der Puppe sorgf\u00e4ltig und senden Ihnen vor dem Versand Fotos. Bitte \u00fcberpr\u00fcfen Sie Ihre Lieferadresse und E-Mail-Adresse noch einmal. Stellen Sie au\u00dferdem sicher, dass unsere E-Mails nicht in Ihrem Spam-Ordner landen.<\/p>\n<p>&nbsp;<\/p>\n<h2>Verpackung<\/h2>\n<p>Wir respektieren Ihre Privatsph\u00e4re. Alle Puppen werden in diskreter 100%-Verpackung geliefert. Wir verpacken die Puppe in einem stabilen Karton, um Ihre Privatsph\u00e4re zu sch\u00fctzen. Der Inhalt wird auf dem Zollformular als \u201eSchaufensterpuppe\u201c deklariert. In einigen L\u00e4ndern kann der Zoll den Karton \u00f6ffnen, um die Einfuhrsteuern zu ermitteln.<\/p>\n<p>&nbsp;<\/p>\n<h2>Lieferung:<\/h2>\n<p>F\u00fcr alle weltweiten Lieferungen nutzen wir UPS und FedEx.<\/p>\n<p>Sobald Sie die Sendungsnummer erhalten haben, k\u00f6nnen Sie sich mit dem Kurierdienst in Verbindung setzen, um einen passenden Liefertermin zu vereinbaren.<\/p>\n<p>Sie erhalten innerhalb von 3\u20134 Tagen nach Versand eine Sendungsnummer, mit der Sie den Lieferstatus verfolgen k\u00f6nnen. Diese wird au\u00dferdem mit Ihrem Dreammate-Konto synchronisiert.<\/p>\n<p>Bei UPS k\u00f6nnen Sie sich kostenlos bei \u201eMy Choice\u201c anmelden, um einen f\u00fcr Sie passenden Liefertermin zu vereinbaren.<\/p>\n<p>&nbsp;<\/p>\n<h2>Bestellvorgang:<\/h2>\n<p>Wir k\u00f6nnen weder das Wetter noch die Auslastung der Werkstatt zum Zeitpunkt Ihrer Bestellung vorhersagen. Die folgende Aufschl\u00fcsselung sollte Ihnen jedoch einen guten \u00dcberblick \u00fcber den gesamten Bestellvorgang geben.<\/p>\n<p>Was passiert nach der Bestellung einer Sexpuppe?<\/p>\n<p>Hier ist der voraussichtliche Produktions- und Lieferzeitplan f\u00fcr unsere Puppen.<\/p>\n<p>Nach Ihrer Bestellung erhalten Sie umgehend eine Best\u00e4tigungs-E-Mail mit Ihren Bestelldetails.<\/p>\n<p>Wir \u00fcberpr\u00fcfen Ihre Bestellung manuell, um sicherzustellen, dass alle Angaben korrekt sind. Sollte etwas fehlen oder ungew\u00f6hnlich sein, kontaktieren wir Sie zur Best\u00e4tigung.<\/p>\n<p>Wir gew\u00e4hren eine 24-st\u00fcndige Nachfrist f\u00fcr \u00c4nderungen in letzter Minute.<\/p>\n<p>Ihre Bestellung wird dann an unsere Werkstattleitung weitergeleitet und f\u00fcr die Produktion eingeplant.<\/p>\n<p>Sobald Ihre Puppe an der Reihe ist, beginnen die Hersteller und K\u00fcnstler mit ihrer Anfertigung. Die gesch\u00e4tzte Herstellungszeit betr\u00e4gt je nach Material 5 bis 15 Tage.<\/p>\n<p>Nach Fertigstellung f\u00fchrt unser Personal eine gr\u00fcndliche Qualit\u00e4tskontrolle durch und fertigt Fotos (Werksfotos) zur Genehmigung an.<\/p>\n<p>Sobald Sie zufrieden sind (und alle notwendigen \u00c4nderungen vorgenommen wurden), wird Ihre Puppe sorgf\u00e4ltig verpackt und f\u00fcr den Versand vorbereitet.<\/p>\n<p>Nach dem Versand erhalten Sie innerhalb von 3-4 Tagen eine Sendungsverfolgungsnummer.<\/p>\n<p>Dann beginnt Ihre Puppe ihre Reise zu Ihnen!<\/p>\n<p>F\u00fcr einen genaueren Zeitplan kontaktieren Sie bitte vor dem Kauf unsere Mitarbeiter, um den aktuellen Zeitrahmen zu erfahren.<\/p>\n<p>&nbsp;<\/p>\n<p>Wir bearbeiten und versenden Bestellungen schnellstm\u00f6glich, damit Sie Ihre neue Puppe bald in den H\u00e4nden halten k\u00f6nnen. Bitte beachten Sie, dass Ihre Puppe individuell angefertigt wird (auch vorkonfigurierte Modelle).<\/p>\n<p>Alle Puppen werden je nach Standort per UPS oder FedEx geliefert.<\/p>\n<p>Dieser Zeitplan ist eine Sch\u00e4tzung, was f\u00fcr authentische Sexpuppenanbieter aus \u00e4hnlichen Studios \u00fcblich ist.<\/p>\n<p>&nbsp;<\/p>\n<p>Ausnahmen von den Produktions-\/Lieferzeiten k\u00f6nnen in Sto\u00dfzeiten, an Feiertagen (wie dem chinesischen Neujahr) und bei unvorhergesehenen Ereignissen (z. B. COVID-19) auftreten. Wir werden Sie umgehend \u00fcber etwaige Verz\u00f6gerungen informieren.<\/p>\n<p>Aufgrund der globalen Pandemie kann es derzeit zu Lieferverz\u00f6gerungen kommen. F\u00fcr eine realistische Angabe des aktuellen Lieferzeitraums kontaktieren Sie uns bitte per Live-Chat.<\/p>\n<p>&nbsp;<\/p>\n<h2>Lieferdetails:<\/h2>\n<p>Alle Puppen werden per UPS, FedEx oder DHL versendet. Diese Kurierdienste bieten regelm\u00e4\u00dfige Sendungsverfolgungs-Updates, sodass Sie Ihr Lieferdatum im Voraus kennen.<\/p>\n<p>Wir bem\u00fchen uns, die Produkte schnell zu versenden, aber bitte denken Sie daran, dass Ihre Puppe auf Bestellung gefertigt wird und ihre Herstellung Zeit ben\u00f6tigt.<\/p>\n<p>&nbsp;<\/p>\n<h2>Versand:<\/h2>\n<p>Falls Sie die Lieferung am vereinbarten Termin nicht entgegennehmen k\u00f6nnen, kontaktieren Sie bitte direkt den Kurierdienst, um einen neuen Termin zu vereinbaren. Die Kontaktdaten des Kurierdienstes erhalten Sie, sobald Ihre Bestellung f\u00fcr den Versand bearbeitet wird.<\/p>\n<p>Bitte geben Sie bei der Bestellung Ihre Telefonnummer an, da der Kurier diese f\u00fcr die Zustellung ben\u00f6tigt.<\/p>\n<p>Wir bem\u00fchen uns, sicherzustellen, dass die Kurierdienste Sie vor der Zustellung kontaktieren, empfehlen Ihnen aber auch, sich nach Erhalt Ihrer Sendungsnummer direkt mit ihnen in Verbindung zu setzen, um Ihre Lieferw\u00fcnsche zu best\u00e4tigen.<\/p>\n<p>&nbsp;<\/p>\n<h2>Versandkosten<\/h2>\n<p>Kostenloser Versand in alle L\u00e4nder! Wir versenden jedoch nicht in L\u00e4nder mit strengen Gesetzen gegen Sexspielzeug (z. B. die meisten islamischen L\u00e4nder, Indien, Afrika, Brasilien). Wenn Sie sich bez\u00fcglich der Gesetze Ihres Landes unsicher sind, besprechen Sie dies bitte vor dem Kauf mit uns, um Probleme mit R\u00fcckerstattungen und Geb\u00fchren zu vermeiden. In L\u00e4ndern wie Kanada, Gro\u00dfbritannien, der Schweiz, Norwegen, Australien und Neuseeland k\u00f6nnen bei der Ankunft Einfuhrz\u00f6lle anfallen. Die Versandkosten beinhalten keine Steuern.<\/p>\n<p>&nbsp;<\/p>\n<h2>Zoll und Steuern<\/h2>\n<p>Z\u00f6lle und Steuern werden vom Zoll festgelegt und variieren je nach Zielland. Der K\u00e4ufer ist f\u00fcr die Einfuhrsteuern verantwortlich.<\/p>\n<p>&nbsp;<\/p>\n<p>Besch\u00e4digte Ware oder Verpackung<\/p>\n<p>Bitte pr\u00fcfen Sie die Artikel nach Erhalt auf Besch\u00e4digungen. Sollte der Produktkarton besch\u00e4digt sein, fertigen Sie Fotos oder Videos an, um eine Schadensmeldung beim Transportunternehmen einzureichen. Falls die Puppe w\u00e4hrend des Transports besch\u00e4digt wurde, ben\u00f6tigen wir m\u00f6glicherweise Ihre Unterst\u00fctzung bei der Schadensmeldung an das Versandunternehmen. Melden Sie jegliche Besch\u00e4digungen oder fehlende Teile innerhalb von 48 Stunden, indem Sie Bilder\/Videos an infodreammate1688@gmail.com senden. Wir werden uns umgehend um eine optimale L\u00f6sung bem\u00fchen.<\/p>\n<p>&nbsp;<\/p>\n<p>Wir nehmen keine gebrauchten Produkte zur\u00fcck. Bitte senden Sie Artikel nicht direkt zur\u00fcck und verweigern Sie nicht die Annahme des Pakets. Senden Sie R\u00fccksendungen nicht an die Adresse auf dem Paket, da diese ung\u00fcltig ist. Weitere Informationen zu unseren R\u00fcckgabe- und Erstattungsrichtlinien finden Sie hier. Bei weiteren Fragen kontaktieren Sie uns bitte unter info@dreammate1688@gmail.com. Vielen Dank!<\/p>","protected":false},"excerpt":{"rendered":"<p>Customs Clearance, Duties, and Shipping Times No hidden fees or extra charges for the USA, EU, and Asian countries. Free<\/p>","protected":false},"author":1,"featured_media":0,"parent":0,"menu_order":0,"comment_status":"closed","ping_status":"closed","template":"","meta":{"_seopress_robots_primary_cat":"","_seopress_titles_title":"","_seopress_titles_desc":"","_seopress_robots_index":"","footnotes":""},"class_list":["post-912","page","type-page","status-publish"],"_links":{"self":[{"href":"https:\/\/dreammate.shop\/de\/wp-json\/wp\/v2\/pages\/912","targetHints":{"allow":["GET"]}}],"collection":[{"href":"https:\/\/dreammate.shop\/de\/wp-json\/wp\/v2\/pages"}],"about":[{"href":"https:\/\/dreammate.shop\/de\/wp-json\/wp\/v2\/types\/page"}],"author":[{"embeddable":true,"href":"https:\/\/dreammate.shop\/de\/wp-json\/wp\/v2\/users\/1"}],"replies":[{"embeddable":true,"href":"https:\/\/dreammate.shop\/de\/wp-json\/wp\/v2\/comments?post=912"}],"version-history":[{"count":8,"href":"https:\/\/dreammate.shop\/de\/wp-json\/wp\/v2\/pages\/912\/revisions"}],"predecessor-version":[{"id":5554,"href":"https:\/\/dreammate.shop\/de\/wp-json\/wp\/v2\/pages\/912\/revisions\/5554"}],"wp:attachment":[{"href":"https:\/\/dreammate.shop\/de\/wp-json\/wp\/v2\/media?parent=912"}],"curies":[{"name":"wp","href":"https:\/\/api.w.org\/{rel}","templated":true}]}}