{"id":930,"date":"2025-09-23T10:20:56","date_gmt":"2025-09-23T02:20:56","guid":{"rendered":"https:\/\/dreammate.shop\/?page_id=930"},"modified":"2025-09-27T16:46:47","modified_gmt":"2025-09-27T08:46:47","slug":"nutzungsbedingungen","status":"publish","type":"page","link":"https:\/\/dreammate.shop\/de\/nutzungsbedingungen\/","title":{"rendered":"Nutzungsbedingungen"},"content":{"rendered":"<p>\u00dcbersicht Letzte Aktualisierung: 27. September 2025<br \/>\nDiese Website wird von DreamMate betrieben. Die Begriffe \u201ewir\u201c, \u201euns\u201c und \u201eunser\u201c beziehen sich auf DreamMate. DreamMate bietet Ihnen (dem Nutzer) diese Website mit allen Informationen, Tools und Services unter der Voraussetzung an, dass Sie alle hierin enthaltenen Bedingungen, Richtlinien und Hinweise akzeptieren.<\/p>\n<h2><strong>Artikel 1: Zustimmung zu den Bedingungen<\/strong><\/h2>\n<p>Bitte lesen Sie diese Nutzungsbedingungen sorgf\u00e4ltig durch, bevor Sie auf unsere Website zugreifen oder sie nutzen. Mit dem Zugriff auf oder der Nutzung eines Teils der Website erkl\u00e4ren Sie sich mit diesen Nutzungsbedingungen einverstanden. Wenn Sie nicht allen Bedingungen dieser Vereinbarung zustimmen, d\u00fcrfen Sie nicht auf die Website zugreifen oder unsere Dienste nutzen. Sofern diese Nutzungsbedingungen als Angebot gelten, ist die Annahme ausdr\u00fccklich auf diese Nutzungsbedingungen beschr\u00e4nkt.<\/p>\n<h2><strong>Artikel 2: Produktanforderungen<\/strong><\/h2>\n<p>Wir verkaufen lebensechte Silikonpuppen und das dazugeh\u00f6rige Zubeh\u00f6r. Alle Produkte sind ausschlie\u00dflich f\u00fcr erwachsene Sammler und den privaten Gebrauch bestimmt. Mit dem Kauf unserer Produkte best\u00e4tigen Sie, dass Sie mindestens 18 Jahre alt sind (bzw. die Vollj\u00e4hrigkeit in Ihrem Land erreicht haben).<\/p>\n<h2><strong>Artikel 3: Beschr\u00e4nkungen und verbotene Verwendungen<\/strong><\/h2>\n<p>Diese Website ist Eigentum von DreamMate. Ohne schriftliche Genehmigung von DreamMate ist es Ihnen untersagt, Inhalte dieser Website zu kopieren, zu vervielf\u00e4ltigen, zu plagiieren oder f\u00fcr kommerzielle Zwecke zu nutzen sowie Inhalte dieser Website auf anderen Websites zu ver\u00f6ffentlichen oder zu platzieren.<br \/>\nZus\u00e4tzlich zu den in den Nutzungsbedingungen festgelegten Verboten ist Ihnen die Nutzung der Website oder ihrer Inhalte untersagt:<br \/>\na) f\u00fcr jeden rechtswidrigen Zweck;<br \/>\nb) andere zur Begehung oder Teilnahme an rechtswidrigen Handlungen aufzufordern;<br \/>\nc) gegen internationale, bundesstaatliche, provinzielle oder einzelstaatliche Vorschriften, Regeln, Gesetze oder lokale Verordnungen zu versto\u00dfen;<br \/>\nd) unsere geistigen Eigentumsrechte oder die geistigen Eigentumsrechte anderer zu verletzen oder zu beeintr\u00e4chtigen;<br \/>\n(e) Bel\u00e4stigung, Missbrauch, Beleidigung, Sch\u00e4digung, Verleumdung, \u00fcble Nachrede, Herabsetzung, Einsch\u00fcchterung oder Diskriminierung aufgrund des Geschlechts, der sexuellen Orientierung, der Religion, der ethnischen Zugeh\u00f6rigkeit, der Rasse, des Alters, der nationalen Herkunft oder einer Behinderung;<br \/>\nf) falsche oder irref\u00fchrende Angaben zu \u00fcbermitteln;<br \/>\ng) das Hochladen oder \u00dcbertragen von Viren oder anderen Arten von Schadcode, die dazu verwendet werden k\u00f6nnen oder werden, die Funktionalit\u00e4t oder den Betrieb des Dienstes oder einer damit verbundenen Website, anderer Websites oder des Internets zu beeintr\u00e4chtigen;<br \/>\nh) die personenbezogenen Daten anderer Personen zu sammeln oder zu verfolgen;<br \/>\n(i) Spamming, Phishing, Pharming, Pretexting, Spidering, Crawling oder Scraping;<br \/>\nj) f\u00fcr obsz\u00f6ne oder unmoralische Zwecke;<br \/>\n(k) die Sicherheitsfunktionen des Dienstes oder einer zugeh\u00f6rigen Website, anderer Websites oder des Internets zu beeintr\u00e4chtigen oder zu umgehen.<br \/>\nWir behalten uns das Recht vor, Ihre Nutzung des Dienstes oder einer zugeh\u00f6rigen Website zu beenden, wenn Sie gegen eine der verbotenen Nutzungsbedingungen versto\u00dfen.<\/p>\n<h2><strong>Artikel 4: Produkt- und Servicerichtlinien<\/strong><\/h2>\n<p>F\u00fcr die \u00fcber die Website online angebotenen Produkte gelten die folgenden Richtlinien:<\/p>\n<ol>\n<li>Datenschutzrichtlinie<\/li>\n<li>Versand- und Lieferrichtlinien<\/li>\n<li>R\u00fcckgaberecht<\/li>\n<\/ol>\n<h2><strong>Artikel 5: Haftungsausschluss; Haftungsbeschr\u00e4nkung<\/strong><\/h2>\n<p>Wir garantieren, sichern nicht zu und gew\u00e4hrleisten nicht, dass die Nutzung unseres Dienstes ununterbrochen, zeitnah, sicher oder fehlerfrei erfolgt.<br \/>\nWir \u00fcbernehmen keine Gew\u00e4hr daf\u00fcr, dass die durch die Nutzung des Dienstes erzielten Ergebnisse genau oder zuverl\u00e4ssig sind.<br \/>\nSie stimmen zu, dass wir den Dienst f\u00fcr unbestimmte Zeit entfernen oder jederzeit ohne vorherige Ank\u00fcndigung einstellen k\u00f6nnen.<br \/>\nSie erkl\u00e4ren sich ausdr\u00fccklich damit einverstanden, dass die Nutzung oder Nichtnutzung des Dienstes auf Ihr alleiniges Risiko erfolgt. Der Dienst und alle Ihnen \u00fcber den Dienst bereitgestellten Produkte und Dienstleistungen (sofern nicht ausdr\u00fccklich anders angegeben) werden Ihnen \u201ewie besehen\u201c und \u201ewie verf\u00fcgbar\u201c ohne jegliche Zusicherungen, Gew\u00e4hrleistungen oder Bedingungen jeglicher Art, weder ausdr\u00fccklich noch stillschweigend, zur Verf\u00fcgung gestellt. Dies schlie\u00dft insbesondere alle stillschweigenden Gew\u00e4hrleistungen oder Bedingungen der Handels\u00fcblichkeit, der handels\u00fcblichen Qualit\u00e4t, der Eignung f\u00fcr einen bestimmten Zweck, der Haltbarkeit, des Eigentumsrechts und der Nichtverletzung von Rechten Dritter ein.<br \/>\nDreamMate, seine Direktoren, leitenden Angestellten, Mitarbeiter, verbundenen Unternehmen, Vertreter, Auftragnehmer, Praktikanten, Lieferanten, Dienstleister oder Lizenzgeber haften in keinem Fall f\u00fcr Verletzungen, Verluste, Anspr\u00fcche oder direkte, indirekte, zuf\u00e4llige, strafende, besondere oder Folgesch\u00e4den jeglicher Art, einschlie\u00dflich, aber nicht beschr\u00e4nkt auf entgangenen Gewinn, entgangene Einnahmen, entgangene Einsparungen, Datenverlust, Ersatzkosten oder \u00e4hnliche Sch\u00e4den, unabh\u00e4ngig davon, ob diese auf Vertrag, unerlaubter Handlung (einschlie\u00dflich Fahrl\u00e4ssigkeit), Gef\u00e4hrdungshaftung oder anderweitig beruhen und ob sie aus Ihrer Nutzung eines Dienstes oder eines \u00fcber den Dienst bezogenen Produkts oder aus anderen Anspr\u00fcchen im Zusammenhang mit Ihrer Nutzung des Dienstes oder eines Produkts entstehen, einschlie\u00dflich, aber nicht beschr\u00e4nkt auf Fehler oder Auslassungen in Inhalten oder Verluste oder Sch\u00e4den jeglicher Art, die durch die Nutzung des Dienstes oder von Inhalten (oder Produkten) entstehen, die \u00fcber den Dienst ver\u00f6ffentlicht, \u00fcbertragen oder anderweitig zug\u00e4nglich gemacht werden, selbst wenn auf deren M\u00f6glichkeit hingewiesen wurde.<\/p>\n<h2><strong>Artikel 6: Rechte an geistigem Eigentum<\/strong><\/h2>\n<p>Alle Inhalte dieser Website, einschlie\u00dflich Bilder, Texte und Logos, sind unser Eigentum und urheberrechtlich gesch\u00fctzt. Die Nutzung unserer Inhalte ist ohne unsere vorherige schriftliche Zustimmung nicht gestattet.<\/p>\n<h2><strong>Artikel 7: \u00c4nderungen der Nutzungsbedingungen<\/strong><\/h2>\n<p>Wir behalten uns das Recht vor, diese Nutzungsbedingungen jederzeit zu aktualisieren. \u00c4nderungen werden auf dieser Seite ver\u00f6ffentlicht, und das Datum der letzten Aktualisierung wird entsprechend angepasst.<\/p>\n<h2><strong>Eigentumserkl\u00e4rung<\/strong><\/h2>\n<p>Diese Website ist Eigentum von DreamMate und wird von DreamMate betrieben.<\/p>","protected":false},"excerpt":{"rendered":"<p>Overview Last Updated: September 27, 2025 This website is operated by DreamMate. Throughout the site, the terms \u201cwe,\u201d \u201cus,\u201d and<\/p>","protected":false},"author":1,"featured_media":0,"parent":0,"menu_order":0,"comment_status":"closed","ping_status":"closed","template":"","meta":{"_seopress_robots_primary_cat":"","_seopress_titles_title":"","_seopress_titles_desc":"","_seopress_robots_index":"","footnotes":""},"class_list":["post-930","page","type-page","status-publish"],"_links":{"self":[{"href":"https:\/\/dreammate.shop\/de\/wp-json\/wp\/v2\/pages\/930","targetHints":{"allow":["GET"]}}],"collection":[{"href":"https:\/\/dreammate.shop\/de\/wp-json\/wp\/v2\/pages"}],"about":[{"href":"https:\/\/dreammate.shop\/de\/wp-json\/wp\/v2\/types\/page"}],"author":[{"embeddable":true,"href":"https:\/\/dreammate.shop\/de\/wp-json\/wp\/v2\/users\/1"}],"replies":[{"embeddable":true,"href":"https:\/\/dreammate.shop\/de\/wp-json\/wp\/v2\/comments?post=930"}],"version-history":[{"count":2,"href":"https:\/\/dreammate.shop\/de\/wp-json\/wp\/v2\/pages\/930\/revisions"}],"predecessor-version":[{"id":1583,"href":"https:\/\/dreammate.shop\/de\/wp-json\/wp\/v2\/pages\/930\/revisions\/1583"}],"wp:attachment":[{"href":"https:\/\/dreammate.shop\/de\/wp-json\/wp\/v2\/media?parent=930"}],"curies":[{"name":"wp","href":"https:\/\/api.w.org\/{rel}","templated":true}]}}