{"id":14,"date":"2025-09-11T09:30:39","date_gmt":"2025-09-11T09:30:39","guid":{"rendered":"https:\/\/dreammate.shop\/about-us\/"},"modified":"2025-10-10T17:32:01","modified_gmt":"2025-10-10T09:32:01","slug":"sobre-nosotros","status":"publish","type":"page","link":"https:\/\/dreammate.shop\/es\/sobre-nosotros\/","title":{"rendered":"Sobre nosotros"},"content":{"rendered":"<div data-elementor-type=\"wp-page\" data-elementor-id=\"14\" class=\"elementor elementor-14\">\n\t\t\t\t<div class=\"wd-negative-gap elementor-element elementor-element-83b8669 e-flex e-con-boxed e-con e-parent\" data-id=\"83b8669\" data-element_type=\"container\" data-e-type=\"container\">\n\t\t\t\t\t<div class=\"e-con-inner\">\n\t\t\t\t<div class=\"elementor-element elementor-element-e959b59 elementor-widget elementor-widget-wd_image_or_svg\" data-id=\"e959b59\" data-element_type=\"widget\" data-e-type=\"widget\" data-widget_type=\"wd_image_or_svg.default\">\n\t\t\t\t<div class=\"elementor-widget-container\">\n\t\t\t\t\t\n\t\t<div class=\"wd-image text-left\">\n\t\t\t\t\t\t\t\t<img fetchpriority=\"high\" decoding=\"async\" width=\"1920\" height=\"1440\" src=\"https:\/\/dreammate.shop\/wp-content\/uploads\/2025\/10\/about3.jpg\" class=\"attachment-full size-full\" alt=\"Sobre nosotros\" srcset=\"https:\/\/dreammate.shop\/wp-content\/uploads\/2025\/10\/about3.jpg 1920w, https:\/\/dreammate.shop\/wp-content\/uploads\/2025\/10\/about3-300x225.jpg 300w, https:\/\/dreammate.shop\/wp-content\/uploads\/2025\/10\/about3-1024x768.jpg 1024w, https:\/\/dreammate.shop\/wp-content\/uploads\/2025\/10\/about3-768x576.jpg 768w, https:\/\/dreammate.shop\/wp-content\/uploads\/2025\/10\/about3-1536x1152.jpg 1536w, https:\/\/dreammate.shop\/wp-content\/uploads\/2025\/10\/about3-16x12.jpg 16w, https:\/\/dreammate.shop\/wp-content\/uploads\/2025\/10\/about3-600x450.jpg 600w, https:\/\/dreammate.shop\/wp-content\/uploads\/2025\/10\/about3-100x75.jpg 100w\" sizes=\"(max-width: 1920px) 100vw, 1920px\" \/>\t\t\t\t\t<\/div>\n\n\t\t\t\t\t\t<\/div>\n\t\t\t\t<\/div>\n\t\t\t\t\t<\/div>\n\t\t\t\t<\/div>\n\t\t<div class=\"wd-negative-gap elementor-element elementor-element-26e926f e-flex e-con-boxed e-con e-parent\" data-id=\"26e926f\" data-element_type=\"container\" data-e-type=\"container\">\n\t\t\t\t\t<div class=\"e-con-inner\">\n\t\t\t\t<div class=\"elementor-element elementor-element-ef2f0a0 elementor-widget elementor-widget-heading\" data-id=\"ef2f0a0\" data-element_type=\"widget\" data-e-type=\"widget\" data-widget_type=\"heading.default\">\n\t\t\t\t\t<h2 class=\"elementor-heading-title elementor-size-default\">Bienvenido a DreamMate<\/h2>\t\t\t\t<\/div>\n\t\t\t\t<div class=\"elementor-element elementor-element-f5e978f elementor-widget elementor-widget-wd_text_block\" data-id=\"f5e978f\" data-element_type=\"widget\" data-e-type=\"widget\" data-widget_type=\"wd_text_block.default\">\n\t\t\t\t<div class=\"elementor-widget-container\">\n\t\t\t\t\t\t\t<div class=\"wd-text-block reset-last-child text-center\">\n\t\t\t\n\t\t\t<p style=\"text-align: left;\">Bienvenido a DreamMate, fabricante l\u00edder y proveedor global de mu\u00f1ecas de silicona premium hechas a medida. Nos especializamos en crear mu\u00f1ecas de gran realismo y dise\u00f1o art\u00edstico para coleccionistas y aficionados adultos de todo el mundo.<\/p><p style=\"text-align: left;\">En el coraz\u00f3n de nuestra misi\u00f3n est\u00e1 el compromiso con la artesan\u00eda excepcional, la innovaci\u00f3n y el profundo respeto por los deseos individuales de nuestros clientes, garantizando un toque realista, una durabilidad duradera y una experiencia segura e hipoalerg\u00e9nica.<\/p><p style=\"text-align: left;\">Lo que realmente nos distingue es nuestra pasi\u00f3n por la personalizaci\u00f3n. Entendemos que la conexi\u00f3n es \u00fanica para cada persona. Por eso ofrecemos un exhaustivo proceso de personalizaci\u00f3n que te permite crear la pareja perfecta. Desde los rasgos faciales, el color de ojos y el tono de piel hasta la complexi\u00f3n, el maquillaje y muchos otros detalles, t\u00fa tienes el control para hacer realidad tu visi\u00f3n.<\/p>\n\t\t\t\t\t<\/div>\n\t\t\t\t\t\t<\/div>\n\t\t\t\t<\/div>\n\t\t\t\t\t<\/div>\n\t\t\t\t<\/div>\n\t\t<div class=\"wd-negative-gap elementor-element elementor-element-5e15cb6 e-flex e-con-boxed e-con e-parent\" data-id=\"5e15cb6\" data-element_type=\"container\" data-e-type=\"container\">\n\t\t\t\t\t<div class=\"e-con-inner\">\n\t\t<div class=\"elementor-element elementor-element-a65f4cd e-con-full e-flex e-con e-child\" data-id=\"a65f4cd\" data-element_type=\"container\" data-e-type=\"container\">\n\t\t\t\t<div class=\"elementor-element elementor-element-a8a4e55 elementor-widget elementor-widget-wd_image_or_svg\" data-id=\"a8a4e55\" data-element_type=\"widget\" data-e-type=\"widget\" data-widget_type=\"wd_image_or_svg.default\">\n\t\t\t\t<div class=\"elementor-widget-container\">\n\t\t\t\t\t\n\t\t<div class=\"wd-image text-left\">\n\t\t\t\t\t\t\t\t<img decoding=\"async\" width=\"800\" height=\"533\" src=\"https:\/\/dreammate.shop\/wp-content\/uploads\/2025\/09\/About-us-1.jpg\" class=\"attachment-full size-full\" alt=\"Acerca de Dreammate\" srcset=\"https:\/\/dreammate.shop\/wp-content\/uploads\/2025\/09\/About-us-1.jpg 800w, https:\/\/dreammate.shop\/wp-content\/uploads\/2025\/09\/About-us-1-100x67.jpg 100w, https:\/\/dreammate.shop\/wp-content\/uploads\/2025\/09\/About-us-1-600x400.jpg 600w, https:\/\/dreammate.shop\/wp-content\/uploads\/2025\/09\/About-us-1-300x200.jpg 300w, https:\/\/dreammate.shop\/wp-content\/uploads\/2025\/09\/About-us-1-768x512.jpg 768w\" sizes=\"(max-width: 800px) 100vw, 800px\" \/>\t\t\t\t\t<\/div>\n\n\t\t\t\t\t\t<\/div>\n\t\t\t\t<\/div>\n\t\t\t\t<\/div>\n\t\t<div class=\"elementor-element elementor-element-0bcc09e e-con-full e-flex e-con e-child\" data-id=\"0bcc09e\" data-element_type=\"container\" data-e-type=\"container\">\n\t\t\t\t<div class=\"elementor-element elementor-element-8d9c66b elementor-widget elementor-widget-heading\" data-id=\"8d9c66b\" data-element_type=\"widget\" data-e-type=\"widget\" data-widget_type=\"heading.default\">\n\t\t\t\t\t<h2 class=\"elementor-heading-title elementor-size-default\">Artesan\u00eda superior y realismo<\/h2>\t\t\t\t<\/div>\n\t\t\t\t<div class=\"elementor-element elementor-element-8be194e elementor-widget elementor-widget-wd_text_block\" data-id=\"8be194e\" data-element_type=\"widget\" data-e-type=\"widget\" data-widget_type=\"wd_text_block.default\">\n\t\t\t\t<div class=\"elementor-widget-container\">\n\t\t\t\t\t\t\t<div class=\"wd-text-block reset-last-child text-left\">\n\t\t\t\n\t\t\t<p>En el coraz\u00f3n de cada creaci\u00f3n DreamMate reside un compromiso inquebrantable con un realismo y una calidad inigualables. Cada mu\u00f1eca es meticulosamente esculpida a mano por maestros artistas y elaborada con silicona platino premium de grado m\u00e9dico. Este material garantiza una textura de piel incre\u00edblemente realista, una durabilidad excepcional y una experiencia segura e hipoalerg\u00e9nica. Nuestra atenci\u00f3n al detalle se extiende a cada faceta: desde la delicada pintura de venas y pecas hasta la intrincada articulaci\u00f3n de un esqueleto de aleaci\u00f3n totalmente articulado, que permite poses naturales y din\u00e1micas.<\/p>\n\t\t\t\t\t<\/div>\n\t\t\t\t\t\t<\/div>\n\t\t\t\t<\/div>\n\t\t\t\t<\/div>\n\t\t\t\t\t<\/div>\n\t\t\t\t<\/div>\n\t\t<div class=\"wd-negative-gap elementor-element elementor-element-7d1484b e-flex e-con-boxed e-con e-parent\" data-id=\"7d1484b\" data-element_type=\"container\" data-e-type=\"container\">\n\t\t\t\t\t<div class=\"e-con-inner\">\n\t\t<div class=\"elementor-element elementor-element-3fe3169 e-con-full e-flex e-con e-child\" data-id=\"3fe3169\" data-element_type=\"container\" data-e-type=\"container\">\n\t\t\t\t<div class=\"elementor-element elementor-element-e425754 elementor-widget elementor-widget-wd_image_or_svg\" data-id=\"e425754\" data-element_type=\"widget\" data-e-type=\"widget\" data-widget_type=\"wd_image_or_svg.default\">\n\t\t\t\t<div class=\"elementor-widget-container\">\n\t\t\t\t\t\n\t\t<div class=\"wd-image text-left\">\n\t\t\t\t\t\t\t\t<img decoding=\"async\" width=\"800\" height=\"533\" src=\"https:\/\/dreammate.shop\/wp-content\/uploads\/2025\/09\/Workshop-3.jpg\" class=\"attachment-full size-full\" alt=\"\" srcset=\"https:\/\/dreammate.shop\/wp-content\/uploads\/2025\/09\/Workshop-3.jpg 800w, https:\/\/dreammate.shop\/wp-content\/uploads\/2025\/09\/Workshop-3-100x67.jpg 100w, https:\/\/dreammate.shop\/wp-content\/uploads\/2025\/09\/Workshop-3-600x400.jpg 600w, https:\/\/dreammate.shop\/wp-content\/uploads\/2025\/09\/Workshop-3-300x200.jpg 300w, https:\/\/dreammate.shop\/wp-content\/uploads\/2025\/09\/Workshop-3-768x512.jpg 768w\" sizes=\"(max-width: 800px) 100vw, 800px\" \/>\t\t\t\t\t<\/div>\n\n\t\t\t\t\t\t<\/div>\n\t\t\t\t<\/div>\n\t\t\t\t<\/div>\n\t\t<div class=\"elementor-element elementor-element-a5f27cf e-con-full e-flex e-con e-child\" data-id=\"a5f27cf\" data-element_type=\"container\" data-e-type=\"container\">\n\t\t\t\t<div class=\"elementor-element elementor-element-23758ec elementor-widget elementor-widget-heading\" data-id=\"23758ec\" data-element_type=\"widget\" data-e-type=\"widget\" data-widget_type=\"heading.default\">\n\t\t\t\t\t<h2 class=\"elementor-heading-title elementor-size-default\">Tecnolog\u00eda e innovaci\u00f3n<\/h2>\t\t\t\t<\/div>\n\t\t\t\t<div class=\"elementor-element elementor-element-3416896 elementor-widget elementor-widget-wd_text_block\" data-id=\"3416896\" data-element_type=\"widget\" data-e-type=\"widget\" data-widget_type=\"wd_text_block.default\">\n\t\t\t\t<div class=\"elementor-widget-container\">\n\t\t\t\t\t\t\t<div class=\"wd-text-block reset-last-child text-left\">\n\t\t\t\n\t\t\t<p>DreamMate adopta tecnolog\u00eda de vanguardia para mejorar continuamente sus productos. Utilizamos modelado y escaneo 3D avanzados para lograr una precisi\u00f3n anat\u00f3mica sin precedentes. Nuestro equipo de I+D explora constantemente nuevos materiales y soluciones de ingenier\u00eda para mejorar la distribuci\u00f3n del peso, la sensaci\u00f3n t\u00e1ctil y la funcionalidad general, garantizando que cada mu\u00f1eca DreamMate est\u00e9 a la vanguardia de la industria.<\/p>\n\t\t\t\t\t<\/div>\n\t\t\t\t\t\t<\/div>\n\t\t\t\t<\/div>\n\t\t\t\t<\/div>\n\t\t\t\t\t<\/div>\n\t\t\t\t<\/div>\n\t\t<div class=\"wd-negative-gap elementor-element elementor-element-3539047 e-flex e-con-boxed e-con e-parent\" data-id=\"3539047\" data-element_type=\"container\" data-e-type=\"container\">\n\t\t\t\t\t<div class=\"e-con-inner\">\n\t\t<div class=\"elementor-element elementor-element-6aa72e1 e-con-full e-flex e-con e-child\" data-id=\"6aa72e1\" data-element_type=\"container\" data-e-type=\"container\">\n\t\t\t\t<div class=\"elementor-element elementor-element-e522a77 elementor-widget elementor-widget-wd_image_or_svg\" data-id=\"e522a77\" data-element_type=\"widget\" data-e-type=\"widget\" data-widget_type=\"wd_image_or_svg.default\">\n\t\t\t\t<div class=\"elementor-widget-container\">\n\t\t\t\t\t\n\t\t<div class=\"wd-image text-left\">\n\t\t\t\t\t\t\t\t<img loading=\"lazy\" decoding=\"async\" width=\"800\" height=\"533\" src=\"https:\/\/dreammate.shop\/wp-content\/uploads\/2025\/09\/About-us-2.jpg\" class=\"attachment-full size-full\" alt=\"Acerca de Dreammate\" srcset=\"https:\/\/dreammate.shop\/wp-content\/uploads\/2025\/09\/About-us-2.jpg 800w, https:\/\/dreammate.shop\/wp-content\/uploads\/2025\/09\/About-us-2-100x67.jpg 100w, https:\/\/dreammate.shop\/wp-content\/uploads\/2025\/09\/About-us-2-600x400.jpg 600w, https:\/\/dreammate.shop\/wp-content\/uploads\/2025\/09\/About-us-2-300x200.jpg 300w, https:\/\/dreammate.shop\/wp-content\/uploads\/2025\/09\/About-us-2-768x512.jpg 768w\" sizes=\"(max-width: 800px) 100vw, 800px\" \/>\t\t\t\t\t<\/div>\n\n\t\t\t\t\t\t<\/div>\n\t\t\t\t<\/div>\n\t\t\t\t<\/div>\n\t\t<div class=\"elementor-element elementor-element-394bcb6 e-con-full e-flex e-con e-child\" data-id=\"394bcb6\" data-element_type=\"container\" data-e-type=\"container\">\n\t\t\t\t<div class=\"elementor-element elementor-element-a77994f elementor-widget elementor-widget-heading\" data-id=\"a77994f\" data-element_type=\"widget\" data-e-type=\"widget\" data-widget_type=\"heading.default\">\n\t\t\t\t\t<h2 class=\"elementor-heading-title elementor-size-default\">Servicio de personalizaci\u00f3n<\/h2>\t\t\t\t<\/div>\n\t\t\t\t<div class=\"elementor-element elementor-element-7f889bc elementor-widget elementor-widget-wd_text_block\" data-id=\"7f889bc\" data-element_type=\"widget\" data-e-type=\"widget\" data-widget_type=\"wd_text_block.default\">\n\t\t\t\t<div class=\"elementor-widget-container\">\n\t\t\t\t\t\t\t<div class=\"wd-text-block reset-last-child text-left\">\n\t\t\t\n\t\t\t<p>La calidad y la seguridad del cliente son nuestras prioridades no negociables. Nuestro proceso de producci\u00f3n implica m\u00faltiples puntos de control de calidad, desde la inspecci\u00f3n de la materia prima hasta el embalaje final, garantizando que cada mu\u00f1eca entregada sea impecable y est\u00e9 construida para durar.<\/p>\n\t\t\t\t\t<\/div>\n\t\t\t\t\t\t<\/div>\n\t\t\t\t<\/div>\n\t\t\t\t<\/div>\n\t\t\t\t\t<\/div>\n\t\t\t\t<\/div>\n\t\t<div class=\"wd-negative-gap elementor-element elementor-element-39e400f e-flex e-con-boxed e-con e-parent\" data-id=\"39e400f\" data-element_type=\"container\" data-e-type=\"container\">\n\t\t\t\t\t<div class=\"e-con-inner\">\n\t\t<div class=\"elementor-element elementor-element-0032dd6 e-con-full e-flex e-con e-child\" data-id=\"0032dd6\" data-element_type=\"container\" data-e-type=\"container\">\n\t\t\t\t<div class=\"elementor-element elementor-element-f816158 elementor-widget elementor-widget-wd_image_or_svg\" data-id=\"f816158\" data-element_type=\"widget\" data-e-type=\"widget\" data-widget_type=\"wd_image_or_svg.default\">\n\t\t\t\t<div class=\"elementor-widget-container\">\n\t\t\t\t\t\n\t\t<div class=\"wd-image text-left\">\n\t\t\t\t\t\t\t\t<img loading=\"lazy\" decoding=\"async\" width=\"800\" height=\"533\" src=\"https:\/\/dreammate.shop\/wp-content\/uploads\/2025\/09\/Workshop-7.jpg\" class=\"attachment-full size-full\" alt=\"\" srcset=\"https:\/\/dreammate.shop\/wp-content\/uploads\/2025\/09\/Workshop-7.jpg 800w, https:\/\/dreammate.shop\/wp-content\/uploads\/2025\/09\/Workshop-7-100x67.jpg 100w, https:\/\/dreammate.shop\/wp-content\/uploads\/2025\/09\/Workshop-7-600x400.jpg 600w, https:\/\/dreammate.shop\/wp-content\/uploads\/2025\/09\/Workshop-7-300x200.jpg 300w, https:\/\/dreammate.shop\/wp-content\/uploads\/2025\/09\/Workshop-7-768x512.jpg 768w\" sizes=\"(max-width: 800px) 100vw, 800px\" \/>\t\t\t\t\t<\/div>\n\n\t\t\t\t\t\t<\/div>\n\t\t\t\t<\/div>\n\t\t\t\t<\/div>\n\t\t<div class=\"elementor-element elementor-element-d43dd85 e-con-full e-flex e-con e-child\" data-id=\"d43dd85\" data-element_type=\"container\" data-e-type=\"container\">\n\t\t\t\t<div class=\"elementor-element elementor-element-084e264 elementor-widget elementor-widget-heading\" data-id=\"084e264\" data-element_type=\"widget\" data-e-type=\"widget\" data-widget_type=\"heading.default\">\n\t\t\t\t\t<h2 class=\"elementor-heading-title elementor-size-default\">Compromiso de calidad y seguridad<\/h2>\t\t\t\t<\/div>\n\t\t\t\t<div class=\"elementor-element elementor-element-5a4a8f0 elementor-widget elementor-widget-wd_text_block\" data-id=\"5a4a8f0\" data-element_type=\"widget\" data-e-type=\"widget\" data-widget_type=\"wd_text_block.default\">\n\t\t\t\t<div class=\"elementor-widget-container\">\n\t\t\t\t\t\t\t<div class=\"wd-text-block reset-last-child text-left\">\n\t\t\t\n\t\t\t<p>La calidad y la seguridad del cliente son nuestras prioridades no negociables. Nuestro proceso de producci\u00f3n implica m\u00faltiples puntos de control de calidad, desde la inspecci\u00f3n de la materia prima hasta el embalaje final, garantizando que cada mu\u00f1eca entregada sea impecable y est\u00e9 construida para durar.<\/p>\n\t\t\t\t\t<\/div>\n\t\t\t\t\t\t<\/div>\n\t\t\t\t<\/div>\n\t\t\t\t<\/div>\n\t\t\t\t\t<\/div>\n\t\t\t\t<\/div>\n\t\t<div class=\"wd-negative-gap elementor-element elementor-element-1fee13b e-flex e-con-boxed e-con e-parent\" data-id=\"1fee13b\" data-element_type=\"container\" data-e-type=\"container\">\n\t\t\t\t\t<div class=\"e-con-inner\">\n\t\t<div class=\"elementor-element elementor-element-302ef95 e-con-full e-flex e-con e-child\" data-id=\"302ef95\" data-element_type=\"container\" data-e-type=\"container\">\n\t\t\t\t<div class=\"elementor-element elementor-element-57848cf elementor-widget elementor-widget-wd_image_or_svg\" data-id=\"57848cf\" data-element_type=\"widget\" data-e-type=\"widget\" data-widget_type=\"wd_image_or_svg.default\">\n\t\t\t\t<div class=\"elementor-widget-container\">\n\t\t\t\t\t\n\t\t<div class=\"wd-image text-left\">\n\t\t\t\t\t\t\t\t<img loading=\"lazy\" decoding=\"async\" width=\"800\" height=\"533\" src=\"https:\/\/dreammate.shop\/wp-content\/uploads\/2025\/09\/About-us-4.jpg\" class=\"attachment-full size-full\" alt=\"Acerca de Dreammate\" srcset=\"https:\/\/dreammate.shop\/wp-content\/uploads\/2025\/09\/About-us-4.jpg 800w, https:\/\/dreammate.shop\/wp-content\/uploads\/2025\/09\/About-us-4-100x67.jpg 100w, https:\/\/dreammate.shop\/wp-content\/uploads\/2025\/09\/About-us-4-600x400.jpg 600w, https:\/\/dreammate.shop\/wp-content\/uploads\/2025\/09\/About-us-4-300x200.jpg 300w, https:\/\/dreammate.shop\/wp-content\/uploads\/2025\/09\/About-us-4-768x512.jpg 768w\" sizes=\"(max-width: 800px) 100vw, 800px\" \/>\t\t\t\t\t<\/div>\n\n\t\t\t\t\t\t<\/div>\n\t\t\t\t<\/div>\n\t\t\t\t<\/div>\n\t\t<div class=\"elementor-element elementor-element-e081330 e-con-full e-flex e-con e-child\" data-id=\"e081330\" data-element_type=\"container\" data-e-type=\"container\">\n\t\t\t\t<div class=\"elementor-element elementor-element-6d4d57b elementor-widget elementor-widget-heading\" data-id=\"6d4d57b\" data-element_type=\"widget\" data-e-type=\"widget\" data-widget_type=\"heading.default\">\n\t\t\t\t\t<h2 class=\"elementor-heading-title elementor-size-default\">Clientela global y discreci\u00f3n<\/h2>\t\t\t\t<\/div>\n\t\t\t\t<div class=\"elementor-element elementor-element-696c5fc elementor-widget elementor-widget-wd_text_block\" data-id=\"696c5fc\" data-element_type=\"widget\" data-e-type=\"widget\" data-widget_type=\"wd_text_block.default\">\n\t\t\t\t<div class=\"elementor-widget-container\">\n\t\t\t\t\t\t\t<div class=\"wd-text-block reset-last-child text-left\">\n\t\t\t\n\t\t\t<p>Como marca internacional de confianza, DreamMate se enorgullece de servir a una clientela diversa en todo el mundo. Respetamos enormemente la privacidad de nuestros clientes. Todas las transacciones y env\u00edos se gestionan con la m\u00e1xima discreci\u00f3n, utilizando un embalaje sencillo y seguro para garantizar la total confidencialidad y una experiencia de compra respetuosa.<\/p>\n\t\t\t\t\t<\/div>\n\t\t\t\t\t\t<\/div>\n\t\t\t\t<\/div>\n\t\t\t\t<\/div>\n\t\t\t\t\t<\/div>\n\t\t\t\t<\/div>\n\t\t<div class=\"wd-negative-gap elementor-element elementor-element-a6db0e4 e-flex e-con-boxed e-con e-parent\" data-id=\"a6db0e4\" data-element_type=\"container\" data-e-type=\"container\">\n\t\t\t\t\t<div class=\"e-con-inner\">\n\t\t<div class=\"elementor-element elementor-element-40dcd76 e-con-full e-flex e-con e-child\" data-id=\"40dcd76\" data-element_type=\"container\" data-e-type=\"container\">\n\t\t\t\t<div class=\"elementor-element elementor-element-4fab4b5 elementor-widget elementor-widget-wd_image_or_svg\" data-id=\"4fab4b5\" data-element_type=\"widget\" data-e-type=\"widget\" data-widget_type=\"wd_image_or_svg.default\">\n\t\t\t\t<div class=\"elementor-widget-container\">\n\t\t\t\t\t\n\t\t<div class=\"wd-image text-left\">\n\t\t\t\t\t\t\t\t<img loading=\"lazy\" decoding=\"async\" width=\"800\" height=\"533\" src=\"https:\/\/dreammate.shop\/wp-content\/uploads\/2025\/09\/About-us-3.jpg\" class=\"attachment-800x600 size-800x600\" alt=\"Acerca de Dreammate\" srcset=\"https:\/\/dreammate.shop\/wp-content\/uploads\/2025\/09\/About-us-3.jpg 800w, https:\/\/dreammate.shop\/wp-content\/uploads\/2025\/09\/About-us-3-100x67.jpg 100w, https:\/\/dreammate.shop\/wp-content\/uploads\/2025\/09\/About-us-3-600x400.jpg 600w, https:\/\/dreammate.shop\/wp-content\/uploads\/2025\/09\/About-us-3-300x200.jpg 300w, https:\/\/dreammate.shop\/wp-content\/uploads\/2025\/09\/About-us-3-768x512.jpg 768w\" sizes=\"(max-width: 800px) 100vw, 800px\" \/>\t\t\t\t\t<\/div>\n\n\t\t\t\t\t\t<\/div>\n\t\t\t\t<\/div>\n\t\t\t\t<\/div>\n\t\t<div class=\"elementor-element elementor-element-f8118fe e-con-full e-flex e-con e-child\" data-id=\"f8118fe\" data-element_type=\"container\" data-e-type=\"container\">\n\t\t\t\t<div class=\"elementor-element elementor-element-b627cc0 elementor-widget elementor-widget-heading\" data-id=\"b627cc0\" data-element_type=\"widget\" data-e-type=\"widget\" data-widget_type=\"heading.default\">\n\t\t\t\t\t<h2 class=\"elementor-heading-title elementor-size-default\">Filosof\u00eda y valores de la marca<\/h2>\t\t\t\t<\/div>\n\t\t\t\t<div class=\"elementor-element elementor-element-1b45eca elementor-widget elementor-widget-wd_text_block\" data-id=\"1b45eca\" data-element_type=\"widget\" data-e-type=\"widget\" data-widget_type=\"wd_text_block.default\">\n\t\t\t\t<div class=\"elementor-widget-container\">\n\t\t\t\t\t\t\t<div class=\"wd-text-block reset-last-child text-left\">\n\t\t\t\n\t\t\t<p>DreamMate opera con una filosof\u00eda fundamental de empat\u00eda, respeto y arte. Creemos en el poder positivo de nuestros productos para brindar compa\u00f1\u00eda, aliviar la soledad y servir como objetos de colecci\u00f3n art\u00edsticos. Nos comprometemos a promover una cultura de inclusi\u00f3n, comprensi\u00f3n y pr\u00e1cticas de fabricaci\u00f3n \u00e9ticas en la industria.<\/p>\n\t\t\t\t\t<\/div>\n\t\t\t\t\t\t<\/div>\n\t\t\t\t<\/div>\n\t\t\t\t<\/div>\n\t\t\t\t\t<\/div>\n\t\t\t\t<\/div>\n\t\t<div class=\"wd-negative-gap elementor-element elementor-element-f842233 wd-section-stretch-content e-flex e-con-boxed e-con e-parent\" data-id=\"f842233\" data-element_type=\"container\" data-e-type=\"container\" data-settings=\"{&quot;background_background&quot;:&quot;classic&quot;}\">\n\t\t\t\t\t<div class=\"e-con-inner\">\n\t\t<div class=\"elementor-element elementor-element-38f2432 e-con-full e-flex e-con e-child\" data-id=\"38f2432\" data-element_type=\"container\" data-e-type=\"container\">\n\t\t\t\t<div class=\"elementor-element elementor-element-d3fa456 elementor-widget elementor-widget-heading\" data-id=\"d3fa456\" data-element_type=\"widget\" data-e-type=\"widget\" data-widget_type=\"heading.default\">\n\t\t\t\t\t<h2 class=\"elementor-heading-title elementor-size-default\">Nos enorgullecemos de<\/h2>\t\t\t\t<\/div>\n\t\t\t\t<div class=\"elementor-element elementor-element-543c3c3 elementor-widget__width-initial elementor-widget elementor-widget-wd_text_block\" data-id=\"543c3c3\" data-element_type=\"widget\" data-e-type=\"widget\" data-widget_type=\"wd_text_block.default\">\n\t\t\t\t<div class=\"elementor-widget-container\">\n\t\t\t\t\t\t\t<div class=\"wd-text-block reset-last-child text-center\">\n\t\t\t\n\t\t\t<p>DreamMate es m\u00e1s que una marca; es tu compa\u00f1ero perfecto para crear tu pareja \u00fanica e ideal.<\/p><p>DreamMate no fabrica juguetes. Ofrece un ant\u00eddoto contra la soledad.<\/p>\n\t\t\t\t\t<\/div>\n\t\t\t\t\t\t<\/div>\n\t\t\t\t<\/div>\n\t\t\t\t<div class=\"elementor-element elementor-element-92f0143 elementor-widget elementor-widget-wd_text_block\" data-id=\"92f0143\" data-element_type=\"widget\" data-e-type=\"widget\" data-widget_type=\"wd_text_block.default\">\n\t\t\t\t<div class=\"elementor-widget-container\">\n\t\t\t\t\t\t\t<div class=\"wd-text-block reset-last-child text-center\">\n\t\t\t\n\t\t\t<p>DreamMate: Donde tu visi\u00f3n se hace realidad.<\/p>\n\t\t\t\t\t<\/div>\n\t\t\t\t\t\t<\/div>\n\t\t\t\t<\/div>\n\t\t\t\t<\/div>\n\t\t\t\t\t<\/div>\n\t\t\t\t<\/div>\n\t\t\t\t<\/div>","protected":false},"excerpt":{"rendered":"<p>Welcome to DreamMate Welcome to DreamMate, a leading manufacturer and global provider of premium, custom-crafted silicone dolls. We specialize in<\/p>","protected":false},"author":1,"featured_media":0,"parent":0,"menu_order":0,"comment_status":"closed","ping_status":"closed","template":"","meta":{"_seopress_robots_primary_cat":"","_seopress_titles_title":"","_seopress_titles_desc":"","_seopress_robots_index":"","footnotes":""},"class_list":["post-14","page","type-page","status-publish"],"_links":{"self":[{"href":"https:\/\/dreammate.shop\/es\/wp-json\/wp\/v2\/pages\/14","targetHints":{"allow":["GET"]}}],"collection":[{"href":"https:\/\/dreammate.shop\/es\/wp-json\/wp\/v2\/pages"}],"about":[{"href":"https:\/\/dreammate.shop\/es\/wp-json\/wp\/v2\/types\/page"}],"author":[{"embeddable":true,"href":"https:\/\/dreammate.shop\/es\/wp-json\/wp\/v2\/users\/1"}],"replies":[{"embeddable":true,"href":"https:\/\/dreammate.shop\/es\/wp-json\/wp\/v2\/comments?post=14"}],"version-history":[{"count":69,"href":"https:\/\/dreammate.shop\/es\/wp-json\/wp\/v2\/pages\/14\/revisions"}],"predecessor-version":[{"id":6148,"href":"https:\/\/dreammate.shop\/es\/wp-json\/wp\/v2\/pages\/14\/revisions\/6148"}],"wp:attachment":[{"href":"https:\/\/dreammate.shop\/es\/wp-json\/wp\/v2\/media?parent=14"}],"curies":[{"name":"wp","href":"https:\/\/api.w.org\/{rel}","templated":true}]}}