{"id":692,"date":"2025-09-18T16:55:16","date_gmt":"2025-09-18T08:55:16","guid":{"rendered":"https:\/\/dreammate.shop\/?page_id=692"},"modified":"2025-09-27T21:37:13","modified_gmt":"2025-09-27T13:37:13","slug":"personalizacion","status":"publish","type":"page","link":"https:\/\/dreammate.shop\/es\/personalizacion\/","title":{"rendered":"Personalizaci\u00f3n"},"content":{"rendered":"<div data-elementor-type=\"wp-page\" data-elementor-id=\"692\" class=\"elementor elementor-692\">\n\t\t\t\t<div class=\"wd-negative-gap elementor-element elementor-element-fa5c1c9 e-flex e-con-boxed e-con e-parent\" data-id=\"fa5c1c9\" data-element_type=\"container\" data-e-type=\"container\">\n\t\t\t\t\t<div class=\"e-con-inner\">\n\t\t\t\t<div class=\"elementor-element elementor-element-656700d elementor-widget elementor-widget-shortcode\" data-id=\"656700d\" data-element_type=\"widget\" data-e-type=\"widget\" data-widget_type=\"shortcode.default\">\n\t\t\t\t\t\t\t<div class=\"elementor-shortcode\"><div class=\"woocommerce\">\t\t\t<div class=\"single-product\" data-product-page-preselected-id=\"0\">\n\t\t\t\t\n\n\t<div class=\"container\">\n\t\t\t<\/div>\n\n<div id=\"product-1603\" class=\"single-product-page single-product-content product-design-default tabs-location-standard tabs-type-tabs meta-location-add_to_cart reviews-location-tabs product-no-bg tm-has-options product type-product post-1603 status-publish first instock product_cat-others has-post-thumbnail sale shipping-taxable purchasable product-type-simple\">\n\n\t<div class=\"container\">\n\n\t\t<div class=\"woocommerce-notices-wrapper\"><\/div>\n\t\t<div class=\"product-image-summary-wrap\">\n\t\t\t\n\t\t\t<div class=\"product-image-summary\" >\n\t\t\t\t<div class=\"product-image-summary-inner wd-grid-g\" style=\"--wd-col-lg:12;--wd-gap-lg:30px;--wd-gap-sm:20px;\">\n\t\t\t\t\t<div class=\"product-images wd-grid-col\" style=\"--wd-col-lg:6;--wd-col-md:6;--wd-col-sm:12;\">\n\t\t\t\t\t\t<div class=\"product-labels labels-rounded-sm\"><span class=\"onsale product-label\">-100%<\/span><\/div><div class=\"woocommerce-product-gallery woocommerce-product-gallery--with-images woocommerce-product-gallery--columns-4 images  thumbs-position-left wd-thumbs-wrap images image-action-zoom\">\n\t<div class=\"wd-carousel-container wd-gallery-images\">\n\t\t<div class=\"wd-carousel-inner\">\n\n\t\t\n\t\t<figure class=\"woocommerce-product-gallery__wrapper wd-carousel wd-grid\" style=\"--wd-col-lg:1;--wd-col-md:1;--wd-col-sm:1;\">\n\t\t\t<div class=\"wd-carousel-wrap\">\n\n\t\t\t\t<div class=\"wd-carousel-item\"><figure data-thumb=\"https:\/\/dreammate.shop\/wp-content\/uploads\/2025\/09\/11111111-100x69.jpg\" data-thumb-alt=\"personal customization\" class=\"woocommerce-product-gallery__image\"><a data-elementor-open-lightbox=\"no\" href=\"https:\/\/dreammate.shop\/wp-content\/uploads\/2025\/09\/11111111.jpg\"><img fetchpriority=\"high\" decoding=\"async\" width=\"577\" height=\"399\" src=\"https:\/\/dreammate.shop\/wp-content\/uploads\/2025\/09\/11111111.jpg\" class=\"wp-post-image wp-post-image\" alt=\"personalizaci\u00f3n\" title=\"11111111\" data-caption=\"\" data-src=\"https:\/\/dreammate.shop\/wp-content\/uploads\/2025\/09\/11111111.jpg\" data-large_image=\"https:\/\/dreammate.shop\/wp-content\/uploads\/2025\/09\/11111111.jpg\" data-large_image_width=\"577\" data-large_image_height=\"399\" srcset=\"https:\/\/dreammate.shop\/wp-content\/uploads\/2025\/09\/11111111.jpg 577w, https:\/\/dreammate.shop\/wp-content\/uploads\/2025\/09\/11111111-300x207.jpg 300w, https:\/\/dreammate.shop\/wp-content\/uploads\/2025\/09\/11111111-18x12.jpg 18w, https:\/\/dreammate.shop\/wp-content\/uploads\/2025\/09\/11111111-100x69.jpg 100w\" sizes=\"(max-width: 577px) 100vw, 577px\" \/><\/a><\/figure><\/div>\n\t\t\t\t\t\t\t<\/div>\n\t\t<\/figure>\n\n\t\t\t\t\t<div class=\"wd-nav-arrows wd-pos-sep wd-hover-1 wd-custom-style wd-icon-1\">\n\t\t\t<div class=\"wd-btn-arrow wd-prev wd-disabled\">\n\t\t\t\t<div class=\"wd-arrow-inner\"><\/div>\n\t\t\t<\/div>\n\t\t\t<div class=\"wd-btn-arrow wd-next\">\n\t\t\t\t<div class=\"wd-arrow-inner\"><\/div>\n\t\t\t<\/div>\n\t\t<\/div>\n\t\t\n\t\t\n\t\t<\/div>\n\n\t\t\t<\/div>\n\n\t\t\t\t\t<div class=\"wd-carousel-container wd-gallery-thumb\">\n\t\t\t<div class=\"wd-carousel-inner\">\n\t\t\t\t<div class=\"wd-carousel wd-grid\" style=\"--wd-col-lg:auto;--wd-col-md:4;--wd-col-sm:3;\">\n\t\t\t\t\t<div class=\"wd-carousel-wrap\">\n\t\t\t\t\t\t\t\t\t\t\t<\/div>\n\t\t\t\t<\/div>\n\n\t\t\t\t\t\t<div class=\"wd-nav-arrows wd-thumb-nav wd-custom-style wd-pos-sep wd-icon-1\">\n\t\t\t<div class=\"wd-btn-arrow wd-prev wd-disabled\">\n\t\t\t\t<div class=\"wd-arrow-inner\"><\/div>\n\t\t\t<\/div>\n\t\t\t<div class=\"wd-btn-arrow wd-next\">\n\t\t\t\t<div class=\"wd-arrow-inner\"><\/div>\n\t\t\t<\/div>\n\t\t<\/div>\n\t\t\t\t\t<\/div>\n\t\t<\/div>\n\t<\/div>\n\t\t\t\t\t<\/div>\n\t\t\t\t\t<div class=\"summary entry-summary text-left wd-grid-col\" style=\"--wd-col-lg:6;--wd-col-md:6;--wd-col-sm:12;\">\n\t\t\t\t\t\t<div class=\"summary-inner wd-set-mb reset-last-child\">\n\t\t\t\t\t\t\t\t\t\t\t\t\t\t\t<div class=\"single-breadcrumbs-wrapper wd-grid-f\">\n\t\t\t\t\t\t\t\t\t\t\t\t\t\t\t\t\t\t\t<nav class=\"wd-breadcrumbs woocommerce-breadcrumb\" aria-label=\"Migaja de pan\">\t\t\t\t<a href=\"https:\/\/dreammate.shop\/es\">\n\t\t\t\t\tInicio\t\t\t\t<\/a>\n\t\t\t<span class=\"wd-delimiter\"><\/span>\t\t\t\t<a href=\"https:\/\/dreammate.shop\/es\/product-category\/others\/\" class=\"wd-last-link\">\n\t\t\t\t\tOtros\t\t\t\t<\/a>\n\t\t\t<span class=\"wd-delimiter\"><\/span>\t\t\t\t<span class=\"wd-last\">\n\t\t\t\t\tPersonalizaci\u00f3n\t\t\t\t<\/span>\n\t\t\t<\/nav>\t\t\t\t\t\t\t\t\t\t\t\t\t\t\t\t\t\t\t\t\t\t\t\t\t\t\t\t\n<div class=\"wd-products-nav\">\n\t\t\t<div class=\"wd-event-hover\">\n\t\t\t<a class=\"wd-product-nav-btn wd-btn-prev\" href=\"https:\/\/dreammate.shop\/es\/product\/l21\/\" aria-label=\"Producto anterior\"><\/a>\n\n\t\t\t<div class=\"wd-dropdown\">\n\t\t\t\t<a href=\"https:\/\/dreammate.shop\/es\/product\/l21\/\" class=\"wd-product-nav-thumb\">\n\t\t\t\t\t<img decoding=\"async\" width=\"300\" height=\"360\" src=\"https:\/\/dreammate.shop\/wp-content\/uploads\/2025\/09\/1-11-300x360.jpg\" class=\"attachment-woocommerce_thumbnail size-woocommerce_thumbnail\" alt=\"L21\" srcset=\"https:\/\/dreammate.shop\/wp-content\/uploads\/2025\/09\/1-11-300x360.jpg 300w, https:\/\/dreammate.shop\/wp-content\/uploads\/2025\/09\/1-11-500x600.jpg 500w\" sizes=\"(max-width: 300px) 100vw, 300px\" \/>\t\t\t\t<\/a>\n\n\t\t\t\t<div class=\"wd-product-nav-desc\">\n\t\t\t\t\t<a href=\"https:\/\/dreammate.shop\/es\/product\/l21\/\" class=\"wd-entities-title\">\n\t\t\t\t\t\tL21\t\t\t\t\t<\/a>\n\n\t\t\t\t\t<span class=\"price\">\n\t\t\t\t\t\t<span class=\"woocommerce-Price-amount amount\"><bdi><span class=\"woocommerce-Price-currencySymbol\">&#36;<\/span>2,199.00<\/bdi><\/span>\t\t\t\t\t<\/span>\n\t\t\t\t<\/div>\n\t\t\t<\/div>\n\t\t<\/div>\n\t\n\t<a href=\"https:\/\/dreammate.shop\/es\/comercio\/\" class=\"wd-product-nav-btn wd-btn-back wd-tooltip\">\n\t\t<span>\n\t\t\tVolver a los productos\t\t<\/span>\n\t<\/a>\n\n\t\t\t<div class=\"wd-event-hover\">\n\t\t\t<a class=\"wd-product-nav-btn wd-btn-next\" href=\"https:\/\/dreammate.shop\/es\/product\/deposito\/\" aria-label=\"Siguiente producto\"><\/a>\n\n\t\t\t<div class=\"wd-dropdown\">\n\t\t\t\t<a href=\"https:\/\/dreammate.shop\/es\/product\/deposito\/\" class=\"wd-product-nav-thumb\">\n\t\t\t\t\t<img decoding=\"async\" width=\"300\" height=\"360\" src=\"https:\/\/dreammate.shop\/wp-content\/uploads\/2025\/09\/deposit3-300x360.png\" class=\"attachment-woocommerce_thumbnail size-woocommerce_thumbnail\" alt=\"dep\u00f3sito\" srcset=\"https:\/\/dreammate.shop\/wp-content\/uploads\/2025\/09\/deposit3-300x360.png 300w, https:\/\/dreammate.shop\/wp-content\/uploads\/2025\/09\/deposit3-500x600.png 500w\" sizes=\"(max-width: 300px) 100vw, 300px\" \/>\t\t\t\t<\/a>\n\n\t\t\t\t<div class=\"wd-product-nav-desc\">\n\t\t\t\t\t<a href=\"https:\/\/dreammate.shop\/es\/product\/deposito\/\" class=\"wd-entities-title\">\n\t\t\t\t\t\tDep\u00f3sito\t\t\t\t\t<\/a>\n\n\t\t\t\t\t<span class=\"price\">\n\t\t\t\t\t\t<span class=\"woocommerce-Price-amount amount\"><bdi><span class=\"woocommerce-Price-currencySymbol\">&#36;<\/span>1.00<\/bdi><\/span>\t\t\t\t\t<\/span>\n\t\t\t\t<\/div>\n\t\t\t<\/div>\n\t\t<\/div>\n\t<\/div>\n\t\t\t\t\t\t\t\t\t\t\t\t\t\t\t\t\t<\/div>\n\t\t\t\t\t\t\t\n\t\t\t\t\t\t\t\n<h1 class=\"product_title entry-title wd-entities-title\">\n\t\n\tPersonalizaci\u00f3n\n\t<\/h1>\n\t<div class=\"woocommerce-product-rating\">\n\t\t<div class=\"star-rating\" role=\"img\" aria-label=\"Valorado con 5.00 de 5\"><span style=\"width:100%\">Valorado con <strong class=\"rating\">5.00<\/strong> de 5 en base a <span class=\"rating\">1<\/span> valoraci\u00f3n de un cliente<\/span><\/div>\n\t\t\t\t\t\t\t\t<a href=\"#reviews\" class=\"woocommerce-review-link\" rel=\"nofollow\">(<span class=\"count\">1<\/span> valoraci\u00f3n del cliente)<\/a>\n\t\t\t\t\t\t<\/div>\n<p class=\"price\"><del aria-hidden=\"true\"><span class=\"woocommerce-Price-amount amount\"><bdi><span class=\"woocommerce-Price-currencySymbol\">&#36;<\/span>16,588.00<\/bdi><\/span><\/del> <span class=\"screen-reader-text\">El precio original era: $16,588.00.<\/span><ins aria-hidden=\"true\"><span class=\"woocommerce-Price-amount amount\"><bdi><span class=\"woocommerce-Price-currencySymbol\">&#36;<\/span>0.00<\/bdi><\/span><\/ins><span class=\"screen-reader-text\">El precio actual es: $0.00.<\/span><\/p>\n\t\t\t\t\t\n\t\n\t<form class=\"cart\" action=\"\" method=\"post\" enctype='multipart\/form-data' data-trp-original-action=\"\">\n\t\t<input type=\"hidden\" class=\"tm-epo-counter\" name=\"tm-epo-counter\" value=\"1\"><input type=\"hidden\" data-epo-id=\"1\" class=\"tc-add-to-cart\" name=\"tcaddtocart\" value=\"1603\">\n\t\t\n<div class=\"quantity\">\n\t\n\t\t\t<input type=\"button\" value=\"-\" class=\"minus btn\" \/>\n\t\n\t<label class=\"screen-reader-text\" for=\"quantity_69ee11a1f1434\">Personalizaci\u00f3n personal cantidad<\/label>\n\t<input\n\t\ttype=\"number\"\n\t\t\t\tid=\"quantity_69ee11a1f1434\"\n\t\tclass=\"input-text qty text\"\n\t\tvalue=\"1\"\n\t\taria-label=\"Cantidad de productos\"\n\t\t\t\tmin=\"1\"\n\t\t\t\tname=\"quantity\"\n\n\t\t\t\t\tstep=\"1\"\n\t\t\tplaceholder=\"\"\n\t\t\tinputmode=\"numeric\"\n\t\t\tautocomplete=\"off\"\n\t\t\t>\n\n\t\t\t<input type=\"button\" value=\"+\" class=\"plus btn\" \/>\n\t\n\t<\/div>\n\n\t\t<button type=\"submit\" name=\"add-to-cart\" value=\"1603\" class=\"single_add_to_cart_button button alt\">A\u00f1adir al carrito<\/button>\n\n\t\t\t\t\t<button id=\"wd-add-to-cart\" type=\"submit\" name=\"wd-add-to-cart\" value=\"1603\" class=\"wd-buy-now-btn button alt\">\n\t\t\t\tComprar ahora\t\t\t<\/button>\n\t\t\t<input type=\"hidden\" name=\"trp-form-language\" value=\"es\"\/><\/form>\n\n\t\n\t\t\t\t\t\t<div class=\"wd-compare-btn product-compare-button wd-action-btn wd-style-text wd-compare-icon\">\n\t\t\t<a href=\"https:\/\/dreammate.shop\/es\/comparar\/\" data-id=\"1603\" rel=\"nofollow\" data-added-text=\"Compare products\">\n\t\t\t\t<span>A\u00f1adir para comparar<\/span>\n\t\t\t<\/a>\n\t\t<\/div>\n\t\t\t\t\t<div class=\"wd-wishlist-btn wd-action-btn wd-style-text wd-wishlist-icon\">\n\t\t\t\t<a class=\"\" href=\"https:\/\/dreammate.shop\/es\/lista-de-deseos\/\" data-key=\"15a05db652\" data-product-id=\"1603\" rel=\"nofollow\" data-added-text=\"Browse Wishlist\">\n\t\t\t\t\t<span>A\u00f1adir a la lista de deseos<\/span>\n\t\t\t\t<\/a>\n\t\t\t<\/div>\n\t\t\n<div class=\"product_meta\">\n\t\n\t\n\t\t\t<span class=\"posted_in\"><span class=\"meta-label\">Categor\u00eda:<\/span> <a href=\"https:\/\/dreammate.shop\/es\/product-category\/others\/\" rel=\"tag\">Otros<\/a><\/span>\t\n\t\t\t\t\n\t\n\t<\/div>\n\t\t\t\t\t\t<\/div>\n\t\t\t\t\t<\/div>\n\t\t\t\t<\/div>\n\t\t\t<\/div>\n\n\t\t\t\n\t\t<\/div>\n\n\t\t\n\t<\/div>\n\n\t\t\t<div class=\"product-tabs-wrapper\">\n\t\t\t<div class=\"container product-tabs-inner\">\n\t\t\t\t<div class=\"woocommerce-tabs wc-tabs-wrapper tabs-layout-tabs wd-opener-pos-right wd-opener-style-arrow\" data-state=\"first\" data-layout=\"tabs\">\n\t\t\t\t\t<div class=\"wd-nav-wrapper wd-nav-tabs-wrapper text-center\">\n\t\t\t\t<ul class=\"wd-nav wd-nav-tabs tabs wc-tabs wd-style-underline-reverse\" role=\"tablist\">\n\t\t\t\t\t\t\t\t\t\t\t\t\t\t\t\t\t<li class=\"reviews_tab active\" id=\"tab-title-reviews\" role=\"presentation\">\n\t\t\t\t\t\t\t<a class=\"wd-nav-link\" href=\"#tab-reviews\" aria-controls=\"tab-reviews\" role=\"tab\">\n\t\t\t\t\t\t\t\t\t\t\t\t\t\t\t\t\t<span class=\"nav-link-text wd-tabs-title\">\n\t\t\t\t\t\t\t\t\t\tValoraciones (1)\t\t\t\t\t\t\t\t\t<\/span>\n\t\t\t\t\t\t\t\t\t\t\t\t\t\t\t<\/a>\n\t\t\t\t\t\t<\/li>\n\n\t\t\t\t\t\t\t\t\t\t\t\t\t\t\t<\/ul>\n\t\t\t<\/div>\n\t\t\n\t\t\t\t\t\t\t\t<div class=\"wd-accordion-item\">\n\t\t\t\t<div id=\"tab-item-title-reviews\" class=\"wd-accordion-title tab-title-reviews wd-active\" data-accordion-index=\"reviews\">\n\t\t\t\t\t<div class=\"wd-accordion-title-text\">\n\t\t\t\t\t\t\t\t\t\t\t\t\t<span>\n\t\t\t\t\t\t\t\tValoraciones (1)\t\t\t\t\t\t\t<\/span>\n\t\t\t\t\t\t\t\t\t\t\t<\/div>\n\n\t\t\t\t\t<span class=\"wd-accordion-opener\"><\/span>\n\t\t\t\t<\/div>\n\n\t\t\t\t<div class=\"entry-content woocommerce-Tabs-panel woocommerce-Tabs-panel--reviews wd-active panel wc-tab wd-single-reviews wd-layout-two-column wd-form-pos-after\" id=\"tab-reviews\" role=\"tabpanel\" aria-labelledby=\"tab-title-reviews\" data-accordion-index=\"reviews\">\n\t\t\t\t\t<div class=\"wc-tab-inner wd-entry-content\">\n\t\t\t\t\t\t\t\t\t\t\t\t\t<div id=\"reviews\" class=\"woocommerce-Reviews\" data-product-id=\"1603\">\n\t\n\t<div id=\"comments\">\n\t\t<div class=\"wd-reviews-heading\">\n\t\t\t<div class=\"wd-reviews-tools\">\n\t\t\t\t<h2 class=\"woocommerce-Reviews-title\">\n\t\t\t\t\t1 valoraci\u00f3n en <span>Personalizaci\u00f3n<\/span>\t\t\t\t<\/h2>\n\n\t\t\t\t\t\t\t<\/div>\n\n\t\t\t\t\t<\/div>\n\n\t\t<div class=\"wd-reviews-content\">\n\t\t\t\t\t\t\t\t\t<ol class=\"commentlist wd-grid-g wd-active wd-in wd-review-style-1\" style=\"--wd-col-lg: 1;--wd-col-md: 1;--wd-col-sm: 1;\" data-reviews-columns=\"{&quot;reviews_columns&quot;:1,&quot;reviews_columns_tablet&quot;:1,&quot;reviews_columns_mobile&quot;:1}\">\n\t\t\t<li class=\"wcpr-masonry-style wcpr-grid wcpr-masonry-3-col wcpr-masonry-popup-review\" data-wcpr_columns=\"3\"><div id=\"comment-17\" class=\"wcpr-grid-item\"><div class=\"wcpr-content\"><div class=\"review-content-container\">            <div class=\"review-content-container-top\">\r\n                <div class=\"review-content-container-top-left\">\r\n\t\t\t\t\t                <\/div>\r\n                <div class=\"review-content-container-top-right\">\r\n\t\t\t\t\t                    <div class=\"wcpr-comment-author\">\r\n\t\t\t\t\t\tcompa\u00f1ero de ensue\u00f1o1688                    <\/div>\r\n                    <div class=\"wcpr-review-rating\">\r\n\t\t\t\t\t\t<div class=\"star-rating\" role=\"img\" aria-label=\"Valorado con 5 de 5\"><span style=\"width:100%\">Valorado con <strong class=\"rating\">5<\/strong> de 5<\/span><\/div>                            <div class=\"wcpr-review-date\">\r\n\t\t\t\t\t\t\t\t13\/10\/2025                            <\/div>\r\n\t\t\t\t\t\t\t                    <\/div>\r\n                <\/div>\r\n            <\/div>\r\n\t\t\t        <div class=\"wcpr-review-content\">Mu\u00f1eca ideal, novela<\/div>\r\n\t\t            <div class=\"wcpr-comment-helpful-button-container\"\r\n                 data-comment_id=\"17\">\r\n                <div class=\"wcpr-comment-helpful-button-voting-overlay\"><\/div>\r\n\t\t\t\t                    <div class=\"wcpr-comment-helpful-button-vote-container\">\r\n\t\t\t\t\t\t<span class=\"wcpr-comment-helpful-button-label\">\u00bf\u00datil?<\/span>                        <span class=\"wcpr-comment-helpful-button-up-vote-count\">\r\n                        0                    <\/span>\r\n                        <span class=\"wcpr-comment-helpful-button wcpr-comment-helpful-button-up-vote woocommerce-photo-reviews-vote-like\"><\/span>\r\n                        <span class=\"wcpr-comment-helpful-button wcpr-comment-helpful-button-down-vote woocommerce-photo-reviews-vote-like\"><\/span>\r\n                        <span class=\"wcpr-comment-helpful-button-down-vote-count\">\r\n                        0                    <\/span>\r\n                    <\/div>\r\n\t\t\t\t\t            <\/div>\r\n\t\t\t<\/div><\/div><\/div><div class=\"wcpr-grid-overlay wcpr-hidden\"><\/div><\/li>\t\t<\/ol>\n\t\t\n\t\t\t\t\t\t\t\t\t<\/div>\n\n\t\t<div class=\"wd-loader-overlay wd-fill\"><\/div>\n\t<\/div>\n\n\t\t\t<div id=\"review_form_wrapper\">\n\t\t\t<div id=\"review_form\">\n\t\t\t\t\t<div id=\"respond\" class=\"comment-respond\">\n\t\t<span id=\"reply-title\" class=\"comment-reply-title title\" role=\"heading\" aria-level=\"3\">agregar una valoraci\u00f3n <small><a rel=\"nofollow\" id=\"cancel-comment-reply-link\" href=\"\/es\/wp-json\/wp\/v2\/pages\/692#respond\" style=\"display:none;\">Cancelar la respuesta<\/a><\/small><\/span><form enctype=\"multipart\/form-data\" action=\"https:\/\/dreammate.shop\/wp-comments-post.php\" method=\"post\" id=\"commentform\" class=\"comment-form\" data-trp-original-action=\"https:\/\/dreammate.shop\/wp-comments-post.php\"><p class=\"comment-notes\"><span id=\"email-notes\">Tu direcci\u00f3n de correo electr\u00f3nico no ser\u00e1 publicada.<\/span> <span class=\"required-field-message\">Los campos obligatorios est\u00e1n marcados con <span class=\"required\">*<\/span><\/span><\/p><div class=\"comment-form-rating\"><label for=\"rating\" id=\"comment-form-rating-label\">T\u00fa&nbsp;<span class=\"required\">*<\/span><\/label><select name=\"rating\" id=\"rating\" required>\n\t\t\t\t\t\t<option value=\"\">Puntuar\u2026<\/option>\n\t\t\t\t\t\t<option value=\"5\">Perfecto<\/option>\n\t\t\t\t\t\t<option value=\"4\">Bueno<\/option>\n\t\t\t\t\t\t<option value=\"3\">Normal<\/option>\n\t\t\t\t\t\t<option value=\"2\">No est\u00e1 tan mal<\/option>\n\t\t\t\t\t\t<option value=\"1\">Muy pobre<\/option>\n\t\t\t\t\t<\/select><\/div><p class=\"comment-form-comment\"><label for=\"comment\">Tu valoraci\u00f3n&nbsp;<span class=\"required\">*<\/span><\/label><textarea id=\"comment\" name=\"comment\" cols=\"45\" rows=\"8\" required><\/textarea><\/p>    <div class=\"wcpr-comment-form-images wcpr-comment-form-images-with-caption\">\r\n        <label for=\"wcpr_image_upload\">\r\n            Seleccione im\u00e1genes y v\u00eddeos (tama\u00f1o m\u00e1ximo: 2000 KB, m\u00e1ximo de archivos: 5)        <\/label>\r\n        <div class=\"wcpr-input-file-container\">\r\n            <div class=\"wcpr-input-file-wrap\">\r\n                <button class=\"wcpr_image_upload_button button\"\r\n                        type=\"button\">Selecciona im\u00e1genes y v\u00eddeos<\/button>\r\n                <input type=\"file\" name=\"wcpr_image_upload[]\" id=\"wcpr_image_upload\"\r\n                       class=\"wcpr_image_upload wcpr-hidden\" multiple\r\n accept=\".jpg, .jpeg, .png, .bmp, .webp, .gif, .mp4, .mov, .webm\"\/>\r\n                <div class=\"wcpr-selected-image-container\"><\/div>\r\n            <\/div>\r\n        <\/div>\r\n    <\/div>\r\n    <p  class=\"wcpr-comment-form-error-wraps wcpr-comment-form-error wcpr-hidden\" role=\"alert\"><\/p><p  class=\"wcpr-comment-form-notify-wraps wcpr-comment-form-notify wcpr-hidden\" role=\"alert\">Tu rese\u00f1a se est\u00e1 enviando. Por favor, espera un momento. <span><span><\/span><span><\/span><span><\/span><\/span><\/p><input type=\"hidden\" id=\"wcpr_image_upload_nonce\" name=\"wcpr_image_upload_nonce\" value=\"7ab8467ad0\" \/><p class=\"comment-form-author\"><label for=\"author\">Nombre&nbsp;<span class=\"required\">*<\/span><\/label><input id=\"author\" name=\"author\" type=\"text\" autocomplete=\"name\" value=\"\" size=\"30\" required \/><\/p>\n<p class=\"comment-form-email\"><label for=\"email\">Correo electr\u00f3nico&nbsp;<span class=\"required\">*<\/span><\/label><input id=\"email\" name=\"email\" type=\"email\" autocomplete=\"email\" value=\"\" size=\"30\" required \/><\/p>\n<p class=\"comment-form-cookies-consent\"><input id=\"wp-comment-cookies-consent\" name=\"wp-comment-cookies-consent\" type=\"checkbox\" value=\"yes\" \/> <label for=\"wp-comment-cookies-consent\">Guarde mi nombre, correo electr\u00f3nico y web en este navegador para la pr\u00f3xima vez que comente.<\/label><\/p>\n<p class=\"form-submit\"><input name=\"submit\" type=\"submit\" id=\"submit\" class=\"submit\" value=\"Enviar\" \/> <input type='hidden' name='comment_post_ID' value='1603' id='comment_post_ID' \/>\n<input type='hidden' name='comment_parent' id='comment_parent' value='0' \/>\n<\/p><input type=\"hidden\" name=\"trp-form-language\" value=\"es\"\/><\/form>\t<\/div><!-- #respond -->\n\t\t\t\t<\/div>\n\t\t<\/div>\n\t<\/div>\n\t\t\t\t\t\t\t\t\t\t\t<\/div>\n\t\t\t\t<\/div>\n\t\t\t<\/div>\n\n\t\t\t\t\t\n\t\t\t<\/div>\n\t\t\t\n\t\t\t<div id=\"carousel-280\" class=\"wd-carousel-container  related-products with-title wd-products-element wd-products products\">\n\t\t\t\t\n\t\t\t\t\t\t\t\t\t<h2 class=\"wd-el-title title slider-title element-title\"><span>Productos relacionados<\/span><\/h2>\t\t\t\t\t\t\t\n\t\t\t\t<div class=\"wd-carousel-inner\">\n\t\t\t\t\t<div class=\"wd-carousel wd-grid\" data-scroll_per_page=\"yes\" style=\"--wd-col-lg:4;--wd-col-md:4;--wd-col-sm:2;--wd-gap-lg:20px;--wd-gap-sm:10px;\">\n\t\t\t\t\t\t<div class=\"wd-carousel-wrap\">\n\t\t\t\t\t\t\t\t\t<div class=\"wd-carousel-item\">\n\t\t\t\t\t\t\t\t\t\t\t<div class=\"wd-product wd-hover-quick product-grid-item product type-product post-1626 status-publish last instock product_cat-others has-post-thumbnail shipping-taxable purchasable product-type-simple\" data-loop=\"1\" data-id=\"1626\">\n\t\n\t\n<div class=\"product-wrapper\">\n\t<div class=\"product-element-top wd-quick-shop\">\n\t\t<a href=\"https:\/\/dreammate.shop\/es\/product\/deposito\/\" class=\"product-image-link\" aria-label=\"Dep\u00f3sito\">\n\t\t\t<img decoding=\"async\" width=\"300\" height=\"360\" src=\"https:\/\/dreammate.shop\/wp-content\/uploads\/2025\/09\/deposit3-300x360.png\" class=\"attachment-woocommerce_thumbnail size-woocommerce_thumbnail\" alt=\"dep\u00f3sito\" srcset=\"https:\/\/dreammate.shop\/wp-content\/uploads\/2025\/09\/deposit3-300x360.png 300w, https:\/\/dreammate.shop\/wp-content\/uploads\/2025\/09\/deposit3-500x600.png 500w\" sizes=\"(max-width: 300px) 100vw, 300px\" \/>\t\t<\/a>\n\n\t\t\t\t<div class=\"wd-buttons wd-pos-r-t\">\n\t\t\t\t\t\t\t\t<div class=\"wd-compare-btn product-compare-button wd-action-btn wd-style-icon wd-compare-icon\">\n\t\t\t<a href=\"https:\/\/dreammate.shop\/es\/comparar\/\" data-id=\"1626\" rel=\"nofollow\" data-added-text=\"Compare products\">\n\t\t\t\t<span>A\u00f1adir para comparar<\/span>\n\t\t\t<\/a>\n\t\t<\/div>\n\t\t\t\t\t\t\t\t\t\t\t<div class=\"wd-wishlist-btn wd-action-btn wd-style-icon wd-wishlist-icon\">\n\t\t\t\t<a class=\"\" href=\"https:\/\/dreammate.shop\/es\/lista-de-deseos\/\" data-key=\"15a05db652\" data-product-id=\"1626\" rel=\"nofollow\" data-added-text=\"Browse Wishlist\">\n\t\t\t\t\t<span>A\u00f1adir a la lista de deseos<\/span>\n\t\t\t\t<\/a>\n\t\t\t<\/div>\n\t\t\t\t<\/div>\n\n\t\t\t\t\t<div class=\"wd-add-btn wd-add-btn-replace\">\n\t\t\t\t\n\t\t\t\t<a href=\"\/es\/wp-json\/wp\/v2\/pages\/692?add-to-cart=1626\" aria-describedby=\"woocommerce_loop_add_to_cart_link_describedby_1626\" data-quantity=\"1\" class=\"button product_type_simple add_to_cart_button ajax_add_to_cart add-to-cart-loop\" data-product_id=\"1626\" data-product_sku=\"\" aria-label=\"A\u00f1adir al carrito: \u201cDep\u00f3sito\u201d\" rel=\"nofollow\" data-success_message=\"\u00abDeposit\u00bb se ha a\u00f1adido a tu carrito\" data-epo-id=\"1\" role=\"button\"><span>A\u00f1adir al carrito<\/span><\/a>\t<span id=\"woocommerce_loop_add_to_cart_link_describedby_1626\" class=\"screen-reader-text\">\n\t\t\t<\/span>\n\t\t\t\t\t\t\t<\/div>\n\t\t\t<\/div>\n\t\t\t<h3 class=\"wd-entities-title\"><a href=\"https:\/\/dreammate.shop\/es\/product\/deposito\/\">Dep\u00f3sito<\/a><\/h3>\n\t\t\t<div class=\"wd-product-cats\">\n\t\t\t<a href=\"https:\/\/dreammate.shop\/es\/product-category\/others\/\" rel=\"tag\">Otros<\/a>\t\t<\/div>\n\t\t\t\t\n\t<span class=\"price\"><span class=\"woocommerce-Price-amount amount\"><bdi><span class=\"woocommerce-Price-currencySymbol\">&#36;<\/span>1.00<\/bdi><\/span><\/span>\n\n\t\n\t\n\t\t<\/div>\n<\/div>\n\t\t\t\t\t<\/div>\n\t\t\t\t\t\t\t\t<\/div>\n\t\t\t\t\t<\/div>\n\n\t\t\t\t\t\t\t<div class=\"wd-nav-arrows wd-pos-sep wd-hover-1 wd-icon-1\">\n\t\t\t<div class=\"wd-btn-arrow wd-prev wd-disabled\">\n\t\t\t\t<div class=\"wd-arrow-inner\"><\/div>\n\t\t\t<\/div>\n\t\t\t<div class=\"wd-btn-arrow wd-next\">\n\t\t\t\t<div class=\"wd-arrow-inner\"><\/div>\n\t\t\t<\/div>\n\t\t<\/div>\n\t\t\t\t\t\t<\/div>\n\n\t\t\t\t\t\t\t\t\t<div class=\"wd-nav-pagin-wrap text-center wd-style-shape wd-hide-md-sm wd-hide-sm\">\n\t\t\t<ul class=\"wd-nav-pagin\"><\/ul>\n\t\t<\/div>\n\t\t\t\t\t\t\t\t\t<\/div>\n\t\t\t\t\t\t\t\t\t<\/div>\n\t\t<\/div>\n\t\n\t\n\t<div class=\"container related-and-upsells\">\n\t\t\t<\/div>\n\n<\/div>\n\n\t\t\t<\/div>\n\t\t\t<\/div>\n<\/div>\n\t\t\t\t\t\t<\/div>\n\t\t\t\t\t<\/div>\n\t\t\t\t<\/div>\n\t\t\t\t<\/div>","protected":false},"excerpt":{"rendered":"","protected":false},"author":1,"featured_media":0,"parent":0,"menu_order":0,"comment_status":"closed","ping_status":"closed","template":"","meta":{"_seopress_robots_primary_cat":"","_seopress_titles_title":"","_seopress_titles_desc":"","_seopress_robots_index":"","footnotes":""},"class_list":["post-692","page","type-page","status-publish"],"_links":{"self":[{"href":"https:\/\/dreammate.shop\/es\/wp-json\/wp\/v2\/pages\/692","targetHints":{"allow":["GET"]}}],"collection":[{"href":"https:\/\/dreammate.shop\/es\/wp-json\/wp\/v2\/pages"}],"about":[{"href":"https:\/\/dreammate.shop\/es\/wp-json\/wp\/v2\/types\/page"}],"author":[{"embeddable":true,"href":"https:\/\/dreammate.shop\/es\/wp-json\/wp\/v2\/users\/1"}],"replies":[{"embeddable":true,"href":"https:\/\/dreammate.shop\/es\/wp-json\/wp\/v2\/comments?post=692"}],"version-history":[{"count":4,"href":"https:\/\/dreammate.shop\/es\/wp-json\/wp\/v2\/pages\/692\/revisions"}],"predecessor-version":[{"id":1607,"href":"https:\/\/dreammate.shop\/es\/wp-json\/wp\/v2\/pages\/692\/revisions\/1607"}],"wp:attachment":[{"href":"https:\/\/dreammate.shop\/es\/wp-json\/wp\/v2\/media?parent=692"}],"curies":[{"name":"wp","href":"https:\/\/api.w.org\/{rel}","templated":true}]}}