{"id":912,"date":"2025-09-23T10:17:48","date_gmt":"2025-09-23T02:17:48","guid":{"rendered":"https:\/\/dreammate.shop\/?page_id=912"},"modified":"2025-10-08T21:36:47","modified_gmt":"2025-10-08T13:36:47","slug":"envio-y-entrega","status":"publish","type":"page","link":"https:\/\/dreammate.shop\/es\/envio-y-entrega\/","title":{"rendered":"Env\u00edo y entrega"},"content":{"rendered":"<h3>Despacho de aduanas, aranceles y plazos de env\u00edo<\/h3>\n<h3>Sin tarifas ocultas ni cargos adicionales para EE. UU., la UE y pa\u00edses asi\u00e1ticos.<\/h3>\n<h3>Env\u00edo gratuito a todos los pa\u00edses\/regiones donde las mu\u00f1ecas sexuales son legales.<\/h3>\n<p>&nbsp;<\/p>\n<h2>\u00a0\u00a0\u00a0Respecto al Despacho de Aduanas:<\/h2>\n<p>Nos encargamos del despacho de aduanas en EE. UU. (7-12 d\u00edas), Reino Unido y la UE (12-15 d\u00edas, env\u00edo urgente) y pa\u00edses asi\u00e1ticos (5-12 d\u00edas). Para otros pa\u00edses, el proceso suele ser sencillo y haremos todo lo posible por ayudarle. Es poco frecuente que surjan problemas con la aduana, pero si surgen problemas, le rogamos que responda con prontitud para garantizar la recepci\u00f3n de su mu\u00f1eca.<\/p>\n<p>Respecto a aranceles\/derechos:<\/p>\n<p>Para mu\u00f1ecas sexuales de tama\u00f1o completo y mu\u00f1ecas sexuales con funciones rob\u00f3ticas, si reside en EE. UU., el Reino Unido y la UE, brindamos un servicio predeterminado para ayudarlo a prepagar los aranceles de importaci\u00f3n.<\/p>\n<p>Los clientes de otros pa\u00edses podr\u00edan tener que pagar aranceles de importaci\u00f3n seg\u00fan las leyes locales. Para obtener informaci\u00f3n espec\u00edfica sobre el modelo de mu\u00f1eca, contacte con el servicio de atenci\u00f3n al cliente. Nos encargaremos de toda la comunicaci\u00f3n con la aduana, as\u00ed que no tiene que preocuparse.<\/p>\n<p>Informaci\u00f3n adicional:<\/p>\n<p>Debido a que los costos de env\u00edo a Nueva Zelanda son significativamente m\u00e1s altos, cobramos una tarifa adicional de $100 a $300 seg\u00fan el peso y las dimensiones del paquete. Para m\u00e1s informaci\u00f3n, contacte con nuestro servicio de atenci\u00f3n al cliente.<\/p>\n<p>\u00a1Nuestro objetivo es proporcionar mu\u00f1ecas de alta calidad y el mejor servicio para construir una relaci\u00f3n duradera con usted!<\/p>\n<p>&nbsp;<\/p>\n<h2>Antes del env\u00edo<\/h2>\n<p>Nuestros inspectores de calidad revisar\u00e1n cuidadosamente cada detalle de la mu\u00f1eca y le tomaremos fotos antes del env\u00edo. Por favor, verifique que su direcci\u00f3n de env\u00edo y correo electr\u00f3nico sean correctos. Adem\u00e1s, aseg\u00farese de que nuestros correos no lleguen a su carpeta de correo no deseado.<\/p>\n<p>&nbsp;<\/p>\n<h2>Embalaje<\/h2>\n<p>Nos preocupamos por tu privacidad. Todas las mu\u00f1ecas se entregan en un embalaje discreto 100%. Empaquetamos la mu\u00f1eca en una caja de cart\u00f3n resistente para proteger tu privacidad. El contenido se declarar\u00e1 como &quot;Maniqu\u00ed&quot; en el formulario de aduanas. En algunos pa\u00edses, la aduana podr\u00eda abrir la caja para determinar los impuestos de importaci\u00f3n.<\/p>\n<p>&nbsp;<\/p>\n<h2>Entrega:<\/h2>\n<p>Utilizamos UPS y FedEx para todos los env\u00edos globales.<\/p>\n<p>Una vez que reciba el n\u00famero de seguimiento, puede comunicarse con el mensajero para acordar una fecha de entrega adecuada.<\/p>\n<p>Recibir\u00e1s un n\u00famero de seguimiento en un plazo de 3 a 4 d\u00edas tras el env\u00edo, lo que te permitir\u00e1 seguir el trayecto. Tambi\u00e9n se sincronizar\u00e1 con tu cuenta Dreammate.<\/p>\n<p>Para UPS, puedes unirte a \u201cMy Choice\u201d (gratis) para programar una fecha de entrega que m\u00e1s te convenga.<\/p>\n<p>&nbsp;<\/p>\n<h2>Proceso de pedido:<\/h2>\n<p>No podemos predecir el clima ni la afluencia de p\u00fablico en el taller al momento de realizar su pedido. Sin embargo, el siguiente desglose le ayudar\u00e1 a comprender mejor todo el proceso.<\/p>\n<p>\u00bfQu\u00e9 sucede despu\u00e9s de pedir una mu\u00f1eca sexual?<\/p>\n<p>Aqu\u00ed est\u00e1 el tiempo estimado de producci\u00f3n y entrega de nuestras mu\u00f1ecas.<\/p>\n<p>Despu\u00e9s de realizar su pedido, recibir\u00e1 inmediatamente un correo electr\u00f3nico de confirmaci\u00f3n con los detalles de su pedido.<\/p>\n<p>Revisaremos manualmente su pedido para garantizar que toda la informaci\u00f3n sea correcta. Si falta algo o hay algo inusual, nos pondremos en contacto con usted para confirmarlo.<\/p>\n<p>Permitimos un per\u00edodo de gracia de 24 horas para cualquier cambio de \u00faltimo momento.<\/p>\n<p>Posteriormente, su pedido pasa a la gesti\u00f3n de nuestro taller y se pone en cola para la producci\u00f3n.<\/p>\n<p>Cuando tu mu\u00f1eca llega al principio de la cola, los fabricantes y artistas comienzan a crearla. El tiempo estimado de fabricaci\u00f3n es de 5 a 15 d\u00edas, dependiendo del material.<\/p>\n<p>Una vez completado, nuestro personal realiza un exhaustivo control de calidad y toma fotograf\u00edas (fotos de f\u00e1brica) para su aprobaci\u00f3n.<\/p>\n<p>Una vez que est\u00e9 satisfecho (y se realicen los cambios necesarios), su mu\u00f1eca se empaquetar\u00e1 cuidadosamente y se preparar\u00e1 para su env\u00edo.<\/p>\n<p>Despu\u00e9s del env\u00edo, recibir\u00e1 un n\u00famero de seguimiento dentro de 3-4 d\u00edas.<\/p>\n<p>\u00a1Tu mu\u00f1eca entonces comienza su viaje hacia ti!<\/p>\n<p>Para obtener un cronograma m\u00e1s preciso, comun\u00edquese con nuestro personal antes de comprar para conocer el per\u00edodo de tiempo actual.<\/p>\n<p>&nbsp;<\/p>\n<p>Nuestro objetivo es procesar y enviar los pedidos r\u00e1pidamente para que puedas disfrutar de tu nueva mu\u00f1eca pronto. Ten en cuenta que tu mu\u00f1eca se fabrica a medida (incluso las preconfiguradas).<\/p>\n<p>Todas las mu\u00f1ecas se env\u00edan a trav\u00e9s de UPS o FedEx, seg\u00fan su ubicaci\u00f3n.<\/p>\n<p>Este cronograma es una estimaci\u00f3n, que es est\u00e1ndar para proveedores de mu\u00f1ecas sexuales aut\u00e9nticas de estudios similares.<\/p>\n<p>&nbsp;<\/p>\n<p>Las excepciones a los plazos de producci\u00f3n\/entrega incluyen periodos de alta demanda, d\u00edas festivos (como el A\u00f1o Nuevo Chino) y circunstancias imprevistas (p. ej., COVID-19). Le notificaremos de inmediato cualquier retraso.<\/p>\n<p>Debido a la pandemia mundial, estamos experimentando retrasos en las entregas. Cont\u00e1ctanos por chat en vivo para obtener un plazo de entrega realista.<\/p>\n<p>&nbsp;<\/p>\n<h2>Detalles de entrega:<\/h2>\n<p>Todas las mu\u00f1ecas se env\u00edan por UPS, FedEx o DHL. Estas empresas de mensajer\u00eda ofrecen actualizaciones de seguimiento peri\u00f3dicas, para que sepas la fecha de entrega con antelaci\u00f3n.<\/p>\n<p>Nuestro objetivo es enviar los productos r\u00e1pidamente, pero recuerde que su mu\u00f1eca se fabrica a pedido y requiere tiempo para su creaci\u00f3n.<\/p>\n<p>&nbsp;<\/p>\n<h2>Env\u00edo:<\/h2>\n<p>Si no puede aceptar la entrega en la fecha programada, contacte directamente con el mensajero para reprogramarla. Recibir\u00e1 los datos del mensajero cuando se procese el env\u00edo de su pedido.<\/p>\n<p>Proporcione su n\u00famero de tel\u00e9fono al realizar el pedido, ya que el mensajero lo requiere para la entrega.<\/p>\n<p>Nos esforzamos por garantizar que los mensajeros se comuniquen con usted antes de la entrega, pero tambi\u00e9n recomendamos comunicarse con ellos directamente al recibir su n\u00famero de seguimiento para confirmar sus requisitos de entrega.<\/p>\n<p>&nbsp;<\/p>\n<h2>Costos de env\u00edo<\/h2>\n<p>\u00a1Env\u00edo gratuito a todos los pa\u00edses! Sin embargo, no realizamos env\u00edos a pa\u00edses con leyes estrictas contra los juguetes sexuales (por ejemplo, la mayor\u00eda de los pa\u00edses isl\u00e1micos, India, \u00c1frica y Brasil). Si tiene dudas sobre las leyes de su pa\u00eds, cons\u00faltenos antes de comprar para evitar problemas con reembolsos y cargos. En pa\u00edses como Canad\u00e1, Reino Unido, Suiza, Noruega, Australia y Nueva Zelanda, la aduana podr\u00eda cobrar aranceles de importaci\u00f3n al llegar. Los gastos de env\u00edo no incluyen impuestos.<\/p>\n<p>&nbsp;<\/p>\n<h2>Aduanas e impuestos<\/h2>\n<p>Los aranceles e impuestos est\u00e1n regulados por la aduana y var\u00edan seg\u00fan el pa\u00eds de destino. El comprador es responsable de los impuestos de importaci\u00f3n.<\/p>\n<p>&nbsp;<\/p>\n<p>Mercanc\u00eda o embalaje da\u00f1ado<\/p>\n<p>Tras la entrega, inspeccione los art\u00edculos para detectar posibles da\u00f1os. Si la caja del producto est\u00e1 da\u00f1ada, tome fotos o videos para presentar una reclamaci\u00f3n a la empresa de transporte. Si la mu\u00f1eca se da\u00f1a durante el transporte, es posible que necesitemos su ayuda para presentar una reclamaci\u00f3n a la empresa de transporte. Informe cualquier da\u00f1o o pieza faltante dentro de las 48 horas enviando fotos o videos a infodreammate1688@gmail.com y encontraremos la mejor soluci\u00f3n lo antes posible.<\/p>\n<p>&nbsp;<\/p>\n<p>No aceptamos devoluciones de productos usados. No devuelva los art\u00edculos directamente ni rechace el paquete. No env\u00ede devoluciones a la direcci\u00f3n que figura en el paquete, ya que no es v\u00e1lida. Para m\u00e1s informaci\u00f3n sobre las pol\u00edticas de devoluci\u00f3n\/reembolso, haga clic aqu\u00ed. Si tiene alguna pregunta, cont\u00e1ctenos en info: dreammate1688@gmail.com. \u00a1Gracias!<\/p>","protected":false},"excerpt":{"rendered":"<p>Customs Clearance, Duties, and Shipping Times No hidden fees or extra charges for the USA, EU, and Asian countries. Free<\/p>","protected":false},"author":1,"featured_media":0,"parent":0,"menu_order":0,"comment_status":"closed","ping_status":"closed","template":"","meta":{"_seopress_robots_primary_cat":"","_seopress_titles_title":"","_seopress_titles_desc":"","_seopress_robots_index":"","footnotes":""},"class_list":["post-912","page","type-page","status-publish"],"_links":{"self":[{"href":"https:\/\/dreammate.shop\/es\/wp-json\/wp\/v2\/pages\/912","targetHints":{"allow":["GET"]}}],"collection":[{"href":"https:\/\/dreammate.shop\/es\/wp-json\/wp\/v2\/pages"}],"about":[{"href":"https:\/\/dreammate.shop\/es\/wp-json\/wp\/v2\/types\/page"}],"author":[{"embeddable":true,"href":"https:\/\/dreammate.shop\/es\/wp-json\/wp\/v2\/users\/1"}],"replies":[{"embeddable":true,"href":"https:\/\/dreammate.shop\/es\/wp-json\/wp\/v2\/comments?post=912"}],"version-history":[{"count":8,"href":"https:\/\/dreammate.shop\/es\/wp-json\/wp\/v2\/pages\/912\/revisions"}],"predecessor-version":[{"id":5554,"href":"https:\/\/dreammate.shop\/es\/wp-json\/wp\/v2\/pages\/912\/revisions\/5554"}],"wp:attachment":[{"href":"https:\/\/dreammate.shop\/es\/wp-json\/wp\/v2\/media?parent=912"}],"curies":[{"name":"wp","href":"https:\/\/api.w.org\/{rel}","templated":true}]}}