{"id":930,"date":"2025-09-23T10:20:56","date_gmt":"2025-09-23T02:20:56","guid":{"rendered":"https:\/\/dreammate.shop\/?page_id=930"},"modified":"2025-09-27T16:46:47","modified_gmt":"2025-09-27T08:46:47","slug":"terminos-de-servicio","status":"publish","type":"page","link":"https:\/\/dreammate.shop\/es\/terminos-de-servicio\/","title":{"rendered":"Condiciones del servicio"},"content":{"rendered":"<p>Descripci\u00f3n general \u00daltima actualizaci\u00f3n: 27 de septiembre de 2025<br \/>\nEste sitio web es operado por DreamMate. En todo el sitio, los t\u00e9rminos &quot;nosotros&quot;, &quot;nos&quot; y &quot;nuestro&quot; se refieren a DreamMate. DreamMate ofrece este sitio web, incluyendo toda la informaci\u00f3n, herramientas y servicios disponibles en \u00e9l para usted (el usuario), sujeto a su aceptaci\u00f3n de todos los t\u00e9rminos, condiciones, pol\u00edticas y avisos aqu\u00ed establecidos.<\/p>\n<h2><strong>Art\u00edculo 1: Acuerdo sobre los t\u00e9rminos<\/strong><\/h2>\n<p>Lea atentamente estos T\u00e9rminos de Servicio antes de acceder o utilizar nuestro sitio web. Al acceder o utilizar cualquier parte del sitio, usted acepta estos T\u00e9rminos de Servicio. Si no acepta todos los t\u00e9rminos y condiciones de este acuerdo, no podr\u00e1 acceder al sitio web ni utilizar ning\u00fan servicio. Si estos T\u00e9rminos de Servicio se consideran una oferta, su aceptaci\u00f3n se limita expresamente a estos T\u00e9rminos de Servicio.<\/p>\n<h2><strong>Art\u00edculo 2: Requisitos del producto<\/strong><\/h2>\n<p>Vendemos mu\u00f1ecas de silicona realistas y sus accesorios. Todos los productos est\u00e1n destinados a coleccionistas adultos y solo para uso privado. Al comprar nuestros productos, confirma que tiene al menos 18 a\u00f1os (o la mayor\u00eda de edad en su jurisdicci\u00f3n).<\/p>\n<h2><strong>Art\u00edculo 3: Restricciones y usos prohibidos<\/strong><\/h2>\n<p>Este sitio web pertenece \u00edntegramente a DreamMate. Sin la autorizaci\u00f3n escrita de DreamMate, se proh\u00edbe copiar, reproducir, plagiar o utilizar cualquier contenido de este sitio web con fines comerciales, as\u00ed como publicar o colocar cualquier contenido de este sitio web en otros sitios web.<br \/>\nAdem\u00e1s de otras prohibiciones establecidas en los T\u00e9rminos de Servicio, se le proh\u00edbe utilizar el sitio o su contenido:<br \/>\n(a) para cualquier prop\u00f3sito il\u00edcito;<br \/>\n(b) solicitar a otros que realicen o participen en actos il\u00edcitos;<br \/>\n(c) violar cualquier reglamento, norma, ley u ordenanza local internacional, federal, provincial o estatal;<br \/>\n(d) infringir o violar nuestros derechos de propiedad intelectual o los derechos de propiedad intelectual de terceros;<br \/>\n(e) acosar, abusar, insultar, da\u00f1ar, difamar, calumniar, menospreciar, intimidar o discriminar por motivos de g\u00e9nero, orientaci\u00f3n sexual, religi\u00f3n, etnia, raza, edad, origen nacional o discapacidad;<br \/>\n(f) presentar informaci\u00f3n falsa o enga\u00f1osa;<br \/>\n(g) cargar o transmitir virus o cualquier otro tipo de c\u00f3digo malicioso que pueda o sea utilizado para afectar la funcionalidad o el funcionamiento del Servicio o de cualquier sitio web relacionado, otros sitios web o Internet;<br \/>\n(h) recopilar o rastrear la informaci\u00f3n personal de otros;<br \/>\n(i) spam, phishing, pharm, pretexto, ara\u00f1a, rastreo o scraping;<br \/>\n(j) para cualquier prop\u00f3sito obsceno o inmoral;<br \/>\n(k) interferir o eludir las caracter\u00edsticas de seguridad del Servicio o de cualquier sitio web relacionado, otros sitios web o Internet.<br \/>\nNos reservamos el derecho de terminar su uso del Servicio o de cualquier sitio web relacionado por violar cualquiera de los usos prohibidos.<\/p>\n<h2><strong>Art\u00edculo 4: Pol\u00edticas de servicio del producto<\/strong><\/h2>\n<p>Los productos ofrecidos en l\u00ednea a trav\u00e9s del sitio web est\u00e1n sujetos a las siguientes pol\u00edticas:<\/p>\n<ol>\n<li>pol\u00edtica de privacidad<\/li>\n<li>Pol\u00edtica de env\u00edo y entrega<\/li>\n<li>Pol\u00edtica de devoluciones<\/li>\n<\/ol>\n<h2><strong>Art\u00edculo 5: Descargo de responsabilidad; Limitaci\u00f3n de responsabilidad<\/strong><\/h2>\n<p>No garantizamos, representamos ni aseguramos que su uso de nuestro servicio ser\u00e1 ininterrumpido, oportuno, seguro o libre de errores.<br \/>\nNo garantizamos que los resultados obtenidos del uso del servicio sean precisos o confiables.<br \/>\nUsted acepta que podemos eliminar el servicio por per\u00edodos de tiempo indefinidos o cancelar el servicio en cualquier momento, sin previo aviso.<br \/>\nUsted acepta expresamente que el uso o la imposibilidad de usar el servicio se realiza bajo su propio riesgo. El servicio y todos los productos y servicios que se le ofrecen a trav\u00e9s del mismo (salvo que lo indiquemos expresamente) se proporcionan &quot;tal cual&quot; y &quot;seg\u00fan disponibilidad&quot; para su uso, sin ninguna declaraci\u00f3n, garant\u00eda ni condici\u00f3n de ning\u00fan tipo, ya sea expresa o impl\u00edcita, incluidas todas las garant\u00edas o condiciones impl\u00edcitas de comerciabilidad, calidad comercial, idoneidad para un fin determinado, durabilidad, titularidad y no infracci\u00f3n.<br \/>\nEn ning\u00fan caso DreamMate, sus directores, funcionarios, empleados, afiliados, agentes, contratistas, pasantes, proveedores, proveedores de servicios o licenciatarios ser\u00e1n responsables de ninguna lesi\u00f3n, p\u00e9rdida, reclamaci\u00f3n o cualquier da\u00f1o directo, indirecto, incidental, punitivo, especial o consecuente de ning\u00fan tipo, incluyendo, sin limitaci\u00f3n, lucro cesante, p\u00e9rdida de ingresos, p\u00e9rdida de ahorros, p\u00e9rdida de datos, costos de reemplazo o cualquier da\u00f1o similar, ya sea por contrato, agravio (incluyendo negligencia), responsabilidad estricta o de otro tipo, que surja de su uso de cualquier servicio o cualquier producto adquirido a trav\u00e9s del servicio, o de cualquier otra reclamaci\u00f3n relacionada de alguna manera con su uso del servicio o de cualquier producto, incluyendo pero no limitado a cualquier error u omisi\u00f3n en cualquier contenido, o cualquier p\u00e9rdida o da\u00f1o de cualquier tipo incurrido como resultado del uso del servicio o de cualquier contenido (o producto) publicado, transmitido o puesto a disposici\u00f3n a trav\u00e9s del servicio, incluso si se informa de su posibilidad.<\/p>\n<h2><strong>Art\u00edculo 6: Derechos de propiedad intelectual<\/strong><\/h2>\n<p>Todo el contenido de este sitio web, incluyendo im\u00e1genes, textos y logotipos, es de nuestra propiedad y est\u00e1 protegido por las leyes de derechos de autor. No puede utilizar nuestro contenido sin nuestro consentimiento previo por escrito.<\/p>\n<h2><strong>Art\u00edculo 7: Cambios en los T\u00e9rminos<\/strong><\/h2>\n<p>Nos reservamos el derecho de actualizar estos T\u00e9rminos de Servicio en cualquier momento. Los cambios se publicar\u00e1n en esta p\u00e1gina y la fecha de &quot;\u00daltima Actualizaci\u00f3n&quot; se actualizar\u00e1 seg\u00fan corresponda.<\/p>\n<h2><strong>Declaraci\u00f3n de propiedad<\/strong><\/h2>\n<p>Este sitio web es propiedad y est\u00e1 operado por DreamMate.<\/p>","protected":false},"excerpt":{"rendered":"<p>Overview Last Updated: September 27, 2025 This website is operated by DreamMate. Throughout the site, the terms \u201cwe,\u201d \u201cus,\u201d and<\/p>","protected":false},"author":1,"featured_media":0,"parent":0,"menu_order":0,"comment_status":"closed","ping_status":"closed","template":"","meta":{"_seopress_robots_primary_cat":"","_seopress_titles_title":"","_seopress_titles_desc":"","_seopress_robots_index":"","footnotes":""},"class_list":["post-930","page","type-page","status-publish"],"_links":{"self":[{"href":"https:\/\/dreammate.shop\/es\/wp-json\/wp\/v2\/pages\/930","targetHints":{"allow":["GET"]}}],"collection":[{"href":"https:\/\/dreammate.shop\/es\/wp-json\/wp\/v2\/pages"}],"about":[{"href":"https:\/\/dreammate.shop\/es\/wp-json\/wp\/v2\/types\/page"}],"author":[{"embeddable":true,"href":"https:\/\/dreammate.shop\/es\/wp-json\/wp\/v2\/users\/1"}],"replies":[{"embeddable":true,"href":"https:\/\/dreammate.shop\/es\/wp-json\/wp\/v2\/comments?post=930"}],"version-history":[{"count":2,"href":"https:\/\/dreammate.shop\/es\/wp-json\/wp\/v2\/pages\/930\/revisions"}],"predecessor-version":[{"id":1583,"href":"https:\/\/dreammate.shop\/es\/wp-json\/wp\/v2\/pages\/930\/revisions\/1583"}],"wp:attachment":[{"href":"https:\/\/dreammate.shop\/es\/wp-json\/wp\/v2\/media?parent=930"}],"curies":[{"name":"wp","href":"https:\/\/api.w.org\/{rel}","templated":true}]}}