{"id":1118,"date":"2025-09-23T15:33:36","date_gmt":"2025-09-23T07:33:36","guid":{"rendered":"https:\/\/dreammate.shop\/?page_id=1118"},"modified":"2025-09-27T10:00:18","modified_gmt":"2025-09-27T02:00:18","slug":"faq","status":"publish","type":"page","link":"https:\/\/dreammate.shop\/fr\/faq\/","title":{"rendered":"FAQ sur le partenaire id\u00e9al"},"content":{"rendered":"<div data-elementor-type=\"wp-page\" data-elementor-id=\"1118\" class=\"elementor elementor-1118\">\n\t\t\t\t<div class=\"wd-negative-gap elementor-element elementor-element-32cc1c1 e-flex e-con-boxed e-con e-parent\" data-id=\"32cc1c1\" data-element_type=\"container\" data-e-type=\"container\">\n\t\t\t\t\t<div class=\"e-con-inner\">\n\t\t\t\t<div class=\"elementor-element elementor-element-e6950e9 elementor-widget elementor-widget-wd_accordion\" data-id=\"e6950e9\" data-element_type=\"widget\" data-e-type=\"widget\" data-widget_type=\"wd_accordion.default\">\n\t\t\t\t<div class=\"elementor-widget-container\">\n\t\t\t\t\t\n\t\t<div class=\"wd-accordion wd-style-shadow wd-titles-left wd-opener-pos-right wd-opener-style-plus\" data-state=\"first\">\n\t\t\t\t\t\t\t\n\t\t\t\t<div class=\"wd-accordion-item\">\n\t\t\t\t\t<div class=\"wd-accordion-title wd-active\" data-accordion-index=\"0\">\n\t\t\t\t\t\t<div class=\"wd-accordion-title-text\">\n\t\t\t\t\t\t\t\t\t\t\t\t\t\t<span>\n\t\t\t\t\t\t\t\tQuels modes de paiement sont accept\u00e9s\u00a0?\t\t\t\t\t\t\t<\/span>\n\t\t\t\t\t\t<\/div>\n\t\t\t\t\t\t<span class=\"wd-accordion-opener\"><\/span>\n\t\t\t\t\t<\/div>\n\n\t\t\t\t\t<div class=\"wd-accordion-content wd-entry-content wd-active\" data-accordion-index=\"0\">\n\t\t\t\t\t\t\t\t\t\t\t\t\t\n\t\t\t\t\t\t\t<p>PayPal et Alipay. Si vous souhaitez payer par carte bancaire, veuillez contacter le service client.<a href=\"mailto:dreammate1688@gmail.com\">dreammate1688@gmail.com<\/a><\/p>\n\t\t\t\t\t\t\t\t\t\t\t\t\t\t\t\t\t\t<\/div>\n\t\t\t\t<\/div>\n\t\t\t\t\t\t\t\n\t\t\t\t<div class=\"wd-accordion-item\">\n\t\t\t\t\t<div class=\"wd-accordion-title\" data-accordion-index=\"1\">\n\t\t\t\t\t\t<div class=\"wd-accordion-title-text\">\n\t\t\t\t\t\t\t\t\t\t\t\t\t\t<span>\n\t\t\t\t\t\t\t\tExiste-t-il une garantie ?\t\t\t\t\t\t\t<\/span>\n\t\t\t\t\t\t<\/div>\n\t\t\t\t\t\t<span class=\"wd-accordion-opener\"><\/span>\n\t\t\t\t\t<\/div>\n\n\t\t\t\t\t<div class=\"wd-accordion-content wd-entry-content\" data-accordion-index=\"1\">\n\t\t\t\t\t\t\t\t\t\t\t\t\t\n\t\t\t\t\t\t\t<p>\u00ab Si le colis est perdu ou ne peut \u00eatre re\u00e7u en raison d&#039;un cas de force majeure, nous vous rembourserons int\u00e9gralement. \u00bb<br \/>Avant l&#039;exp\u00e9dition, nous enverrons aux clients des vid\u00e9os de la poup\u00e9e finie et de l&#039;emballage afin de garantir leur int\u00e9r\u00eat.<\/p>\n\t\t\t\t\t\t\t\t\t\t\t\t\t\t\t\t\t\t<\/div>\n\t\t\t\t<\/div>\n\t\t\t\t\t\t\t\n\t\t\t\t<div class=\"wd-accordion-item\">\n\t\t\t\t\t<div class=\"wd-accordion-title\" data-accordion-index=\"2\">\n\t\t\t\t\t\t<div class=\"wd-accordion-title-text\">\n\t\t\t\t\t\t\t\t\t\t\t\t\t\t<span>\n\t\t\t\t\t\t\t\tQuel est le d\u00e9lai de production ?\t\t\t\t\t\t\t<\/span>\n\t\t\t\t\t\t<\/div>\n\t\t\t\t\t\t<span class=\"wd-accordion-opener\"><\/span>\n\t\t\t\t\t<\/div>\n\n\t\t\t\t\t<div class=\"wd-accordion-content wd-entry-content\" data-accordion-index=\"2\">\n\t\t\t\t\t\t\t\t\t\t\t\t\t\n\t\t\t\t\t\t\t<p>2 \u00e0 5 jours.<\/p>\n\t\t\t\t\t\t\t\t\t\t\t\t\t\t\t\t\t\t<\/div>\n\t\t\t\t<\/div>\n\t\t\t\t\t\t\t\n\t\t\t\t<div class=\"wd-accordion-item\">\n\t\t\t\t\t<div class=\"wd-accordion-title\" data-accordion-index=\"3\">\n\t\t\t\t\t\t<div class=\"wd-accordion-title-text\">\n\t\t\t\t\t\t\t\t\t\t\t\t\t\t<span>\n\t\t\t\t\t\t\t\tCombien de temps faudra-t-il pour que le service client r\u00e9ponde ?\t\t\t\t\t\t\t<\/span>\n\t\t\t\t\t\t<\/div>\n\t\t\t\t\t\t<span class=\"wd-accordion-opener\"><\/span>\n\t\t\t\t\t<\/div>\n\n\t\t\t\t\t<div class=\"wd-accordion-content wd-entry-content\" data-accordion-index=\"3\">\n\t\t\t\t\t\t\t\t\t\t\t\t\t\n\t\t\t\t\t\t\t<p>\u00abNos heures de travail sont du lundi au dimanche, de 7h \u00e0 15h.\u00bb<br \/>Nous vous r\u00e9pondrons dans les 2 heures ouvrables et dans les 8 heures non ouvrables.<\/p>\n\t\t\t\t\t\t\t\t\t\t\t\t\t\t\t\t\t\t<\/div>\n\t\t\t\t<\/div>\n\t\t\t\t\t\t\t\n\t\t\t\t<div class=\"wd-accordion-item\">\n\t\t\t\t\t<div class=\"wd-accordion-title\" data-accordion-index=\"4\">\n\t\t\t\t\t\t<div class=\"wd-accordion-title-text\">\n\t\t\t\t\t\t\t\t\t\t\t\t\t\t<span>\n\t\t\t\t\t\t\t\tComment v\u00e9rifier mon num\u00e9ro de commande et suivre mon colis ?\t\t\t\t\t\t\t<\/span>\n\t\t\t\t\t\t<\/div>\n\t\t\t\t\t\t<span class=\"wd-accordion-opener\"><\/span>\n\t\t\t\t\t<\/div>\n\n\t\t\t\t\t<div class=\"wd-accordion-content wd-entry-content\" data-accordion-index=\"4\">\n\t\t\t\t\t\t\t\t\t\t\t\t\t\n\t\t\t\t\t\t\t<p>Une fois le paiement effectu\u00e9, nous vous enverrons le<br \/>Vous recevrez votre num\u00e9ro de commande par e-mail et SMS dans les 24 \u00e0 48 heures. Une fois que vous aurez obtenu le num\u00e9ro de suivi, veuillez consulter la page \u00ab\u00a0Suivi de commande\u00a0\u00bb pour v\u00e9rifier les informations relatives \u00e0 votre colis ou contacter directement le service client pour obtenir des informations logistiques.<\/p>\n\t\t\t\t\t\t\t\t\t\t\t\t\t\t\t\t\t\t<\/div>\n\t\t\t\t<\/div>\n\t\t\t\t\t\t\t\n\t\t\t\t<div class=\"wd-accordion-item\">\n\t\t\t\t\t<div class=\"wd-accordion-title\" data-accordion-index=\"5\">\n\t\t\t\t\t\t<div class=\"wd-accordion-title-text\">\n\t\t\t\t\t\t\t\t\t\t\t\t\t\t<span>\n\t\t\t\t\t\t\t\tQuel est le d\u00e9lai de livraison ?\t\t\t\t\t\t\t<\/span>\n\t\t\t\t\t\t<\/div>\n\t\t\t\t\t\t<span class=\"wd-accordion-opener\"><\/span>\n\t\t\t\t\t<\/div>\n\n\t\t\t\t\t<div class=\"wd-accordion-content wd-entry-content\" data-accordion-index=\"5\">\n\t\t\t\t\t\t\t\t\t\t\t\t\t\n\t\t\t\t\t\t\t<p>18 \u00e0 30 jours (veuillez noter que certains pays ont<br \/>Moins de vols, les d\u00e9lais de livraison peuvent donc \u00eatre prolong\u00e9s.<\/p>\n\t\t\t\t\t\t\t\t\t\t\t\t\t\t\t\t\t\t<\/div>\n\t\t\t\t<\/div>\n\t\t\t\t\t\t\t\n\t\t\t\t<div class=\"wd-accordion-item\">\n\t\t\t\t\t<div class=\"wd-accordion-title\" data-accordion-index=\"6\">\n\t\t\t\t\t\t<div class=\"wd-accordion-title-text\">\n\t\t\t\t\t\t\t\t\t\t\t\t\t\t<span>\n\t\t\t\t\t\t\t\tVos poup\u00e9es sexuelles sont-elles \u00e9tanches ?\t\t\t\t\t\t\t<\/span>\n\t\t\t\t\t\t<\/div>\n\t\t\t\t\t\t<span class=\"wd-accordion-opener\"><\/span>\n\t\t\t\t\t<\/div>\n\n\t\t\t\t\t<div class=\"wd-accordion-content wd-entry-content\" data-accordion-index=\"6\">\n\t\t\t\t\t\t\t\t\t\t\t\t\t\n\t\t\t\t\t\t\t<p>&quot;Oui.<br \/>Mais si vous avez ajout\u00e9 des fonctions \u00e9lectriques \u00e0 votre poup\u00e9e, veuillez tenir les composants \u00e9lectriques \u00e9loign\u00e9s de l&#039;eau.<\/p>\n\t\t\t\t\t\t\t\t\t\t\t\t\t\t\t\t\t\t<\/div>\n\t\t\t\t<\/div>\n\t\t\t\t\t\t\t\n\t\t\t\t<div class=\"wd-accordion-item\">\n\t\t\t\t\t<div class=\"wd-accordion-title\" data-accordion-index=\"7\">\n\t\t\t\t\t\t<div class=\"wd-accordion-title-text\">\n\t\t\t\t\t\t\t\t\t\t\t\t\t\t<span>\n\t\t\t\t\t\t\t\tComment nettoyer les cheveux d&#039;une poup\u00e9e ?\t\t\t\t\t\t\t<\/span>\n\t\t\t\t\t\t<\/div>\n\t\t\t\t\t\t<span class=\"wd-accordion-opener\"><\/span>\n\t\t\t\t\t<\/div>\n\n\t\t\t\t\t<div class=\"wd-accordion-content wd-entry-content\" data-accordion-index=\"7\">\n\t\t\t\t\t\t\t\t\t\t\t\t\t\n\t\t\t\t\t\t\t<p>&quot;Peignez vos cheveux avec un peigne.&quot;<br \/>laver les cheveux avec du shampoing.<br \/>Essuyez-le avec une serviette.<br \/>Laissez-le \u00e0 l&#039;air libre jusqu&#039;\u00e0 ce qu&#039;il s\u00e8che.<\/p>\n\t\t\t\t\t\t\t\t\t\t\t\t\t\t\t\t\t\t<\/div>\n\t\t\t\t<\/div>\n\t\t\t\t\t\t\t\n\t\t\t\t<div class=\"wd-accordion-item\">\n\t\t\t\t\t<div class=\"wd-accordion-title\" data-accordion-index=\"8\">\n\t\t\t\t\t\t<div class=\"wd-accordion-title-text\">\n\t\t\t\t\t\t\t\t\t\t\t\t\t\t<span>\n\t\t\t\t\t\t\t\tComment entretenir une poup\u00e9e sexuelle ?\t\t\t\t\t\t\t<\/span>\n\t\t\t\t\t\t<\/div>\n\t\t\t\t\t\t<span class=\"wd-accordion-opener\"><\/span>\n\t\t\t\t\t<\/div>\n\n\t\t\t\t\t<div class=\"wd-accordion-content wd-entry-content\" data-accordion-index=\"8\">\n\t\t\t\t\t\t\t\t\t\t\t\t\t\n\t\t\t\t\t\t\t<p>Appliquer du talc pour b\u00e9b\u00e9<\/p>\n\t\t\t\t\t\t\t\t\t\t\t\t\t\t\t\t\t\t<\/div>\n\t\t\t\t<\/div>\n\t\t\t\t\t\t\t\n\t\t\t\t<div class=\"wd-accordion-item\">\n\t\t\t\t\t<div class=\"wd-accordion-title\" data-accordion-index=\"9\">\n\t\t\t\t\t\t<div class=\"wd-accordion-title-text\">\n\t\t\t\t\t\t\t\t\t\t\t\t\t\t<span>\n\t\t\t\t\t\t\t\tComment choisir le mat\u00e9riau ?\t\t\t\t\t\t\t<\/span>\n\t\t\t\t\t\t<\/div>\n\t\t\t\t\t\t<span class=\"wd-accordion-opener\"><\/span>\n\t\t\t\t\t<\/div>\n\n\t\t\t\t\t<div class=\"wd-accordion-content wd-entry-content\" data-accordion-index=\"9\">\n\t\t\t\t\t\t\t\t\t\t\t\t\t\n\t\t\t\t\t\t\t<p>&quot;Taux de similarit\u00e9 : t\u00eate en silicone dur &gt; t\u00eate en silicone souple &gt; t\u00eate en TPE ; corps en silicone dur &gt; corps en TPE&quot; Prix : t\u00eate en silicone dur &gt; t\u00eate en silicone souple &gt; t\u00eate en TPE ;<br \/>Veuillez consulter notre blog pour en savoir plus.<\/p>\n\t\t\t\t\t\t\t\t\t\t\t\t\t\t\t\t\t\t<\/div>\n\t\t\t\t<\/div>\n\t\t\t\t\t\t\t\n\t\t\t\t<div class=\"wd-accordion-item\">\n\t\t\t\t\t<div class=\"wd-accordion-title\" data-accordion-index=\"10\">\n\t\t\t\t\t\t<div class=\"wd-accordion-title-text\">\n\t\t\t\t\t\t\t\t\t\t\t\t\t\t<span>\n\t\t\t\t\t\t\t\tPourquoi la personnalisation est-elle si ch\u00e8re ?\t\t\t\t\t\t\t<\/span>\n\t\t\t\t\t\t<\/div>\n\t\t\t\t\t\t<span class=\"wd-accordion-opener\"><\/span>\n\t\t\t\t\t<\/div>\n\n\t\t\t\t\t<div class=\"wd-accordion-content wd-entry-content\" data-accordion-index=\"10\">\n\t\t\t\t\t\t\t\t\t\t\t\t\t\n\t\t\t\t\t\t\t<p>\u00ab La personnalisation n\u00e9cessite la cr\u00e9ation d&#039;un moule, ce qui est co\u00fbteux. \u00bb<br \/>Cette poup\u00e9e personnalis\u00e9e est fabriqu\u00e9e en silicone, un mat\u00e9riau plus durable et plus r\u00e9aliste que le TPEdoll.<br \/>Le taux de similarit\u00e9 de la poup\u00e9e personnalis\u00e9e est de 80%.<br \/>Le d\u00e9lai de production est de 40 jours et la v\u00e9rification vid\u00e9o avant l&#039;exp\u00e9dition est prise en charge.<\/p>\n\t\t\t\t\t\t\t\t\t\t\t\t\t\t\t\t\t\t<\/div>\n\t\t\t\t<\/div>\n\t\t\t\t\t<\/div>\n\t\t\t\t\t\t<\/div>\n\t\t\t\t<\/div>\n\t\t\t\t\t<\/div>\n\t\t\t\t<\/div>\n\t\t\t\t<\/div>","protected":false},"excerpt":{"rendered":"<p>Which payment method is accepted? Paypal and Alipay. If you want to pay by bank card, please contact customer service:dreammate1688@gmail.com<\/p>","protected":false},"author":1,"featured_media":0,"parent":0,"menu_order":0,"comment_status":"closed","ping_status":"closed","template":"","meta":{"_seopress_robots_primary_cat":"","_seopress_titles_title":"","_seopress_titles_desc":"","_seopress_robots_index":"","footnotes":""},"class_list":["post-1118","page","type-page","status-publish"],"_links":{"self":[{"href":"https:\/\/dreammate.shop\/fr\/wp-json\/wp\/v2\/pages\/1118","targetHints":{"allow":["GET"]}}],"collection":[{"href":"https:\/\/dreammate.shop\/fr\/wp-json\/wp\/v2\/pages"}],"about":[{"href":"https:\/\/dreammate.shop\/fr\/wp-json\/wp\/v2\/types\/page"}],"author":[{"embeddable":true,"href":"https:\/\/dreammate.shop\/fr\/wp-json\/wp\/v2\/users\/1"}],"replies":[{"embeddable":true,"href":"https:\/\/dreammate.shop\/fr\/wp-json\/wp\/v2\/comments?post=1118"}],"version-history":[{"count":6,"href":"https:\/\/dreammate.shop\/fr\/wp-json\/wp\/v2\/pages\/1118\/revisions"}],"predecessor-version":[{"id":1519,"href":"https:\/\/dreammate.shop\/fr\/wp-json\/wp\/v2\/pages\/1118\/revisions\/1519"}],"wp:attachment":[{"href":"https:\/\/dreammate.shop\/fr\/wp-json\/wp\/v2\/media?parent=1118"}],"curies":[{"name":"wp","href":"https:\/\/api.w.org\/{rel}","templated":true}]}}