{"id":14,"date":"2025-09-11T09:30:39","date_gmt":"2025-09-11T09:30:39","guid":{"rendered":"https:\/\/dreammate.shop\/about-us\/"},"modified":"2025-10-10T17:32:01","modified_gmt":"2025-10-10T09:32:01","slug":"a-propos-de-nous","status":"publish","type":"page","link":"https:\/\/dreammate.shop\/fr\/a-propos-de-nous\/","title":{"rendered":"\u00c0 propos de nous"},"content":{"rendered":"<div data-elementor-type=\"wp-page\" data-elementor-id=\"14\" class=\"elementor elementor-14\">\n\t\t\t\t<div class=\"wd-negative-gap elementor-element elementor-element-83b8669 e-flex e-con-boxed e-con e-parent\" data-id=\"83b8669\" data-element_type=\"container\" data-e-type=\"container\">\n\t\t\t\t\t<div class=\"e-con-inner\">\n\t\t\t\t<div class=\"elementor-element elementor-element-e959b59 elementor-widget elementor-widget-wd_image_or_svg\" data-id=\"e959b59\" data-element_type=\"widget\" data-e-type=\"widget\" data-widget_type=\"wd_image_or_svg.default\">\n\t\t\t\t<div class=\"elementor-widget-container\">\n\t\t\t\t\t\n\t\t<div class=\"wd-image text-left\">\n\t\t\t\t\t\t\t\t<img fetchpriority=\"high\" decoding=\"async\" width=\"1920\" height=\"1440\" src=\"https:\/\/dreammate.shop\/wp-content\/uploads\/2025\/10\/about3.jpg\" class=\"attachment-full size-full\" alt=\"\u00c0 propos de nous\" srcset=\"https:\/\/dreammate.shop\/wp-content\/uploads\/2025\/10\/about3.jpg 1920w, https:\/\/dreammate.shop\/wp-content\/uploads\/2025\/10\/about3-300x225.jpg 300w, https:\/\/dreammate.shop\/wp-content\/uploads\/2025\/10\/about3-1024x768.jpg 1024w, https:\/\/dreammate.shop\/wp-content\/uploads\/2025\/10\/about3-768x576.jpg 768w, https:\/\/dreammate.shop\/wp-content\/uploads\/2025\/10\/about3-1536x1152.jpg 1536w, https:\/\/dreammate.shop\/wp-content\/uploads\/2025\/10\/about3-16x12.jpg 16w, https:\/\/dreammate.shop\/wp-content\/uploads\/2025\/10\/about3-600x450.jpg 600w, https:\/\/dreammate.shop\/wp-content\/uploads\/2025\/10\/about3-100x75.jpg 100w\" sizes=\"(max-width: 1920px) 100vw, 1920px\" \/>\t\t\t\t\t<\/div>\n\n\t\t\t\t\t\t<\/div>\n\t\t\t\t<\/div>\n\t\t\t\t\t<\/div>\n\t\t\t\t<\/div>\n\t\t<div class=\"wd-negative-gap elementor-element elementor-element-26e926f e-flex e-con-boxed e-con e-parent\" data-id=\"26e926f\" data-element_type=\"container\" data-e-type=\"container\">\n\t\t\t\t\t<div class=\"e-con-inner\">\n\t\t\t\t<div class=\"elementor-element elementor-element-ef2f0a0 elementor-widget elementor-widget-heading\" data-id=\"ef2f0a0\" data-element_type=\"widget\" data-e-type=\"widget\" data-widget_type=\"heading.default\">\n\t\t\t\t\t<h2 class=\"elementor-heading-title elementor-size-default\">Bienvenue sur DreamMate<\/h2>\t\t\t\t<\/div>\n\t\t\t\t<div class=\"elementor-element elementor-element-f5e978f elementor-widget elementor-widget-wd_text_block\" data-id=\"f5e978f\" data-element_type=\"widget\" data-e-type=\"widget\" data-widget_type=\"wd_text_block.default\">\n\t\t\t\t<div class=\"elementor-widget-container\">\n\t\t\t\t\t\t\t<div class=\"wd-text-block reset-last-child text-center\">\n\t\t\t\n\t\t\t<p style=\"text-align: left;\">Bienvenue chez DreamMate, fabricant et fournisseur mondial de premier plan de poup\u00e9es en silicone haut de gamme, r\u00e9alis\u00e9es sur mesure. Nous sommes sp\u00e9cialis\u00e9s dans la cr\u00e9ation de compagnons ultra-r\u00e9alistes et artistiquement con\u00e7us pour les collectionneurs et passionn\u00e9s adultes du monde entier.<\/p><p style=\"text-align: left;\">Au c\u0153ur de notre mission se trouve un engagement envers un savoir-faire exceptionnel, l&#039;innovation et un profond respect des d\u00e9sirs individuels de nos clients, garantissant un toucher r\u00e9aliste, une durabilit\u00e9 \u00e0 toute \u00e9preuve et une exp\u00e9rience s\u00fbre et hypoallerg\u00e9nique.<\/p><p style=\"text-align: left;\">Ce qui nous distingue vraiment, c&#039;est notre passion pour la personnalisation. Nous savons que le lien affectif est unique \u00e0 chaque individu. C&#039;est pourquoi nous proposons un processus de personnalisation complet, vous permettant de cr\u00e9er le compagnon id\u00e9al. Des traits du visage \u00e0 la couleur des yeux et au teint, en passant par la morphologie, le maquillage et d&#039;innombrables autres d\u00e9tails, vous avez le contr\u00f4le total pour donner vie \u00e0 votre vision.<\/p>\n\t\t\t\t\t<\/div>\n\t\t\t\t\t\t<\/div>\n\t\t\t\t<\/div>\n\t\t\t\t\t<\/div>\n\t\t\t\t<\/div>\n\t\t<div class=\"wd-negative-gap elementor-element elementor-element-5e15cb6 e-flex e-con-boxed e-con e-parent\" data-id=\"5e15cb6\" data-element_type=\"container\" data-e-type=\"container\">\n\t\t\t\t\t<div class=\"e-con-inner\">\n\t\t<div class=\"elementor-element elementor-element-a65f4cd e-con-full e-flex e-con e-child\" data-id=\"a65f4cd\" data-element_type=\"container\" data-e-type=\"container\">\n\t\t\t\t<div class=\"elementor-element elementor-element-a8a4e55 elementor-widget elementor-widget-wd_image_or_svg\" data-id=\"a8a4e55\" data-element_type=\"widget\" data-e-type=\"widget\" data-widget_type=\"wd_image_or_svg.default\">\n\t\t\t\t<div class=\"elementor-widget-container\">\n\t\t\t\t\t\n\t\t<div class=\"wd-image text-left\">\n\t\t\t\t\t\t\t\t<img decoding=\"async\" width=\"800\" height=\"533\" src=\"https:\/\/dreammate.shop\/wp-content\/uploads\/2025\/09\/About-us-1.jpg\" class=\"attachment-full size-full\" alt=\"\u00c0 propos de Dreammate\" srcset=\"https:\/\/dreammate.shop\/wp-content\/uploads\/2025\/09\/About-us-1.jpg 800w, https:\/\/dreammate.shop\/wp-content\/uploads\/2025\/09\/About-us-1-100x67.jpg 100w, https:\/\/dreammate.shop\/wp-content\/uploads\/2025\/09\/About-us-1-600x400.jpg 600w, https:\/\/dreammate.shop\/wp-content\/uploads\/2025\/09\/About-us-1-300x200.jpg 300w, https:\/\/dreammate.shop\/wp-content\/uploads\/2025\/09\/About-us-1-768x512.jpg 768w\" sizes=\"(max-width: 800px) 100vw, 800px\" \/>\t\t\t\t\t<\/div>\n\n\t\t\t\t\t\t<\/div>\n\t\t\t\t<\/div>\n\t\t\t\t<\/div>\n\t\t<div class=\"elementor-element elementor-element-0bcc09e e-con-full e-flex e-con e-child\" data-id=\"0bcc09e\" data-element_type=\"container\" data-e-type=\"container\">\n\t\t\t\t<div class=\"elementor-element elementor-element-8d9c66b elementor-widget elementor-widget-heading\" data-id=\"8d9c66b\" data-element_type=\"widget\" data-e-type=\"widget\" data-widget_type=\"heading.default\">\n\t\t\t\t\t<h2 class=\"elementor-heading-title elementor-size-default\">Savoir-faire et r\u00e9alisme sup\u00e9rieurs<\/h2>\t\t\t\t<\/div>\n\t\t\t\t<div class=\"elementor-element elementor-element-8be194e elementor-widget elementor-widget-wd_text_block\" data-id=\"8be194e\" data-element_type=\"widget\" data-e-type=\"widget\" data-widget_type=\"wd_text_block.default\">\n\t\t\t\t<div class=\"elementor-widget-container\">\n\t\t\t\t\t\t\t<div class=\"wd-text-block reset-last-child text-left\">\n\t\t\t\n\t\t\t<p>Au c\u0153ur de chaque cr\u00e9ation DreamMate r\u00e9side un engagement ind\u00e9fectible envers un r\u00e9alisme et une qualit\u00e9 in\u00e9gal\u00e9s. Chaque poup\u00e9e est sculpt\u00e9e \u00e0 la main avec minutie par des artistes de renom et fabriqu\u00e9e en silicone platine de qualit\u00e9 m\u00e9dicale sup\u00e9rieure. Ce mat\u00e9riau garantit une texture de peau incroyablement r\u00e9aliste, une durabilit\u00e9 exceptionnelle et une exp\u00e9rience hypoallerg\u00e9nique et sans danger. Notre souci du d\u00e9tail se retrouve dans chaque aspect : de la peinture d\u00e9licate des veines et des taches de rousseur \u00e0 l&#039;articulation complexe d&#039;un squelette en alliage enti\u00e8rement mobile, permettant des poses naturelles et dynamiques.<\/p>\n\t\t\t\t\t<\/div>\n\t\t\t\t\t\t<\/div>\n\t\t\t\t<\/div>\n\t\t\t\t<\/div>\n\t\t\t\t\t<\/div>\n\t\t\t\t<\/div>\n\t\t<div class=\"wd-negative-gap elementor-element elementor-element-7d1484b e-flex e-con-boxed e-con e-parent\" data-id=\"7d1484b\" data-element_type=\"container\" data-e-type=\"container\">\n\t\t\t\t\t<div class=\"e-con-inner\">\n\t\t<div class=\"elementor-element elementor-element-3fe3169 e-con-full e-flex e-con e-child\" data-id=\"3fe3169\" data-element_type=\"container\" data-e-type=\"container\">\n\t\t\t\t<div class=\"elementor-element elementor-element-e425754 elementor-widget elementor-widget-wd_image_or_svg\" data-id=\"e425754\" data-element_type=\"widget\" data-e-type=\"widget\" data-widget_type=\"wd_image_or_svg.default\">\n\t\t\t\t<div class=\"elementor-widget-container\">\n\t\t\t\t\t\n\t\t<div class=\"wd-image text-left\">\n\t\t\t\t\t\t\t\t<img decoding=\"async\" width=\"800\" height=\"533\" src=\"https:\/\/dreammate.shop\/wp-content\/uploads\/2025\/09\/Workshop-3.jpg\" class=\"attachment-full size-full\" alt=\"\" srcset=\"https:\/\/dreammate.shop\/wp-content\/uploads\/2025\/09\/Workshop-3.jpg 800w, https:\/\/dreammate.shop\/wp-content\/uploads\/2025\/09\/Workshop-3-100x67.jpg 100w, https:\/\/dreammate.shop\/wp-content\/uploads\/2025\/09\/Workshop-3-600x400.jpg 600w, https:\/\/dreammate.shop\/wp-content\/uploads\/2025\/09\/Workshop-3-300x200.jpg 300w, https:\/\/dreammate.shop\/wp-content\/uploads\/2025\/09\/Workshop-3-768x512.jpg 768w\" sizes=\"(max-width: 800px) 100vw, 800px\" \/>\t\t\t\t\t<\/div>\n\n\t\t\t\t\t\t<\/div>\n\t\t\t\t<\/div>\n\t\t\t\t<\/div>\n\t\t<div class=\"elementor-element elementor-element-a5f27cf e-con-full e-flex e-con e-child\" data-id=\"a5f27cf\" data-element_type=\"container\" data-e-type=\"container\">\n\t\t\t\t<div class=\"elementor-element elementor-element-23758ec elementor-widget elementor-widget-heading\" data-id=\"23758ec\" data-element_type=\"widget\" data-e-type=\"widget\" data-widget_type=\"heading.default\">\n\t\t\t\t\t<h2 class=\"elementor-heading-title elementor-size-default\">Technologie et innovation<\/h2>\t\t\t\t<\/div>\n\t\t\t\t<div class=\"elementor-element elementor-element-3416896 elementor-widget elementor-widget-wd_text_block\" data-id=\"3416896\" data-element_type=\"widget\" data-e-type=\"widget\" data-widget_type=\"wd_text_block.default\">\n\t\t\t\t<div class=\"elementor-widget-container\">\n\t\t\t\t\t\t\t<div class=\"wd-text-block reset-last-child text-left\">\n\t\t\t\n\t\t\t<p>DreamMate int\u00e8gre des technologies de pointe pour am\u00e9liorer constamment ses produits. Nous utilisons la mod\u00e9lisation et la num\u00e9risation 3D avanc\u00e9es pour atteindre une pr\u00e9cision anatomique sans pr\u00e9c\u00e9dent. Notre \u00e9quipe de recherche et d\u00e9veloppement explore sans cesse de nouveaux mat\u00e9riaux et solutions d&#039;ing\u00e9nierie afin d&#039;optimiser la r\u00e9partition du poids, les sensations tactiles et la fonctionnalit\u00e9 globale, garantissant ainsi que chaque poup\u00e9e DreamMate soit \u00e0 la pointe de l&#039;industrie.<\/p>\n\t\t\t\t\t<\/div>\n\t\t\t\t\t\t<\/div>\n\t\t\t\t<\/div>\n\t\t\t\t<\/div>\n\t\t\t\t\t<\/div>\n\t\t\t\t<\/div>\n\t\t<div class=\"wd-negative-gap elementor-element elementor-element-3539047 e-flex e-con-boxed e-con e-parent\" data-id=\"3539047\" data-element_type=\"container\" data-e-type=\"container\">\n\t\t\t\t\t<div class=\"e-con-inner\">\n\t\t<div class=\"elementor-element elementor-element-6aa72e1 e-con-full e-flex e-con e-child\" data-id=\"6aa72e1\" data-element_type=\"container\" data-e-type=\"container\">\n\t\t\t\t<div class=\"elementor-element elementor-element-e522a77 elementor-widget elementor-widget-wd_image_or_svg\" data-id=\"e522a77\" data-element_type=\"widget\" data-e-type=\"widget\" data-widget_type=\"wd_image_or_svg.default\">\n\t\t\t\t<div class=\"elementor-widget-container\">\n\t\t\t\t\t\n\t\t<div class=\"wd-image text-left\">\n\t\t\t\t\t\t\t\t<img loading=\"lazy\" decoding=\"async\" width=\"800\" height=\"533\" src=\"https:\/\/dreammate.shop\/wp-content\/uploads\/2025\/09\/About-us-2.jpg\" class=\"attachment-full size-full\" alt=\"\u00c0 propos de Dreammate\" srcset=\"https:\/\/dreammate.shop\/wp-content\/uploads\/2025\/09\/About-us-2.jpg 800w, https:\/\/dreammate.shop\/wp-content\/uploads\/2025\/09\/About-us-2-100x67.jpg 100w, https:\/\/dreammate.shop\/wp-content\/uploads\/2025\/09\/About-us-2-600x400.jpg 600w, https:\/\/dreammate.shop\/wp-content\/uploads\/2025\/09\/About-us-2-300x200.jpg 300w, https:\/\/dreammate.shop\/wp-content\/uploads\/2025\/09\/About-us-2-768x512.jpg 768w\" sizes=\"(max-width: 800px) 100vw, 800px\" \/>\t\t\t\t\t<\/div>\n\n\t\t\t\t\t\t<\/div>\n\t\t\t\t<\/div>\n\t\t\t\t<\/div>\n\t\t<div class=\"elementor-element elementor-element-394bcb6 e-con-full e-flex e-con e-child\" data-id=\"394bcb6\" data-element_type=\"container\" data-e-type=\"container\">\n\t\t\t\t<div class=\"elementor-element elementor-element-a77994f elementor-widget elementor-widget-heading\" data-id=\"a77994f\" data-element_type=\"widget\" data-e-type=\"widget\" data-widget_type=\"heading.default\">\n\t\t\t\t\t<h2 class=\"elementor-heading-title elementor-size-default\">Service de personnalisation<\/h2>\t\t\t\t<\/div>\n\t\t\t\t<div class=\"elementor-element elementor-element-7f889bc elementor-widget elementor-widget-wd_text_block\" data-id=\"7f889bc\" data-element_type=\"widget\" data-e-type=\"widget\" data-widget_type=\"wd_text_block.default\">\n\t\t\t\t<div class=\"elementor-widget-container\">\n\t\t\t\t\t\t\t<div class=\"wd-text-block reset-last-child text-left\">\n\t\t\t\n\t\t\t<p>La qualit\u00e9 et la s\u00e9curit\u00e9 de nos clients sont nos priorit\u00e9s absolues. Notre processus de production comprend de multiples contr\u00f4les de qualit\u00e9, de l&#039;inspection des mati\u00e8res premi\u00e8res \u00e0 l&#039;emballage final, garantissant que chaque poup\u00e9e livr\u00e9e est impeccable et con\u00e7ue pour durer.<\/p>\n\t\t\t\t\t<\/div>\n\t\t\t\t\t\t<\/div>\n\t\t\t\t<\/div>\n\t\t\t\t<\/div>\n\t\t\t\t\t<\/div>\n\t\t\t\t<\/div>\n\t\t<div class=\"wd-negative-gap elementor-element elementor-element-39e400f e-flex e-con-boxed e-con e-parent\" data-id=\"39e400f\" data-element_type=\"container\" data-e-type=\"container\">\n\t\t\t\t\t<div class=\"e-con-inner\">\n\t\t<div class=\"elementor-element elementor-element-0032dd6 e-con-full e-flex e-con e-child\" data-id=\"0032dd6\" data-element_type=\"container\" data-e-type=\"container\">\n\t\t\t\t<div class=\"elementor-element elementor-element-f816158 elementor-widget elementor-widget-wd_image_or_svg\" data-id=\"f816158\" data-element_type=\"widget\" data-e-type=\"widget\" data-widget_type=\"wd_image_or_svg.default\">\n\t\t\t\t<div class=\"elementor-widget-container\">\n\t\t\t\t\t\n\t\t<div class=\"wd-image text-left\">\n\t\t\t\t\t\t\t\t<img loading=\"lazy\" decoding=\"async\" width=\"800\" height=\"533\" src=\"https:\/\/dreammate.shop\/wp-content\/uploads\/2025\/09\/Workshop-7.jpg\" class=\"attachment-full size-full\" alt=\"\" srcset=\"https:\/\/dreammate.shop\/wp-content\/uploads\/2025\/09\/Workshop-7.jpg 800w, https:\/\/dreammate.shop\/wp-content\/uploads\/2025\/09\/Workshop-7-100x67.jpg 100w, https:\/\/dreammate.shop\/wp-content\/uploads\/2025\/09\/Workshop-7-600x400.jpg 600w, https:\/\/dreammate.shop\/wp-content\/uploads\/2025\/09\/Workshop-7-300x200.jpg 300w, https:\/\/dreammate.shop\/wp-content\/uploads\/2025\/09\/Workshop-7-768x512.jpg 768w\" sizes=\"(max-width: 800px) 100vw, 800px\" \/>\t\t\t\t\t<\/div>\n\n\t\t\t\t\t\t<\/div>\n\t\t\t\t<\/div>\n\t\t\t\t<\/div>\n\t\t<div class=\"elementor-element elementor-element-d43dd85 e-con-full e-flex e-con e-child\" data-id=\"d43dd85\" data-element_type=\"container\" data-e-type=\"container\">\n\t\t\t\t<div class=\"elementor-element elementor-element-084e264 elementor-widget elementor-widget-heading\" data-id=\"084e264\" data-element_type=\"widget\" data-e-type=\"widget\" data-widget_type=\"heading.default\">\n\t\t\t\t\t<h2 class=\"elementor-heading-title elementor-size-default\">Engagement en mati\u00e8re de qualit\u00e9 et de s\u00e9curit\u00e9<\/h2>\t\t\t\t<\/div>\n\t\t\t\t<div class=\"elementor-element elementor-element-5a4a8f0 elementor-widget elementor-widget-wd_text_block\" data-id=\"5a4a8f0\" data-element_type=\"widget\" data-e-type=\"widget\" data-widget_type=\"wd_text_block.default\">\n\t\t\t\t<div class=\"elementor-widget-container\">\n\t\t\t\t\t\t\t<div class=\"wd-text-block reset-last-child text-left\">\n\t\t\t\n\t\t\t<p>La qualit\u00e9 et la s\u00e9curit\u00e9 de nos clients sont nos priorit\u00e9s absolues. Notre processus de production comprend de multiples contr\u00f4les de qualit\u00e9, de l&#039;inspection des mati\u00e8res premi\u00e8res \u00e0 l&#039;emballage final, garantissant que chaque poup\u00e9e livr\u00e9e est impeccable et con\u00e7ue pour durer.<\/p>\n\t\t\t\t\t<\/div>\n\t\t\t\t\t\t<\/div>\n\t\t\t\t<\/div>\n\t\t\t\t<\/div>\n\t\t\t\t\t<\/div>\n\t\t\t\t<\/div>\n\t\t<div class=\"wd-negative-gap elementor-element elementor-element-1fee13b e-flex e-con-boxed e-con e-parent\" data-id=\"1fee13b\" data-element_type=\"container\" data-e-type=\"container\">\n\t\t\t\t\t<div class=\"e-con-inner\">\n\t\t<div class=\"elementor-element elementor-element-302ef95 e-con-full e-flex e-con e-child\" data-id=\"302ef95\" data-element_type=\"container\" data-e-type=\"container\">\n\t\t\t\t<div class=\"elementor-element elementor-element-57848cf elementor-widget elementor-widget-wd_image_or_svg\" data-id=\"57848cf\" data-element_type=\"widget\" data-e-type=\"widget\" data-widget_type=\"wd_image_or_svg.default\">\n\t\t\t\t<div class=\"elementor-widget-container\">\n\t\t\t\t\t\n\t\t<div class=\"wd-image text-left\">\n\t\t\t\t\t\t\t\t<img loading=\"lazy\" decoding=\"async\" width=\"800\" height=\"533\" src=\"https:\/\/dreammate.shop\/wp-content\/uploads\/2025\/09\/About-us-4.jpg\" class=\"attachment-full size-full\" alt=\"\u00c0 propos de Dreammate\" srcset=\"https:\/\/dreammate.shop\/wp-content\/uploads\/2025\/09\/About-us-4.jpg 800w, https:\/\/dreammate.shop\/wp-content\/uploads\/2025\/09\/About-us-4-100x67.jpg 100w, https:\/\/dreammate.shop\/wp-content\/uploads\/2025\/09\/About-us-4-600x400.jpg 600w, https:\/\/dreammate.shop\/wp-content\/uploads\/2025\/09\/About-us-4-300x200.jpg 300w, https:\/\/dreammate.shop\/wp-content\/uploads\/2025\/09\/About-us-4-768x512.jpg 768w\" sizes=\"(max-width: 800px) 100vw, 800px\" \/>\t\t\t\t\t<\/div>\n\n\t\t\t\t\t\t<\/div>\n\t\t\t\t<\/div>\n\t\t\t\t<\/div>\n\t\t<div class=\"elementor-element elementor-element-e081330 e-con-full e-flex e-con e-child\" data-id=\"e081330\" data-element_type=\"container\" data-e-type=\"container\">\n\t\t\t\t<div class=\"elementor-element elementor-element-6d4d57b elementor-widget elementor-widget-heading\" data-id=\"6d4d57b\" data-element_type=\"widget\" data-e-type=\"widget\" data-widget_type=\"heading.default\">\n\t\t\t\t\t<h2 class=\"elementor-heading-title elementor-size-default\">Client\u00e8le mondiale et discr\u00e9tion<\/h2>\t\t\t\t<\/div>\n\t\t\t\t<div class=\"elementor-element elementor-element-696c5fc elementor-widget elementor-widget-wd_text_block\" data-id=\"696c5fc\" data-element_type=\"widget\" data-e-type=\"widget\" data-widget_type=\"wd_text_block.default\">\n\t\t\t\t<div class=\"elementor-widget-container\">\n\t\t\t\t\t\t\t<div class=\"wd-text-block reset-last-child text-left\">\n\t\t\t\n\t\t\t<p>Marque internationale de confiance, DreamMate est fi\u00e8re de servir une client\u00e8le diversifi\u00e9e \u00e0 travers le monde. Nous accordons une importance capitale au respect de la vie priv\u00e9e de nos clients. Toutes les transactions et exp\u00e9ditions sont trait\u00e9es avec la plus grande discr\u00e9tion, gr\u00e2ce \u00e0 un emballage neutre et s\u00e9curis\u00e9, afin de garantir une confidentialit\u00e9 totale et une exp\u00e9rience d&#039;achat respectueuse.<\/p>\n\t\t\t\t\t<\/div>\n\t\t\t\t\t\t<\/div>\n\t\t\t\t<\/div>\n\t\t\t\t<\/div>\n\t\t\t\t\t<\/div>\n\t\t\t\t<\/div>\n\t\t<div class=\"wd-negative-gap elementor-element elementor-element-a6db0e4 e-flex e-con-boxed e-con e-parent\" data-id=\"a6db0e4\" data-element_type=\"container\" data-e-type=\"container\">\n\t\t\t\t\t<div class=\"e-con-inner\">\n\t\t<div class=\"elementor-element elementor-element-40dcd76 e-con-full e-flex e-con e-child\" data-id=\"40dcd76\" data-element_type=\"container\" data-e-type=\"container\">\n\t\t\t\t<div class=\"elementor-element elementor-element-4fab4b5 elementor-widget elementor-widget-wd_image_or_svg\" data-id=\"4fab4b5\" data-element_type=\"widget\" data-e-type=\"widget\" data-widget_type=\"wd_image_or_svg.default\">\n\t\t\t\t<div class=\"elementor-widget-container\">\n\t\t\t\t\t\n\t\t<div class=\"wd-image text-left\">\n\t\t\t\t\t\t\t\t<img loading=\"lazy\" decoding=\"async\" width=\"800\" height=\"533\" src=\"https:\/\/dreammate.shop\/wp-content\/uploads\/2025\/09\/About-us-3.jpg\" class=\"attachment-800x600 size-800x600\" alt=\"\u00c0 propos de Dreammate\" srcset=\"https:\/\/dreammate.shop\/wp-content\/uploads\/2025\/09\/About-us-3.jpg 800w, https:\/\/dreammate.shop\/wp-content\/uploads\/2025\/09\/About-us-3-100x67.jpg 100w, https:\/\/dreammate.shop\/wp-content\/uploads\/2025\/09\/About-us-3-600x400.jpg 600w, https:\/\/dreammate.shop\/wp-content\/uploads\/2025\/09\/About-us-3-300x200.jpg 300w, https:\/\/dreammate.shop\/wp-content\/uploads\/2025\/09\/About-us-3-768x512.jpg 768w\" sizes=\"(max-width: 800px) 100vw, 800px\" \/>\t\t\t\t\t<\/div>\n\n\t\t\t\t\t\t<\/div>\n\t\t\t\t<\/div>\n\t\t\t\t<\/div>\n\t\t<div class=\"elementor-element elementor-element-f8118fe e-con-full e-flex e-con e-child\" data-id=\"f8118fe\" data-element_type=\"container\" data-e-type=\"container\">\n\t\t\t\t<div class=\"elementor-element elementor-element-b627cc0 elementor-widget elementor-widget-heading\" data-id=\"b627cc0\" data-element_type=\"widget\" data-e-type=\"widget\" data-widget_type=\"heading.default\">\n\t\t\t\t\t<h2 class=\"elementor-heading-title elementor-size-default\">Philosophie et valeurs de la marque<\/h2>\t\t\t\t<\/div>\n\t\t\t\t<div class=\"elementor-element elementor-element-1b45eca elementor-widget elementor-widget-wd_text_block\" data-id=\"1b45eca\" data-element_type=\"widget\" data-e-type=\"widget\" data-widget_type=\"wd_text_block.default\">\n\t\t\t\t<div class=\"elementor-widget-container\">\n\t\t\t\t\t\t\t<div class=\"wd-text-block reset-last-child text-left\">\n\t\t\t\n\t\t\t<p>DreamMate s&#039;appuie sur une philosophie fond\u00e9e sur l&#039;empathie, le respect et le savoir-faire artistique. Nous croyons au pouvoir positif de nos produits\u00a0: ils cr\u00e9ent du lien social, apaisent la solitude et constituent de v\u00e9ritables objets de collection. Nous nous engageons \u00e0 promouvoir une culture d&#039;inclusion, de compr\u00e9hension et des pratiques de fabrication \u00e9thiques au sein de notre secteur.<\/p>\n\t\t\t\t\t<\/div>\n\t\t\t\t\t\t<\/div>\n\t\t\t\t<\/div>\n\t\t\t\t<\/div>\n\t\t\t\t\t<\/div>\n\t\t\t\t<\/div>\n\t\t<div class=\"wd-negative-gap elementor-element elementor-element-f842233 wd-section-stretch-content e-flex e-con-boxed e-con e-parent\" data-id=\"f842233\" data-element_type=\"container\" data-e-type=\"container\" data-settings=\"{&quot;background_background&quot;:&quot;classic&quot;}\">\n\t\t\t\t\t<div class=\"e-con-inner\">\n\t\t<div class=\"elementor-element elementor-element-38f2432 e-con-full e-flex e-con e-child\" data-id=\"38f2432\" data-element_type=\"container\" data-e-type=\"container\">\n\t\t\t\t<div class=\"elementor-element elementor-element-d3fa456 elementor-widget elementor-widget-heading\" data-id=\"d3fa456\" data-element_type=\"widget\" data-e-type=\"widget\" data-widget_type=\"heading.default\">\n\t\t\t\t\t<h2 class=\"elementor-heading-title elementor-size-default\">Nous sommes fiers de<\/h2>\t\t\t\t<\/div>\n\t\t\t\t<div class=\"elementor-element elementor-element-543c3c3 elementor-widget__width-initial elementor-widget elementor-widget-wd_text_block\" data-id=\"543c3c3\" data-element_type=\"widget\" data-e-type=\"widget\" data-widget_type=\"wd_text_block.default\">\n\t\t\t\t<div class=\"elementor-widget-container\">\n\t\t\t\t\t\t\t<div class=\"wd-text-block reset-last-child text-center\">\n\t\t\t\n\t\t\t<p>DreamMate est bien plus qu&#039;une simple marque ; c&#039;est votre alli\u00e9 id\u00e9al pour cr\u00e9er votre partenaire unique et id\u00e9al.<\/p><p>DreamMate ne fabrique pas de jouets. Elle offre un rem\u00e8de \u00e0 la solitude.<\/p>\n\t\t\t\t\t<\/div>\n\t\t\t\t\t\t<\/div>\n\t\t\t\t<\/div>\n\t\t\t\t<div class=\"elementor-element elementor-element-92f0143 elementor-widget elementor-widget-wd_text_block\" data-id=\"92f0143\" data-element_type=\"widget\" data-e-type=\"widget\" data-widget_type=\"wd_text_block.default\">\n\t\t\t\t<div class=\"elementor-widget-container\">\n\t\t\t\t\t\t\t<div class=\"wd-text-block reset-last-child text-center\">\n\t\t\t\n\t\t\t<p>DreamMate \u2014 L\u00e0 o\u00f9 votre vision devient r\u00e9alit\u00e9.<\/p>\n\t\t\t\t\t<\/div>\n\t\t\t\t\t\t<\/div>\n\t\t\t\t<\/div>\n\t\t\t\t<\/div>\n\t\t\t\t\t<\/div>\n\t\t\t\t<\/div>\n\t\t\t\t<\/div>","protected":false},"excerpt":{"rendered":"<p>Welcome to DreamMate Welcome to DreamMate, a leading manufacturer and global provider of premium, custom-crafted silicone dolls. We specialize in<\/p>","protected":false},"author":1,"featured_media":0,"parent":0,"menu_order":0,"comment_status":"closed","ping_status":"closed","template":"","meta":{"_seopress_robots_primary_cat":"","_seopress_titles_title":"","_seopress_titles_desc":"","_seopress_robots_index":"","footnotes":""},"class_list":["post-14","page","type-page","status-publish"],"_links":{"self":[{"href":"https:\/\/dreammate.shop\/fr\/wp-json\/wp\/v2\/pages\/14","targetHints":{"allow":["GET"]}}],"collection":[{"href":"https:\/\/dreammate.shop\/fr\/wp-json\/wp\/v2\/pages"}],"about":[{"href":"https:\/\/dreammate.shop\/fr\/wp-json\/wp\/v2\/types\/page"}],"author":[{"embeddable":true,"href":"https:\/\/dreammate.shop\/fr\/wp-json\/wp\/v2\/users\/1"}],"replies":[{"embeddable":true,"href":"https:\/\/dreammate.shop\/fr\/wp-json\/wp\/v2\/comments?post=14"}],"version-history":[{"count":69,"href":"https:\/\/dreammate.shop\/fr\/wp-json\/wp\/v2\/pages\/14\/revisions"}],"predecessor-version":[{"id":6148,"href":"https:\/\/dreammate.shop\/fr\/wp-json\/wp\/v2\/pages\/14\/revisions\/6148"}],"wp:attachment":[{"href":"https:\/\/dreammate.shop\/fr\/wp-json\/wp\/v2\/media?parent=14"}],"curies":[{"name":"wp","href":"https:\/\/api.w.org\/{rel}","templated":true}]}}