{"id":3,"date":"2025-09-11T09:15:04","date_gmt":"2025-09-11T09:15:04","guid":{"rendered":"https:\/\/dreammate.shop\/?page_id=3"},"modified":"2025-09-27T10:41:29","modified_gmt":"2025-09-27T02:41:29","slug":"politique-de-confidentialite","status":"publish","type":"page","link":"https:\/\/dreammate.shop\/fr\/politique-de-confidentialite\/","title":{"rendered":"politique de confidentialit\u00e9"},"content":{"rendered":"<p>Chez DreamMate, nous prenons votre vie priv\u00e9e tr\u00e8s au s\u00e9rieux.<\/p>\n<p>La pr\u00e9sente politique de confidentialit\u00e9 explique comment https:\/\/dreammate.shop\/ utilise et prot\u00e8ge les informations que vous fournissez \u00e0 DreamMate lorsque vous utilisez ce site web.<\/p>\n<p><strong>\u00a0<\/strong><\/p>\n<h2><strong>Informations que nous recueillons<\/strong><\/h2>\n<p>Lorsque vous consultez notre site web, nous recueillons automatiquement certaines informations concernant votre appareil, notamment votre navigateur, votre adresse IP, votre fuseau horaire et les cookies install\u00e9s sur votre appareil. De plus, lors de votre navigation, nous pouvons collecter des informations sur les pages web ou les produits que vous consultez, le site web ou les termes de recherche qui vous ont conduit(e) sur notre site, ainsi que sur votre interaction avec celui-ci. Ces informations collect\u00e9es automatiquement sont appel\u00e9es \u00ab\u00a0Informations relatives \u00e0 l\u2019appareil\u00a0\u00bb.<\/p>\n<p>&nbsp;<\/p>\n<ul>\n<li>Informations personnelles : Lorsque vous effectuez un achat ou cr\u00e9ez un compte, nous recueillons des informations telles que votre nom, votre adresse de livraison, votre adresse \u00e9lectronique et votre num\u00e9ro de t\u00e9l\u00e9phone.<\/li>\n<li>Informations de paiement\u00a0: Nous utilisons des prestataires de paiement tiers (par exemple, PayPal, cartes bancaires, etc.). Nous ne conservons pas les informations relatives \u00e0 votre carte bancaire sur nos serveurs.<\/li>\n<li>Donn\u00e9es techniques : Nous collectons automatiquement des informations telles que votre adresse IP, le type de navigateur et votre comportement de navigation sur notre site Web gr\u00e2ce aux cookies et aux technologies similaires.<\/li>\n<\/ul>\n<p>&nbsp;<\/p>\n<p>De plus, lorsque vous effectuez ou tentez d&#039;effectuer un achat sur le Site, nous recueillons certaines informations vous concernant, notamment vos nom et pr\u00e9nom, votre adresse de facturation, votre adresse de livraison, vos informations de paiement (num\u00e9ro de carte bancaire, compte PayPal, adresse BitPay, etc.), votre adresse e-mail et votre num\u00e9ro de t\u00e9l\u00e9phone. Ces informations, appel\u00e9es \u00ab\u00a0Informations de commande\u00a0\u00bb, ne sont partag\u00e9es avec aucun tiers.<\/p>\n<p>&nbsp;<\/p>\n<h2><strong>Comment nous utilisons vos informations<\/strong><\/h2>\n<p>Nous utilisons les informations que nous recueillons aux fins suivantes\u00a0:<\/p>\n<ul>\n<li>Traiter et ex\u00e9cuter vos commandes, y compris l&#039;exp\u00e9dition et le service client.<\/li>\n<li>Nous communiquerons avec vous au sujet de vos commandes, de votre compte ou de nos promotions.<\/li>\n<li>Pr\u00e9venir la fraude et assurer la s\u00e9curit\u00e9 de notre site web.<\/li>\n<\/ul>\n<p>&nbsp;<\/p>\n<h2><strong>Partage de vos informations<\/strong><\/h2>\n<p>Nous respectons votre vie priv\u00e9e. Nous ne vendons ni ne louons vos informations personnelles \u00e0 des tiers. Nous ne partageons vos informations qu&#039;avec des tiers de confiance dans les circonstances suivantes\u00a0:<\/p>\n<p>Prestataires de services\u00a0: entreprises avec lesquelles nous collaborons pour g\u00e9rer notre activit\u00e9, comme les transporteurs (par exemple, FedEx, DHL) et les prestataires de services de paiement. Ces partenaires sont tenus de garantir la confidentialit\u00e9 de vos informations.<\/p>\n<p>&nbsp;<\/p>\n<h2><strong>Conservation des donn\u00e9es<\/strong><\/h2>\n<p>Nous ne conserverons vos renseignements personnels que pendant la dur\u00e9e n\u00e9cessaire \u00e0 la r\u00e9alisation des fins d\u00e9crites dans la pr\u00e9sente politique de confidentialit\u00e9, \u00e0 moins qu\u2019une p\u00e9riode de conservation plus longue ne soit requise ou permise par la loi.<\/p>\n<p>&nbsp;<\/p>\n<h2><strong>Vos droits<\/strong><\/h2>\n<p>Selon votre lieu de r\u00e9sidence, vous pouvez disposer des droits suivants concernant vos donn\u00e9es personnelles\u00a0:<\/p>\n<p>&nbsp;<\/p>\n<ul>\n<li>Acc\u00e8s et rectification : Le droit d\u2019acc\u00e9der \u00e0 vos informations personnelles et de les mettre \u00e0 jour.<\/li>\n<li>Suppression : Le droit de demander la suppression de vos donn\u00e9es personnelles.<\/li>\n<li>D\u00e9sabonnement aux communications marketing\u00a0: Vous pouvez vous d\u00e9sabonner de nos e-mails marketing \u00e0 tout moment en cliquant sur le lien \u00ab\u00a0se d\u00e9sabonner\u00a0\u00bb figurant dans l\u2019e-mail.<\/li>\n<\/ul>\n<p>Pour exercer ces droits, veuillez nous contacter \u00e0 [votre adresse e-mail d&#039;assistance].<\/p>\n<p>&nbsp;<\/p>\n<h2><strong>Protection de la vie priv\u00e9e des enfants<\/strong><\/h2>\n<p>Nos services ne sont pas destin\u00e9s aux personnes de moins de 18 ans. Nous ne recueillons pas sciemment d&#039;informations personnelles aupr\u00e8s d&#039;enfants. Si vous \u00eates un parent ou un tuteur et pensez que votre enfant nous a communiqu\u00e9 des informations personnelles, veuillez nous contacter.<\/p>\n<p>&nbsp;<\/p>\n<h2><strong>Contactez-nous<\/strong><\/h2>\n<p>Si vous avez des questions concernant ces conditions d&#039;utilisation ou notre politique de confidentialit\u00e9, veuillez nous contacter \u00e0 l&#039;adresse suivante\u00a0:<\/p>\n<p><strong>WhatsApp : <a href=\"https:\/\/wa.me\/85266156070\" target=\"_blank\" rel=\"noopener\">+852 6615 6070<\/a><\/strong><\/p>\n<p><strong>E-mail:<\/strong> <a href=\"mailto:dreammate1688@gmail.com\"><strong>dreammate1688@gmail.com<\/strong><\/a><\/p>","protected":false},"excerpt":{"rendered":"<p>At DreamMate, we take your privacy very seriously. This Privacy Policy sets out how https:\/\/dreammate.shop\/\u00a0 uses and protects any information<\/p>","protected":false},"author":1,"featured_media":0,"parent":0,"menu_order":0,"comment_status":"closed","ping_status":"open","template":"","meta":{"_seopress_robots_primary_cat":"","_seopress_titles_title":"","_seopress_titles_desc":"","_seopress_robots_index":"","footnotes":""},"class_list":["post-3","page","type-page","status-publish"],"_links":{"self":[{"href":"https:\/\/dreammate.shop\/fr\/wp-json\/wp\/v2\/pages\/3","targetHints":{"allow":["GET"]}}],"collection":[{"href":"https:\/\/dreammate.shop\/fr\/wp-json\/wp\/v2\/pages"}],"about":[{"href":"https:\/\/dreammate.shop\/fr\/wp-json\/wp\/v2\/types\/page"}],"author":[{"embeddable":true,"href":"https:\/\/dreammate.shop\/fr\/wp-json\/wp\/v2\/users\/1"}],"replies":[{"embeddable":true,"href":"https:\/\/dreammate.shop\/fr\/wp-json\/wp\/v2\/comments?post=3"}],"version-history":[{"count":4,"href":"https:\/\/dreammate.shop\/fr\/wp-json\/wp\/v2\/pages\/3\/revisions"}],"predecessor-version":[{"id":1533,"href":"https:\/\/dreammate.shop\/fr\/wp-json\/wp\/v2\/pages\/3\/revisions\/1533"}],"wp:attachment":[{"href":"https:\/\/dreammate.shop\/fr\/wp-json\/wp\/v2\/media?parent=3"}],"curies":[{"name":"wp","href":"https:\/\/api.w.org\/{rel}","templated":true}]}}