{"id":930,"date":"2025-09-23T10:20:56","date_gmt":"2025-09-23T02:20:56","guid":{"rendered":"https:\/\/dreammate.shop\/?page_id=930"},"modified":"2025-09-27T16:46:47","modified_gmt":"2025-09-27T08:46:47","slug":"conditions-dutilisation","status":"publish","type":"page","link":"https:\/\/dreammate.shop\/fr\/conditions-dutilisation\/","title":{"rendered":"Conditions d&#039;utilisation"},"content":{"rendered":"<p>Aper\u00e7u Derni\u00e8re mise \u00e0 jour : 27 septembre 2025<br \/>\nCe site web est exploit\u00e9 par DreamMate. Sur l&#039;ensemble du site, les termes \u00ab nous \u00bb, \u00ab notre \u00bb et \u00ab nos \u00bb font r\u00e9f\u00e9rence \u00e0 DreamMate. DreamMate vous propose ce site web, ainsi que l&#039;ensemble des informations, outils et services disponibles sur ce site, sous r\u00e9serve de votre acceptation de l&#039;int\u00e9gralit\u00e9 des conditions g\u00e9n\u00e9rales, politiques et mentions l\u00e9gales \u00e9nonc\u00e9es ici.<\/p>\n<h2><strong>Article 1 : Acceptation des conditions<\/strong><\/h2>\n<p>Veuillez lire attentivement les pr\u00e9sentes Conditions d&#039;utilisation avant d&#039;acc\u00e9der \u00e0 notre site web ou de l&#039;utiliser. En acc\u00e9dant \u00e0 une partie quelconque du site ou en l&#039;utilisant, vous acceptez d&#039;\u00eatre li\u00e9 par les pr\u00e9sentes Conditions d&#039;utilisation. Si vous n&#039;acceptez pas l&#039;int\u00e9gralit\u00e9 des conditions g\u00e9n\u00e9rales du pr\u00e9sent accord, vous ne pouvez pas acc\u00e9der au site web ni utiliser les services. Si les pr\u00e9sentes Conditions d&#039;utilisation sont consid\u00e9r\u00e9es comme une offre, l&#039;acceptation est express\u00e9ment limit\u00e9e \u00e0 ces Conditions d&#039;utilisation.<\/p>\n<h2><strong>Article 2 : Exigences relatives au produit<\/strong><\/h2>\n<p>Nous vendons des poup\u00e9es en silicone plus vraies que nature et leurs accessoires. Tous nos produits sont destin\u00e9s aux collectionneurs adultes et \u00e0 un usage priv\u00e9 uniquement. En achetant nos produits, vous confirmez avoir au moins 18 ans (ou l&#039;\u00e2ge de la majorit\u00e9 dans votre pays).<\/p>\n<h2><strong>Article 3 : Restrictions et utilisations interdites<\/strong><\/h2>\n<p>Ce site web appartient exclusivement \u00e0 DreamMate. Sans autorisation \u00e9crite de DreamMate, il est interdit de copier, reproduire, plagier ou utiliser tout contenu de ce site web \u00e0 des fins commerciales, ainsi que de publier ou de diffuser tout contenu de ce site web sur d&#039;autres sites web.<br \/>\nOutre les autres interdictions \u00e9nonc\u00e9es dans les Conditions d&#039;utilisation, il vous est interdit d&#039;utiliser le site ou son contenu\u00a0:<br \/>\n(a) \u00e0 des fins ill\u00e9gales;<br \/>\nb) solliciter d\u2019autres personnes \u00e0 accomplir ou \u00e0 participer \u00e0 des actes ill\u00e9gaux;<br \/>\n(c) enfreindre toute r\u00e9glementation, r\u00e8gle, loi ou ordonnance locale internationale, f\u00e9d\u00e9rale, provinciale ou \u00e9tatique\u00a0;<br \/>\nd) porter atteinte \u00e0 nos droits de propri\u00e9t\u00e9 intellectuelle ou aux droits de propri\u00e9t\u00e9 intellectuelle d\u2019autrui ;<br \/>\n(e) harceler, maltraiter, insulter, nuire, diffamer, calomnier, d\u00e9nigrer, intimider ou discriminer en fonction du sexe, de l\u2019orientation sexuelle, de la religion, de l\u2019origine ethnique, de la race, de l\u2019\u00e2ge, de l\u2019origine nationale ou du handicap;<br \/>\n(f) soumettre des informations fausses ou trompeuses;<br \/>\n(g) t\u00e9l\u00e9charger ou transmettre des virus ou tout autre type de code malveillant qui pourrait ou sera utilis\u00e9 pour affecter la fonctionnalit\u00e9 ou le fonctionnement du Service ou de tout site Web connexe, d&#039;autres sites Web ou d&#039;Internet\u00a0;<br \/>\nh) recueillir ou suivre les renseignements personnels d\u2019autrui;<br \/>\n(i) spammer, phishing, pharming, pretext, spider, crawl ou scrape ;<br \/>\n(j) \u00e0 des fins obsc\u00e8nes ou immorales;<br \/>\n(k) interf\u00e9rer avec ou contourner les dispositifs de s\u00e9curit\u00e9 du Service ou de tout site Web connexe, d\u2019autres sites Web ou d\u2019Internet.<br \/>\nNous nous r\u00e9servons le droit de mettre fin \u00e0 votre utilisation du Service ou de tout site web associ\u00e9 en cas de violation de l&#039;une des utilisations interdites.<\/p>\n<h2><strong>Article 4 : Politiques de service apr\u00e8s-vente<\/strong><\/h2>\n<p>Les produits propos\u00e9s en ligne sur le site web sont soumis aux politiques suivantes\u00a0:<\/p>\n<ol>\n<li>politique de confidentialit\u00e9<\/li>\n<li>Politique d&#039;exp\u00e9dition et de livraison<\/li>\n<li>Politique de retour<\/li>\n<\/ol>\n<h2><strong>Article 5 : Exclusion de responsabilit\u00e9 ; Limitation de responsabilit\u00e9<\/strong><\/h2>\n<p>Nous ne garantissons, ne d\u00e9clarons ni n&#039;assurons que votre utilisation de notre service sera ininterrompue, opportune, s\u00e9curis\u00e9e ou exempte d&#039;erreurs.<br \/>\nNous ne garantissons pas que les r\u00e9sultats obtenus gr\u00e2ce \u00e0 l&#039;utilisation de ce service seront exacts ou fiables.<br \/>\nVous acceptez que nous puissions suspendre le service pour une dur\u00e9e ind\u00e9termin\u00e9e ou l&#039;annuler \u00e0 tout moment, sans pr\u00e9avis.<br \/>\nVous acceptez express\u00e9ment que l&#039;utilisation du service, ou l&#039;incapacit\u00e9 de l&#039;utiliser, se fasse \u00e0 vos propres risques. Le service et tous les produits et services qui vous sont fournis par son interm\u00e9diaire (sauf indication contraire expresse de notre part) sont fournis \u00ab\u00a0en l&#039;\u00e9tat\u00a0\u00bb et \u00ab\u00a0selon leur disponibilit\u00e9\u00a0\u00bb, sans aucune d\u00e9claration, garantie ou condition de quelque nature que ce soit, expresse ou implicite, y compris toutes les garanties ou conditions implicites de qualit\u00e9 marchande, d&#039;ad\u00e9quation \u00e0 un usage particulier, de durabilit\u00e9, de propri\u00e9t\u00e9 et d&#039;absence de contrefa\u00e7on.<br \/>\nEn aucun cas, DreamMate, ses administrateurs, dirigeants, employ\u00e9s, soci\u00e9t\u00e9s affili\u00e9es, agents, sous-traitants, stagiaires, fournisseurs, prestataires de services ou conc\u00e9dants de licence ne pourront \u00eatre tenus responsables de tout pr\u00e9judice, perte, r\u00e9clamation ou dommage direct, indirect, accessoire, punitif, sp\u00e9cial ou cons\u00e9cutif de quelque nature que ce soit, y compris, sans limitation, les pertes de profits, de revenus, d&#039;\u00e9conomies, de donn\u00e9es, les co\u00fbts de remplacement ou tout dommage similaire, qu&#039;il soit fond\u00e9 sur un contrat, un d\u00e9lit (y compris la n\u00e9gligence), une responsabilit\u00e9 stricte ou autre, d\u00e9coulant de votre utilisation de tout service ou de tout produit acquis par le biais du service, ou pour toute autre r\u00e9clamation li\u00e9e de quelque mani\u00e8re que ce soit \u00e0 votre utilisation du service ou de tout produit, y compris, mais sans s&#039;y limiter, toute erreur ou omission dans tout contenu, ou toute perte ou tout dommage de quelque nature que ce soit subi \u00e0 la suite de l&#039;utilisation du service ou de tout contenu (ou produit) publi\u00e9, transmis ou autrement mis \u00e0 disposition par le biais du service, m\u00eame si leur possibilit\u00e9 a \u00e9t\u00e9 signal\u00e9e.<\/p>\n<h2><strong>Article 6 : Droits de propri\u00e9t\u00e9 intellectuelle<\/strong><\/h2>\n<p>L&#039;ensemble du contenu de ce site web, y compris les images, les textes et les logos, est notre propri\u00e9t\u00e9 et prot\u00e9g\u00e9 par les lois sur le droit d&#039;auteur. Vous ne pouvez pas utiliser notre contenu sans notre autorisation \u00e9crite pr\u00e9alable.<\/p>\n<h2><strong>Article 7 : Modifications des conditions<\/strong><\/h2>\n<p>Nous nous r\u00e9servons le droit de modifier les pr\u00e9sentes Conditions d&#039;utilisation \u00e0 tout moment. Les modifications seront publi\u00e9es sur cette page et la date de \u00ab\u00a0Derni\u00e8re mise \u00e0 jour\u00a0\u00bb sera modifi\u00e9e en cons\u00e9quence.<\/p>\n<h2><strong>D\u00e9claration de propri\u00e9t\u00e9<\/strong><\/h2>\n<p>Ce site web est la propri\u00e9t\u00e9 de DreamMate et est exploit\u00e9 par cette derni\u00e8re.<\/p>","protected":false},"excerpt":{"rendered":"<p>Overview Last Updated: September 27, 2025 This website is operated by DreamMate. Throughout the site, the terms \u201cwe,\u201d \u201cus,\u201d and<\/p>","protected":false},"author":1,"featured_media":0,"parent":0,"menu_order":0,"comment_status":"closed","ping_status":"closed","template":"","meta":{"_seopress_robots_primary_cat":"","_seopress_titles_title":"","_seopress_titles_desc":"","_seopress_robots_index":"","footnotes":""},"class_list":["post-930","page","type-page","status-publish"],"_links":{"self":[{"href":"https:\/\/dreammate.shop\/fr\/wp-json\/wp\/v2\/pages\/930","targetHints":{"allow":["GET"]}}],"collection":[{"href":"https:\/\/dreammate.shop\/fr\/wp-json\/wp\/v2\/pages"}],"about":[{"href":"https:\/\/dreammate.shop\/fr\/wp-json\/wp\/v2\/types\/page"}],"author":[{"embeddable":true,"href":"https:\/\/dreammate.shop\/fr\/wp-json\/wp\/v2\/users\/1"}],"replies":[{"embeddable":true,"href":"https:\/\/dreammate.shop\/fr\/wp-json\/wp\/v2\/comments?post=930"}],"version-history":[{"count":2,"href":"https:\/\/dreammate.shop\/fr\/wp-json\/wp\/v2\/pages\/930\/revisions"}],"predecessor-version":[{"id":1583,"href":"https:\/\/dreammate.shop\/fr\/wp-json\/wp\/v2\/pages\/930\/revisions\/1583"}],"wp:attachment":[{"href":"https:\/\/dreammate.shop\/fr\/wp-json\/wp\/v2\/media?parent=930"}],"curies":[{"name":"wp","href":"https:\/\/api.w.org\/{rel}","templated":true}]}}